{"id":66057,"date":"2026-04-01T20:57:40","date_gmt":"2026-04-01T19:57:40","guid":{"rendered":"https:\/\/bigbuy.tupique.com\/produto\/induction-hot-plate-electrolux-eit61336ct-7200-w\/"},"modified":"2026-04-15T07:03:53","modified_gmt":"2026-04-15T06:03:53","slug":"induction-hot-plate-electrolux-eit61336ct-7200-w","status":"publish","type":"product","link":"https:\/\/bigbuy.tupique.com\/es\/produto\/induction-hot-plate-electrolux-eit61336ct-7200-w\/","title":{"rendered":"Plaque \u00e0 Induction Electrolux EIT61336CT 7200 W"},"content":{"rendered":"<p>Si vous \u00eates \u00e0 la recherche de nouvelles tendances sur le march\u00e9, nous vous pr\u00e9sentons <b>Plaque \u00e0 Induction Electrolux EIT61336CT 7200 W<\/b> !<\/p>\n<ul>\n<li>Type: Plaque \u00e0 Induction<\/li>\n<li>Produit \u00e0 brancher: Oui<\/li>\n<li>Caract\u00e9ristiques: Finition mate<\/li>\n<li>Type de prise: Prise EU<\/li>\n<li>Bloc d\u2019Alimentation:\n<ul>\n<li>r\u00e9seau \u00e9lectrique<\/li>\n<li>\u00c9lectrique<\/li>\n<\/ul>\n<\/li>\n<li>Couleur: Noir<\/li>\n<li>Fonctions:\n<ul>\n<li>Minuterie<\/li>\n<li>Contr\u00f4le de la temp\u00e9rature<\/li>\n<li>Commande tactile<\/li>\n<\/ul>\n<\/li>\n<li>Finition: Mat<\/li>\n<li>Niveaux de puissance: 9<\/li>\n<li>Zones de cuisson: 3<\/li>\n<li>Inclut:\n<ul>\n<li>Manuel d\u2019utilisation<\/li>\n<li>Plaque<\/li>\n<\/ul>\n<\/li>\n<li>puissance: 7200 W<\/li>\n<li>Contr\u00f4le: Touch Control<\/li>\n<li>Type d&#8217;installation: Encastrable<\/li>\n<li>Connectivit\u00e9: No<\/li>\n<li>Mati\u00e8re:\n<ul>\n<li>Vitroc\u00e9ramique<\/li>\n<li>Verre c\u00e9ramique<\/li>\n<\/ul>\n<\/li>\n<\/ul>","protected":false},"excerpt":{"rendered":"<p>Si vous \u00eates \u00e0 la recherche de nouvelles tendances sur le march\u00e9, nous vous pr\u00e9sentons Plaque \u00e0 Induction Electrolux EIT61336CT 7200 W ! Type: Plaque \u00e0 Induction Produit \u00e0 brancher: Oui Caract\u00e9ristiques: Finition mate Type de prise: Prise EU Bloc d\u2019Alimentation: r\u00e9seau \u00e9lectrique \u00c9lectrique Couleur: Noir Fonctions: Minuterie Contr\u00f4le de la temp\u00e9rature Commande tactile Finition: [&hellip;]<\/p>\n","protected":false},"featured_media":66053,"comment_status":"open","ping_status":"closed","template":"","meta":[],"product_brand":[1249],"product_cat":[60,77,78],"product_tag":[55,56],"class_list":{"0":"post-66057","1":"product","2":"type-product","3":"status-publish","4":"has-post-thumbnail","6":"product_brand-brandp_907","7":"product_cat-cuisine-gourmet","8":"product_cat-petit-electromenager","9":"product_cat-plaques-de-cuisson","10":"product_tag-tag_926","11":"product_tag-tag_930","13":"first","14":"instock","15":"taxable","16":"shipping-taxable","17":"purchasable","18":"product-type-simple"},"_links":{"self":[{"href":"https:\/\/bigbuy.tupique.com\/es\/wp-json\/wp\/v2\/product\/66057","targetHints":{"allow":["GET"]}}],"collection":[{"href":"https:\/\/bigbuy.tupique.com\/es\/wp-json\/wp\/v2\/product"}],"about":[{"href":"https:\/\/bigbuy.tupique.com\/es\/wp-json\/wp\/v2\/types\/product"}],"replies":[{"embeddable":true,"href":"https:\/\/bigbuy.tupique.com\/es\/wp-json\/wp\/v2\/comments?post=66057"}],"wp:featuredmedia":[{"embeddable":true,"href":"https:\/\/bigbuy.tupique.com\/es\/wp-json\/wp\/v2\/media\/66053"}],"wp:attachment":[{"href":"https:\/\/bigbuy.tupique.com\/es\/wp-json\/wp\/v2\/media?parent=66057"}],"wp:term":[{"taxonomy":"product_brand","embeddable":true,"href":"https:\/\/bigbuy.tupique.com\/es\/wp-json\/wp\/v2\/product_brand?post=66057"},{"taxonomy":"product_cat","embeddable":true,"href":"https:\/\/bigbuy.tupique.com\/es\/wp-json\/wp\/v2\/product_cat?post=66057"},{"taxonomy":"product_tag","embeddable":true,"href":"https:\/\/bigbuy.tupique.com\/es\/wp-json\/wp\/v2\/product_tag?post=66057"}],"curies":[{"name":"wp","href":"https:\/\/api.w.org\/{rel}","templated":true}]}}