{"id":65979,"date":"2026-04-01T20:55:36","date_gmt":"2026-04-01T19:55:36","guid":{"rendered":"https:\/\/bigbuy.tupique.com\/produto\/camera-stabiliser-for-smartphone-hohem-hpg-m7\/"},"modified":"2026-04-15T19:41:23","modified_gmt":"2026-04-15T18:41:23","slug":"camera-stabiliser-for-smartphone-hohem-hpg-m7","status":"publish","type":"product","link":"https:\/\/bigbuy.tupique.com\/es\/produto\/camera-stabiliser-for-smartphone-hohem-hpg-m7\/","title":{"rendered":"Stabilisateur de Cam\u00e9ra pour Smartphone Hohem HPG-M7"},"content":{"rendered":"<p>Si vous \u00eates passionn\u00e9 d&#8217;<b>informatique et d&#8217;\u00e9lectronique<\/b>, si vous \u00eates \u00e0 la pointe de la technologie et qu&#8217;aucun d\u00e9tail ne vous \u00e9chappe, achetez <b>Stabilisateur de Cam\u00e9ra pour Smartphone Hohem HPG-M7<\/b> au meilleur prix.<\/p>\n<ul>\n<li>Couleur: Noir<\/li>\n<li>Temps de charge approx.: 3 heures<\/li>\n<li>Angle: 360\u00ba<\/li>\n<li>Caract\u00e9ristiques: Batterie int\u00e9gr\u00e9e<\/li>\n<li>Type de batterie: Litio Ion<\/li>\n<li>Capacit\u00e9 de la batterie: 3200 mAh<\/li>\n<\/ul>","protected":false},"excerpt":{"rendered":"<p>Si vous \u00eates passionn\u00e9 d&#8217;informatique et d&#8217;\u00e9lectronique, si vous \u00eates \u00e0 la pointe de la technologie et qu&#8217;aucun d\u00e9tail ne vous \u00e9chappe, achetez Stabilisateur de Cam\u00e9ra pour Smartphone Hohem HPG-M7 au meilleur prix. Couleur: Noir Temps de charge approx.: 3 heures Angle: 360\u00ba Caract\u00e9ristiques: Batterie int\u00e9gr\u00e9e Type de batterie: Litio Ion Capacit\u00e9 de la batterie: [&hellip;]<\/p>\n","protected":false},"featured_media":65965,"comment_status":"open","ping_status":"closed","template":"","meta":[],"product_brand":[1661],"product_cat":[601,600,65],"product_tag":[571,210],"class_list":{"0":"post-65979","1":"product","2":"type-product","3":"status-publish","4":"has-post-thumbnail","6":"product_brand-brandp_10922","7":"product_cat-accessoires-pour-appareils-photo-et-camescopes","8":"product_cat-electronique-photo-et-video","9":"product_cat-informatique-electronique","10":"product_tag-tag_27","11":"product_tag-tag_25","13":"first","14":"instock","15":"taxable","16":"shipping-taxable","17":"purchasable","18":"product-type-simple"},"_links":{"self":[{"href":"https:\/\/bigbuy.tupique.com\/es\/wp-json\/wp\/v2\/product\/65979","targetHints":{"allow":["GET"]}}],"collection":[{"href":"https:\/\/bigbuy.tupique.com\/es\/wp-json\/wp\/v2\/product"}],"about":[{"href":"https:\/\/bigbuy.tupique.com\/es\/wp-json\/wp\/v2\/types\/product"}],"replies":[{"embeddable":true,"href":"https:\/\/bigbuy.tupique.com\/es\/wp-json\/wp\/v2\/comments?post=65979"}],"wp:featuredmedia":[{"embeddable":true,"href":"https:\/\/bigbuy.tupique.com\/es\/wp-json\/wp\/v2\/media\/65965"}],"wp:attachment":[{"href":"https:\/\/bigbuy.tupique.com\/es\/wp-json\/wp\/v2\/media?parent=65979"}],"wp:term":[{"taxonomy":"product_brand","embeddable":true,"href":"https:\/\/bigbuy.tupique.com\/es\/wp-json\/wp\/v2\/product_brand?post=65979"},{"taxonomy":"product_cat","embeddable":true,"href":"https:\/\/bigbuy.tupique.com\/es\/wp-json\/wp\/v2\/product_cat?post=65979"},{"taxonomy":"product_tag","embeddable":true,"href":"https:\/\/bigbuy.tupique.com\/es\/wp-json\/wp\/v2\/product_tag?post=65979"}],"curies":[{"name":"wp","href":"https:\/\/api.w.org\/{rel}","templated":true}]}}