{"id":65915,"date":"2026-04-01T20:42:28","date_gmt":"2026-04-01T19:42:28","guid":{"rendered":"https:\/\/bigbuy.tupique.com\/produto\/stick-vacuum-cleaner-dreame-z20\/"},"modified":"2026-04-15T07:02:05","modified_gmt":"2026-04-15T06:02:05","slug":"stick-vacuum-cleaner-dreame-z20","status":"publish","type":"product","link":"https:\/\/bigbuy.tupique.com\/es\/produto\/stick-vacuum-cleaner-dreame-z20\/","title":{"rendered":"Aspirateur balai Dreame Z20"},"content":{"rendered":"<p>Si vous recherchez des \u00e9lectrom\u00e9nagers pour votre maison aux meilleurs prix, ne manquez pas <b>Aspirateur balai Dreame Z20<\/b> et une large s\u00e9lection de petits \u00e9lectrom\u00e9nagers de qualit\u00e9 !<\/p>\n<p>Le <b>Dreame Z20<\/b> est un <b>aspirateur balai<\/b> sans fil offrant des performances avanc\u00e9es pour le nettoyage quotidien, alliant technologie de pointe et design fonctionnel pour r\u00e9pondre aux besoins des foyers recherchant efficacit\u00e9 et confort. Son puissant <b>moteur de 715W<\/b>, atteignant <b>140 000 tr\/min<\/b>, assure une <b>aspiration de 250 AW<\/b> qui \u00e9limine efficacement la salet\u00e9 incrust\u00e9e sur les <b>tapis<\/b> comme sur les <b>sols durs<\/b>. Il dispose d\u2019une <b>batterie longue dur\u00e9e<\/b> offrant jusqu\u2019\u00e0 <b>90 minutes d\u2019autonomie<\/b>, id\u00e9ale pour nettoyer de grandes surfaces, avec une recharge compl\u00e8te en seulement 4 heures. Le r\u00e9servoir \u00e0 poussi\u00e8re de <b>600 ml<\/b> permet d\u2019aspirer plusieurs pi\u00e8ces sans vidange fr\u00e9quente, tandis que le syst\u00e8me de <b>filtre HEPA H14<\/b> capture jusqu\u2019\u00e0 <b>99,99 % des particules<\/b>, y compris celles de seulement 0,3 micron, pour un environnement plus sain et moins d\u2019allerg\u00e8nes. Le Dreame Z20 est \u00e9quip\u00e9 d\u2019un <b>\u00e9cran int\u00e9gr\u00e9<\/b> facilitant le suivi de l\u2019\u00e9tat de la batterie et des modes de nettoyage, et propose des <b>brosses interchangeables<\/b> qui, associ\u00e9es \u00e0 la technologie CelesTect\u2122, r\u00e9v\u00e8lent la poussi\u00e8re cach\u00e9e, permettant d\u2019adapter le nettoyage \u00e0 chaque surface et besoin. Son design l\u00e9ger, pesant seulement 2,19 kg avec une finition \u00e9l\u00e9gante en <b>noir<\/b>, garantit maniabilit\u00e9 et facilit\u00e9 d\u2019utilisation, m\u00eame dans les zones difficiles d\u2019acc\u00e8s. Fonctionnant \u00e0 sec et enti\u00e8rement aliment\u00e9 par batterie, il \u00e9limine les contraintes des c\u00e2bles et offre une exp\u00e9rience de nettoyage confortable et flexible. L\u2019ensemble de ces caract\u00e9ristiques fait du Dreame Z20 un choix avanc\u00e9 pour ceux qui recherchent un aspirateur balai performant, polyvalent et robuste, pr\u00eat \u00e0 relever les d\u00e9fis du nettoyage moderne \u00e0 domicile.<\/p>\n<ul>\n<li>Type de prise: Prise EU<\/li>\n<li>Produit \u00e0 brancher: Oui<\/li>\n<li>Type:\n<ul>\n<li>Aspirateur balai<\/li>\n<li>Sec<\/li>\n<\/ul>\n<\/li>\n<li>Mati\u00e8re: Plastique<\/li>\n<li>Indice de r\u00e9parabilit\u00e9: 8.5<\/li>\n<li>\u00c9lev\u00e9: 16,5 cm<\/li>\n<li>Dimensions approx.: 38,1 cm<\/li>\n<li>Aspiration:\n<ul>\n<li>250 aw<\/li>\n<li>25000 Pa<\/li>\n<li>28000 pa<\/li>\n<\/ul>\n<\/li>\n<li>Caract\u00e9ristiques:\n<ul>\n<li>Avec r\u00e9servoir<\/li>\n<li>\u00c9cran integr\u00e9<\/li>\n<li>Filtre<\/li>\n<li>Filtre HEPA<\/li>\n<\/ul>\n<\/li>\n<li>Moteur: Sans brosse<\/li>\n<li>Poids approx.: 2,2 kg<\/li>\n<li>Capacit\u00e9 de la batterie: 2850 mAh<\/li>\n<li>puissance: 250 W<\/li>\n<li>Bloc d\u2019Alimentation:\n<ul>\n<li>r\u00e9seau \u00e9lectrique<\/li>\n<li>Batterie<\/li>\n<\/ul>\n<\/li>\n<li>Couleur: Noir<\/li>\n<li>Capacit\u00e9: 600 ml<\/li>\n<li>Temps de charge approx.: 4 heures<\/li>\n<li>Tension: 25,2 V<\/li>\n<li>Inclut:\n<ul>\n<li>Voyant lumineux<\/li>\n<li>Manuel de l&#8217;utilisateur<\/li>\n<li>Sac \u00e0 poussi\u00e8re<\/li>\n<\/ul>\n<\/li>\n<li>Fonctionne \u00e0 piles: 1 Litio Ion, incluidas<\/li>\n<li>Autonomie approx.: 90 minutes<\/li>\n<\/ul>","protected":false},"excerpt":{"rendered":"<p><span class=\"unit-info\">61.1650 &euro; \/ 100 ml<\/span><\/p>","protected":false},"featured_media":65872,"comment_status":"open","ping_status":"closed","template":"","meta":[],"product_brand":[860],"product_cat":[762,239,240],"product_tag":[56,210],"class_list":{"0":"post-65915","1":"product","2":"type-product","3":"status-publish","4":"has-post-thumbnail","6":"product_brand-brandp_4590","7":"product_cat-aspirateurs-et-robots","8":"product_cat-maison-jardin","9":"product_cat-nettoyage-aspirateur-et-repassage","10":"product_tag-tag_930","11":"product_tag-tag_25","13":"first","14":"instock","15":"taxable","16":"shipping-taxable","17":"purchasable","18":"product-type-simple"},"_links":{"self":[{"href":"https:\/\/bigbuy.tupique.com\/es\/wp-json\/wp\/v2\/product\/65915","targetHints":{"allow":["GET"]}}],"collection":[{"href":"https:\/\/bigbuy.tupique.com\/es\/wp-json\/wp\/v2\/product"}],"about":[{"href":"https:\/\/bigbuy.tupique.com\/es\/wp-json\/wp\/v2\/types\/product"}],"replies":[{"embeddable":true,"href":"https:\/\/bigbuy.tupique.com\/es\/wp-json\/wp\/v2\/comments?post=65915"}],"wp:featuredmedia":[{"embeddable":true,"href":"https:\/\/bigbuy.tupique.com\/es\/wp-json\/wp\/v2\/media\/65872"}],"wp:attachment":[{"href":"https:\/\/bigbuy.tupique.com\/es\/wp-json\/wp\/v2\/media?parent=65915"}],"wp:term":[{"taxonomy":"product_brand","embeddable":true,"href":"https:\/\/bigbuy.tupique.com\/es\/wp-json\/wp\/v2\/product_brand?post=65915"},{"taxonomy":"product_cat","embeddable":true,"href":"https:\/\/bigbuy.tupique.com\/es\/wp-json\/wp\/v2\/product_cat?post=65915"},{"taxonomy":"product_tag","embeddable":true,"href":"https:\/\/bigbuy.tupique.com\/es\/wp-json\/wp\/v2\/product_tag?post=65915"}],"curies":[{"name":"wp","href":"https:\/\/api.w.org\/{rel}","templated":true}]}}