{"id":65871,"date":"2026-04-01T20:41:08","date_gmt":"2026-04-01T19:41:08","guid":{"rendered":"https:\/\/bigbuy.tupique.com\/produto\/glass-ceramic-hob-balay-3eb731lq-3500-w\/"},"modified":"2026-04-15T07:01:27","modified_gmt":"2026-04-15T06:01:27","slug":"glass-ceramic-hob-balay-3eb731lq-3500-w","status":"publish","type":"product","link":"https:\/\/bigbuy.tupique.com\/es\/produto\/glass-ceramic-hob-balay-3eb731lq-3500-w\/","title":{"rendered":"Plaques Vitro-C\u00e9ramiques Balay 3EB731LQ 3500 W"},"content":{"rendered":"<p>Si vous pensez r\u00e9nover votre cuisine, achetez <b>Plaques Vitro-C\u00e9ramiques Balay 3EB731LQ 3500 W<\/b> et d\u00b4autres <b>produits Balay<\/b> !<\/p>\n<ul>\n<li>Type:\n<ul>\n<li>Plaque \u00e0 Induction<\/li>\n<li>Plaques Vitro-C\u00e9ramiques<\/li>\n<\/ul>\n<\/li>\n<li>Produit \u00e0 brancher: Oui<\/li>\n<li>Largeur: 30 cm<\/li>\n<li>Caract\u00e9ristiques: Finition mate<\/li>\n<li>Type de prise: Prise EU<\/li>\n<li>Bloc d\u2019Alimentation:\n<ul>\n<li>r\u00e9seau \u00e9lectrique<\/li>\n<li>\u00c9lectrique<\/li>\n<\/ul>\n<\/li>\n<li>puissance: 3500 W<\/li>\n<li>Niveaux de puissance: 17<\/li>\n<li>Zones de cuisson: 2<\/li>\n<li>Couleur: Noir<\/li>\n<li>Finition: Mat<\/li>\n<li>Mati\u00e8re:\n<ul>\n<li>Vitroc\u00e9ramique<\/li>\n<li>Vere biseaut\u00e9<\/li>\n<\/ul>\n<\/li>\n<li>Inclut: Manuel d\u2019utilisation<\/li>\n<li>Contr\u00f4le: Tactile<\/li>\n<li>Fonctions:\n<ul>\n<li>17<\/li>\n<li>Commande tactile<\/li>\n<\/ul>\n<\/li>\n<li>Type d&#8217;installation: Sur le plan de travail<\/li>\n<li>\u00c9lev\u00e9: 4,5 cm<\/li>\n<li>Connectivit\u00e9: No<\/li>\n<\/ul>","protected":false},"excerpt":{"rendered":"<p>Si vous pensez r\u00e9nover votre cuisine, achetez Plaques Vitro-C\u00e9ramiques Balay 3EB731LQ 3500 W et d\u00b4autres produits Balay ! Type: Plaque \u00e0 Induction Plaques Vitro-C\u00e9ramiques Produit \u00e0 brancher: Oui Largeur: 30 cm Caract\u00e9ristiques: Finition mate Type de prise: Prise EU Bloc d\u2019Alimentation: r\u00e9seau \u00e9lectrique \u00c9lectrique puissance: 3500 W Niveaux de puissance: 17 Zones de cuisson: 2 [&hellip;]<\/p>\n","protected":false},"featured_media":65870,"comment_status":"open","ping_status":"closed","template":"","meta":[],"product_brand":[114],"product_cat":[60,77,78],"product_tag":[55,56],"class_list":{"0":"post-65871","1":"product","2":"type-product","3":"status-publish","4":"has-post-thumbnail","6":"product_brand-brandp_1251","7":"product_cat-cuisine-gourmet","8":"product_cat-petit-electromenager","9":"product_cat-plaques-de-cuisson","10":"product_tag-tag_926","11":"product_tag-tag_930","13":"first","14":"instock","15":"taxable","16":"shipping-taxable","17":"purchasable","18":"product-type-simple"},"_links":{"self":[{"href":"https:\/\/bigbuy.tupique.com\/es\/wp-json\/wp\/v2\/product\/65871","targetHints":{"allow":["GET"]}}],"collection":[{"href":"https:\/\/bigbuy.tupique.com\/es\/wp-json\/wp\/v2\/product"}],"about":[{"href":"https:\/\/bigbuy.tupique.com\/es\/wp-json\/wp\/v2\/types\/product"}],"replies":[{"embeddable":true,"href":"https:\/\/bigbuy.tupique.com\/es\/wp-json\/wp\/v2\/comments?post=65871"}],"wp:featuredmedia":[{"embeddable":true,"href":"https:\/\/bigbuy.tupique.com\/es\/wp-json\/wp\/v2\/media\/65870"}],"wp:attachment":[{"href":"https:\/\/bigbuy.tupique.com\/es\/wp-json\/wp\/v2\/media?parent=65871"}],"wp:term":[{"taxonomy":"product_brand","embeddable":true,"href":"https:\/\/bigbuy.tupique.com\/es\/wp-json\/wp\/v2\/product_brand?post=65871"},{"taxonomy":"product_cat","embeddable":true,"href":"https:\/\/bigbuy.tupique.com\/es\/wp-json\/wp\/v2\/product_cat?post=65871"},{"taxonomy":"product_tag","embeddable":true,"href":"https:\/\/bigbuy.tupique.com\/es\/wp-json\/wp\/v2\/product_tag?post=65871"}],"curies":[{"name":"wp","href":"https:\/\/api.w.org\/{rel}","templated":true}]}}