{"id":65869,"date":"2026-04-01T20:41:05","date_gmt":"2026-04-01T19:41:05","guid":{"rendered":"https:\/\/bigbuy.tupique.com\/produto\/gas-hob-bosch-prb3a6i40-30-cm\/"},"modified":"2026-04-15T07:01:26","modified_gmt":"2026-04-15T06:01:26","slug":"gas-hob-bosch-prb3a6i40-30-cm","status":"publish","type":"product","link":"https:\/\/bigbuy.tupique.com\/es\/produto\/gas-hob-bosch-prb3a6i40-30-cm\/","title":{"rendered":"Plaque au gaz BOSCH PRB3A6I40 30 cm"},"content":{"rendered":"<p>Si vous pensez r\u00e9nover votre cuisine, achetez <b>Plaque au gaz BOSCH PRB3A6I40 30 cm<\/b> et d\u00b4autres <b>produits BOSCH<\/b> !<\/p>\n<ul>\n<li>Type:\n<ul>\n<li>Plaque \u00e0 Induction<\/li>\n<li>Plaque au gaz<\/li>\n<li>Int\u00e9gr\u00e9<\/li>\n<\/ul>\n<\/li>\n<li>Produit \u00e0 brancher: Oui<\/li>\n<li>Type de prise: Prise EU<\/li>\n<li>Bloc d\u2019Alimentation:\n<ul>\n<li>r\u00e9seau \u00e9lectrique<\/li>\n<li>Gaz<\/li>\n<\/ul>\n<\/li>\n<li>Zones de cuisson: 2<\/li>\n<li>Couleur: Noir<\/li>\n<li>Mati\u00e8re:\n<ul>\n<li>Acier inoxydable<\/li>\n<li>verre<\/li>\n<\/ul>\n<\/li>\n<li>Largeur: 30 cm<\/li>\n<li>Caract\u00e9ristiques: Facile \u00e0 nettoyer<\/li>\n<li>Forme: Rond<\/li>\n<li>Tension:\n<ul>\n<li>240 V<\/li>\n<li>220-240 V<\/li>\n<\/ul>\n<\/li>\n<li>Niveaux de puissance: 9<\/li>\n<li>Longueur du c\u00e2ble: 1 m<\/li>\n<li>Inclut:\n<ul>\n<li>Manuel d\u2019utilisation<\/li>\n<li>Gaz Naturel<\/li>\n<\/ul>\n<\/li>\n<li>Contr\u00f4le: Plaque Tournante<\/li>\n<li>Fr\u00e9quence d&#8217;entr\u00e9e AC: 50-60 Hz<\/li>\n<li>Type d&#8217;installation: Sur le plan de travail<\/li>\n<li>Design: Unisexe<\/li>\n<li>\u00c9lev\u00e9: 4,5 cm<\/li>\n<li>\u00c9cran integr\u00e9: Non<\/li>\n<li>Connectivit\u00e9: No<\/li>\n<li>Fonctions: Contr\u00f4le de la temp\u00e9rature<\/li>\n<\/ul>\n<p>Informations importantes: En ce qui concerne le raccordement au gaz, il convient de respecter les r\u00e9glementations nationales en vigueur..<\/p>","protected":false},"excerpt":{"rendered":"<p>Si vous pensez r\u00e9nover votre cuisine, achetez Plaque au gaz BOSCH PRB3A6I40 30 cm et d\u00b4autres produits BOSCH ! Type: Plaque \u00e0 Induction Plaque au gaz Int\u00e9gr\u00e9 Produit \u00e0 brancher: Oui Type de prise: Prise EU Bloc d\u2019Alimentation: r\u00e9seau \u00e9lectrique Gaz Zones de cuisson: 2 Couleur: Noir Mati\u00e8re: Acier inoxydable verre Largeur: 30 cm Caract\u00e9ristiques: [&hellip;]<\/p>\n","protected":false},"featured_media":65861,"comment_status":"open","ping_status":"closed","template":"","meta":[],"product_brand":[162],"product_cat":[60,77,78],"product_tag":[55,56],"class_list":{"0":"post-65869","1":"product","2":"type-product","3":"status-publish","4":"has-post-thumbnail","6":"product_brand-brandp_959","7":"product_cat-cuisine-gourmet","8":"product_cat-petit-electromenager","9":"product_cat-plaques-de-cuisson","10":"product_tag-tag_926","11":"product_tag-tag_930","13":"first","14":"instock","15":"taxable","16":"shipping-taxable","17":"purchasable","18":"product-type-simple"},"_links":{"self":[{"href":"https:\/\/bigbuy.tupique.com\/es\/wp-json\/wp\/v2\/product\/65869","targetHints":{"allow":["GET"]}}],"collection":[{"href":"https:\/\/bigbuy.tupique.com\/es\/wp-json\/wp\/v2\/product"}],"about":[{"href":"https:\/\/bigbuy.tupique.com\/es\/wp-json\/wp\/v2\/types\/product"}],"replies":[{"embeddable":true,"href":"https:\/\/bigbuy.tupique.com\/es\/wp-json\/wp\/v2\/comments?post=65869"}],"wp:featuredmedia":[{"embeddable":true,"href":"https:\/\/bigbuy.tupique.com\/es\/wp-json\/wp\/v2\/media\/65861"}],"wp:attachment":[{"href":"https:\/\/bigbuy.tupique.com\/es\/wp-json\/wp\/v2\/media?parent=65869"}],"wp:term":[{"taxonomy":"product_brand","embeddable":true,"href":"https:\/\/bigbuy.tupique.com\/es\/wp-json\/wp\/v2\/product_brand?post=65869"},{"taxonomy":"product_cat","embeddable":true,"href":"https:\/\/bigbuy.tupique.com\/es\/wp-json\/wp\/v2\/product_cat?post=65869"},{"taxonomy":"product_tag","embeddable":true,"href":"https:\/\/bigbuy.tupique.com\/es\/wp-json\/wp\/v2\/product_tag?post=65869"}],"curies":[{"name":"wp","href":"https:\/\/api.w.org\/{rel}","templated":true}]}}