{"id":65832,"date":"2026-04-01T20:39:59","date_gmt":"2026-04-01T19:39:59","guid":{"rendered":"https:\/\/bigbuy.tupique.com\/produto\/vaporeta-steam-cleaner-rowenta-gz5736\/"},"modified":"2026-04-15T07:01:15","modified_gmt":"2026-04-15T06:01:15","slug":"vaporeta-steam-cleaner-rowenta-gz5736","status":"publish","type":"product","link":"https:\/\/bigbuy.tupique.com\/es\/produto\/vaporeta-steam-cleaner-rowenta-gz5736\/","title":{"rendered":"Nettoyeur vapeur Vaporeta Rowenta GZ5736"},"content":{"rendered":"<p>Si vous \u00eates \u00e0 la recherche de nouvelles tendances sur le march\u00e9, nous vous pr\u00e9sentons <b>Nettoyeur vapeur Vaporeta Rowenta GZ5736<\/b> !<\/p>\n<ul>\n<li>Couleur: Noir<\/li>\n<li>Largeur: 30 cm<\/li>\n<li>Caract\u00e9ristiques:\n<ul>\n<li>Interrupteur marche\/arr\u00eat<\/li>\n<li>\u00c9cran integr\u00e9<\/li>\n<li>Humide et sec<\/li>\n<\/ul>\n<\/li>\n<li>Forme: Rectangulaire<\/li>\n<li>Bloc d\u2019Alimentation: Batterie<\/li>\n<li>Technologie: LED<\/li>\n<li>Type de prise: Type C<\/li>\n<li>Fr\u00e9quence: 50 &#8211; 60 Hz<\/li>\n<li>Contr\u00f4le: \u00c9lectronique<\/li>\n<li>Tension: 220-240 V<\/li>\n<li>Autonomie approx.: 50 minutes<\/li>\n<\/ul>","protected":false},"excerpt":{"rendered":"<p>Si vous \u00eates \u00e0 la recherche de nouvelles tendances sur le march\u00e9, nous vous pr\u00e9sentons Nettoyeur vapeur Vaporeta Rowenta GZ5736 ! Couleur: Noir Largeur: 30 cm Caract\u00e9ristiques: Interrupteur marche\/arr\u00eat \u00c9cran integr\u00e9 Humide et sec Forme: Rectangulaire Bloc d\u2019Alimentation: Batterie Technologie: LED Type de prise: Type C Fr\u00e9quence: 50 &#8211; 60 Hz Contr\u00f4le: \u00c9lectronique Tension: 220-240 [&hellip;]<\/p>\n","protected":false},"featured_media":65828,"comment_status":"open","ping_status":"closed","template":"","meta":[],"product_brand":[1638],"product_cat":[239,741,240],"product_tag":[210],"class_list":{"0":"post-65832","1":"product","2":"type-product","3":"status-publish","4":"has-post-thumbnail","6":"product_brand-brandp_917","7":"product_cat-maison-jardin","8":"product_cat-nettoyage-a-la-vapeur","9":"product_cat-nettoyage-aspirateur-et-repassage","10":"product_tag-tag_25","12":"first","13":"instock","14":"taxable","15":"shipping-taxable","16":"purchasable","17":"product-type-simple"},"_links":{"self":[{"href":"https:\/\/bigbuy.tupique.com\/es\/wp-json\/wp\/v2\/product\/65832","targetHints":{"allow":["GET"]}}],"collection":[{"href":"https:\/\/bigbuy.tupique.com\/es\/wp-json\/wp\/v2\/product"}],"about":[{"href":"https:\/\/bigbuy.tupique.com\/es\/wp-json\/wp\/v2\/types\/product"}],"replies":[{"embeddable":true,"href":"https:\/\/bigbuy.tupique.com\/es\/wp-json\/wp\/v2\/comments?post=65832"}],"wp:featuredmedia":[{"embeddable":true,"href":"https:\/\/bigbuy.tupique.com\/es\/wp-json\/wp\/v2\/media\/65828"}],"wp:attachment":[{"href":"https:\/\/bigbuy.tupique.com\/es\/wp-json\/wp\/v2\/media?parent=65832"}],"wp:term":[{"taxonomy":"product_brand","embeddable":true,"href":"https:\/\/bigbuy.tupique.com\/es\/wp-json\/wp\/v2\/product_brand?post=65832"},{"taxonomy":"product_cat","embeddable":true,"href":"https:\/\/bigbuy.tupique.com\/es\/wp-json\/wp\/v2\/product_cat?post=65832"},{"taxonomy":"product_tag","embeddable":true,"href":"https:\/\/bigbuy.tupique.com\/es\/wp-json\/wp\/v2\/product_tag?post=65832"}],"curies":[{"name":"wp","href":"https:\/\/api.w.org\/{rel}","templated":true}]}}