{"id":65805,"date":"2026-04-01T20:39:17","date_gmt":"2026-04-01T19:39:17","guid":{"rendered":"https:\/\/bigbuy.tupique.com\/produto\/induction-hot-plate-aeg-tr84it00fb-7350-w\/"},"modified":"2026-04-15T06:27:24","modified_gmt":"2026-04-15T05:27:24","slug":"induction-hot-plate-aeg-tr84it00fb-7350-w","status":"publish","type":"product","link":"https:\/\/bigbuy.tupique.com\/es\/produto\/induction-hot-plate-aeg-tr84it00fb-7350-w\/","title":{"rendered":"Plaque \u00e0 Induction AEG TR84IT00FB 7350 W"},"content":{"rendered":"<p>Si vous \u00eates \u00e0 la recherche de nouvelles tendances sur le march\u00e9, nous vous pr\u00e9sentons <b>Plaque \u00e0 Induction AEG TR84IT00FB 7350 W<\/b> !<\/p>\n<ul>\n<li>Type: Plaque \u00e0 Induction<\/li>\n<li>Produit \u00e0 brancher: Oui<\/li>\n<li>Type de prise: Prise EU<\/li>\n<li>Caract\u00e9ristiques: Finition mate<\/li>\n<li>Bloc d\u2019Alimentation:\n<ul>\n<li>r\u00e9seau \u00e9lectrique<\/li>\n<li>\u00c9lectrique<\/li>\n<\/ul>\n<\/li>\n<li>puissance: 7350 W<\/li>\n<li>Zones de cuisson: 6<\/li>\n<li>Couleur: Noir<\/li>\n<li>Type d&#8217;installation: Int\u00e9grable<\/li>\n<li>Finition: Mat<\/li>\n<li>Niveaux de puissance: 9<\/li>\n<li>Mati\u00e8re: Vitroc\u00e9ramique<\/li>\n<li>Inclut: Manuel d\u2019utilisation<\/li>\n<li>Contr\u00f4le: Tactile<\/li>\n<li>\u00c9lev\u00e9: 4,5 cm<\/li>\n<li>Connectivit\u00e9: No<\/li>\n<li>Fonctions: Commande tactile<\/li>\n<\/ul>","protected":false},"excerpt":{"rendered":"<p>Si vous \u00eates \u00e0 la recherche de nouvelles tendances sur le march\u00e9, nous vous pr\u00e9sentons Plaque \u00e0 Induction AEG TR84IT00FB 7350 W ! Type: Plaque \u00e0 Induction Produit \u00e0 brancher: Oui Type de prise: Prise EU Caract\u00e9ristiques: Finition mate Bloc d\u2019Alimentation: r\u00e9seau \u00e9lectrique \u00c9lectrique puissance: 7350 W Zones de cuisson: 6 Couleur: Noir Type d&#8217;installation: [&hellip;]<\/p>\n","protected":false},"featured_media":65804,"comment_status":"open","ping_status":"closed","template":"","meta":[],"product_brand":[1386],"product_cat":[60,77,78],"product_tag":[55,56],"class_list":{"0":"post-65805","1":"product","2":"type-product","3":"status-publish","4":"has-post-thumbnail","6":"product_brand-brandp_679","7":"product_cat-cuisine-gourmet","8":"product_cat-petit-electromenager","9":"product_cat-plaques-de-cuisson","10":"product_tag-tag_926","11":"product_tag-tag_930","13":"first","14":"instock","15":"taxable","16":"shipping-taxable","17":"purchasable","18":"product-type-simple"},"_links":{"self":[{"href":"https:\/\/bigbuy.tupique.com\/es\/wp-json\/wp\/v2\/product\/65805","targetHints":{"allow":["GET"]}}],"collection":[{"href":"https:\/\/bigbuy.tupique.com\/es\/wp-json\/wp\/v2\/product"}],"about":[{"href":"https:\/\/bigbuy.tupique.com\/es\/wp-json\/wp\/v2\/types\/product"}],"replies":[{"embeddable":true,"href":"https:\/\/bigbuy.tupique.com\/es\/wp-json\/wp\/v2\/comments?post=65805"}],"wp:featuredmedia":[{"embeddable":true,"href":"https:\/\/bigbuy.tupique.com\/es\/wp-json\/wp\/v2\/media\/65804"}],"wp:attachment":[{"href":"https:\/\/bigbuy.tupique.com\/es\/wp-json\/wp\/v2\/media?parent=65805"}],"wp:term":[{"taxonomy":"product_brand","embeddable":true,"href":"https:\/\/bigbuy.tupique.com\/es\/wp-json\/wp\/v2\/product_brand?post=65805"},{"taxonomy":"product_cat","embeddable":true,"href":"https:\/\/bigbuy.tupique.com\/es\/wp-json\/wp\/v2\/product_cat?post=65805"},{"taxonomy":"product_tag","embeddable":true,"href":"https:\/\/bigbuy.tupique.com\/es\/wp-json\/wp\/v2\/product_tag?post=65805"}],"curies":[{"name":"wp","href":"https:\/\/api.w.org\/{rel}","templated":true}]}}