{"id":65757,"date":"2026-04-01T20:37:44","date_gmt":"2026-04-01T19:37:44","guid":{"rendered":"https:\/\/bigbuy.tupique.com\/produto\/smart-tv-tcl-55p61k\/"},"modified":"2026-04-15T06:26:56","modified_gmt":"2026-04-15T05:26:56","slug":"smart-tv-tcl-55p61k","status":"publish","type":"product","link":"https:\/\/bigbuy.tupique.com\/es\/produto\/smart-tv-tcl-55p61k\/","title":{"rendered":"TV intelligente TCL 55P61K"},"content":{"rendered":"<p>Si vous \u00eates \u00e0 la recherche de nouvelles tendances sur le march\u00e9, nous vous pr\u00e9sentons <b>TV intelligente TCL 55P61K<\/b> !<\/p>\n<ul>\n<li>Classification \u00e9nerg\u00e9tique:\n<ul>\n<li>E<\/li>\n<li>G<\/li>\n<\/ul>\n<\/li>\n<li>Ecran: 55&#8243;<\/li>\n<li>TV intelligente: Oui<\/li>\n<li>Type: T\u00e9l\u00e9vision<\/li>\n<li>Couleur: Noir<\/li>\n<li>Caract\u00e9ristiques:\n<ul>\n<li>Wi-Fi<\/li>\n<li>TV intelligente<\/li>\n<li>4K<\/li>\n<li>Miracast<\/li>\n<li>Plate<\/li>\n<\/ul>\n<\/li>\n<li>Connexions:\n<ul>\n<li>HDMI<\/li>\n<li>USB<\/li>\n<li>Ethernet (RJ-45)<\/li>\n<li>Casque<\/li>\n<li>Wi-Fi Direct<\/li>\n<li>Miracast<\/li>\n<\/ul>\n<\/li>\n<li>Rapport d&#8217;aspect: 16:9<\/li>\n<li>Connectivit\u00e9:\n<ul>\n<li>Wi-Fi<\/li>\n<li>Interface commune<\/li>\n<li>Miracast<\/li>\n<li>WLAN<\/li>\n<\/ul>\n<\/li>\n<li>Format: 16:9<\/li>\n<li>Compatible:\n<ul>\n<li>Netflix<\/li>\n<li>4K Ultra HD<\/li>\n<li>Miracast<\/li>\n<li>YouTube<\/li>\n<li>Google Assistant<\/li>\n<\/ul>\n<\/li>\n<li>Fr\u00e9quence: 50 \/ 60 Hz<\/li>\n<li>VESA: 20 x 20 cm<\/li>\n<li>R\u00e9cepteur: DVB-T2\/C\/S2<\/li>\n<li>Technologie:\n<ul>\n<li>HDR10<\/li>\n<li>Wi-Fi<\/li>\n<li>Miracast<\/li>\n<li>AMD FreeSync<\/li>\n<li>NVIDIA G-SYNC<\/li>\n<\/ul>\n<\/li>\n<li>R\u00e9solution:\n<ul>\n<li>4K Ultra HD<\/li>\n<li>3840 x 2160 px<\/li>\n<\/ul>\n<\/li>\n<li>Formats: Dolby Audio<\/li>\n<li>Montage: VESA<\/li>\n<li>Ann\u00e9e: 2023<\/li>\n<li>R\u00e9solution (px): 3840 x 2160 px<\/li>\n<li>Diagonale de l&#8217;\u00e9cran (cm): 139,7 cm<\/li>\n<\/ul>","protected":false},"excerpt":{"rendered":"<p>Si vous \u00eates \u00e0 la recherche de nouvelles tendances sur le march\u00e9, nous vous pr\u00e9sentons TV intelligente TCL 55P61K ! Classification \u00e9nerg\u00e9tique: E G Ecran: 55&#8243; TV intelligente: Oui Type: T\u00e9l\u00e9vision Couleur: Noir Caract\u00e9ristiques: Wi-Fi TV intelligente 4K Miracast Plate Connexions: HDMI USB Ethernet (RJ-45) Casque Wi-Fi Direct Miracast Rapport d&#8217;aspect: 16:9 Connectivit\u00e9: Wi-Fi Interface [&hellip;]<\/p>\n","protected":false},"featured_media":171312,"comment_status":"open","ping_status":"closed","template":"","meta":[],"product_brand":[1153],"product_cat":[589,65,957],"product_tag":[],"class_list":{"0":"post-65757","1":"product","2":"type-product","3":"status-publish","4":"has-post-thumbnail","6":"product_brand-brandp_3009","7":"product_cat-electronique-television","8":"product_cat-informatique-electronique","9":"product_cat-televisions-et-smart-tv","11":"first","12":"instock","13":"taxable","14":"shipping-taxable","15":"purchasable","16":"product-type-simple"},"_links":{"self":[{"href":"https:\/\/bigbuy.tupique.com\/es\/wp-json\/wp\/v2\/product\/65757","targetHints":{"allow":["GET"]}}],"collection":[{"href":"https:\/\/bigbuy.tupique.com\/es\/wp-json\/wp\/v2\/product"}],"about":[{"href":"https:\/\/bigbuy.tupique.com\/es\/wp-json\/wp\/v2\/types\/product"}],"replies":[{"embeddable":true,"href":"https:\/\/bigbuy.tupique.com\/es\/wp-json\/wp\/v2\/comments?post=65757"}],"wp:featuredmedia":[{"embeddable":true,"href":"https:\/\/bigbuy.tupique.com\/es\/wp-json\/wp\/v2\/media\/171312"}],"wp:attachment":[{"href":"https:\/\/bigbuy.tupique.com\/es\/wp-json\/wp\/v2\/media?parent=65757"}],"wp:term":[{"taxonomy":"product_brand","embeddable":true,"href":"https:\/\/bigbuy.tupique.com\/es\/wp-json\/wp\/v2\/product_brand?post=65757"},{"taxonomy":"product_cat","embeddable":true,"href":"https:\/\/bigbuy.tupique.com\/es\/wp-json\/wp\/v2\/product_cat?post=65757"},{"taxonomy":"product_tag","embeddable":true,"href":"https:\/\/bigbuy.tupique.com\/es\/wp-json\/wp\/v2\/product_tag?post=65757"}],"curies":[{"name":"wp","href":"https:\/\/api.w.org\/{rel}","templated":true}]}}