{"id":65378,"date":"2026-04-01T20:11:44","date_gmt":"2026-04-01T19:11:44","guid":{"rendered":"https:\/\/bigbuy.tupique.com\/produto\/gaming-chair-arozzi-vernazza-sfb-bl-blue\/"},"modified":"2026-04-15T05:08:41","modified_gmt":"2026-04-15T04:08:41","slug":"gaming-chair-arozzi-vernazza-sfb-bl-blue","status":"publish","type":"product","link":"https:\/\/bigbuy.tupique.com\/es\/produto\/gaming-chair-arozzi-vernazza-sfb-bl-blue\/","title":{"rendered":"Chaise de jeu Arozzi VERNAZZA-SFB-BL Bleu"},"content":{"rendered":"<p>Vous voulez donner une touche d&#8217;originalit\u00e9 \u00e0 votre maison ? Vous y arriverez gr\u00e2ce au <b>Chaise de jeu Arozzi VERNAZZA-SFB-BL Bleu<\/b>.<\/p>\n<ul>\n<li>Type: Chaise de jeu<\/li>\n<li>Couleur: Bleu<\/li>\n<\/ul>","protected":false},"excerpt":{"rendered":"<p>Vous voulez donner une touche d&#8217;originalit\u00e9 \u00e0 votre maison ? Vous y arriverez gr\u00e2ce au Chaise de jeu Arozzi VERNAZZA-SFB-BL Bleu. Type: Chaise de jeu Couleur: Bleu<\/p>","protected":false},"featured_media":65376,"comment_status":"open","ping_status":"closed","template":"","meta":[],"product_brand":[1659],"product_cat":[739,65,737],"product_tag":[572],"class_list":{"0":"post-65378","1":"product","2":"type-product","3":"status-publish","4":"has-post-thumbnail","6":"product_brand-brandp_9312","7":"product_cat-accessoires-gaming","8":"product_cat-informatique-electronique","9":"product_cat-informatique-gaming","10":"product_tag-tag_29","12":"first","13":"instock","14":"taxable","15":"shipping-taxable","16":"purchasable","17":"product-type-simple"},"_links":{"self":[{"href":"https:\/\/bigbuy.tupique.com\/es\/wp-json\/wp\/v2\/product\/65378","targetHints":{"allow":["GET"]}}],"collection":[{"href":"https:\/\/bigbuy.tupique.com\/es\/wp-json\/wp\/v2\/product"}],"about":[{"href":"https:\/\/bigbuy.tupique.com\/es\/wp-json\/wp\/v2\/types\/product"}],"replies":[{"embeddable":true,"href":"https:\/\/bigbuy.tupique.com\/es\/wp-json\/wp\/v2\/comments?post=65378"}],"wp:featuredmedia":[{"embeddable":true,"href":"https:\/\/bigbuy.tupique.com\/es\/wp-json\/wp\/v2\/media\/65376"}],"wp:attachment":[{"href":"https:\/\/bigbuy.tupique.com\/es\/wp-json\/wp\/v2\/media?parent=65378"}],"wp:term":[{"taxonomy":"product_brand","embeddable":true,"href":"https:\/\/bigbuy.tupique.com\/es\/wp-json\/wp\/v2\/product_brand?post=65378"},{"taxonomy":"product_cat","embeddable":true,"href":"https:\/\/bigbuy.tupique.com\/es\/wp-json\/wp\/v2\/product_cat?post=65378"},{"taxonomy":"product_tag","embeddable":true,"href":"https:\/\/bigbuy.tupique.com\/es\/wp-json\/wp\/v2\/product_tag?post=65378"}],"curies":[{"name":"wp","href":"https:\/\/api.w.org\/{rel}","templated":true}]}}