{"id":65223,"date":"2026-04-01T20:07:25","date_gmt":"2026-04-01T19:07:25","guid":{"rendered":"https:\/\/bigbuy.tupique.com\/produto\/food-processor-kenwood-kzm35000gy-grey-800-w-43-l\/"},"modified":"2026-04-15T04:08:17","modified_gmt":"2026-04-15T03:08:17","slug":"food-processor-kenwood-kzm35000gy-grey-800-w-43-l","status":"publish","type":"product","link":"https:\/\/bigbuy.tupique.com\/es\/produto\/food-processor-kenwood-kzm35000gy-grey-800-w-43-l\/","title":{"rendered":"Robot culinaire Kenwood KZM35000GY Gris 800 W 4,3 L"},"content":{"rendered":"<p>Si vous \u00eates \u00e0 la recherche de nouvelles tendances sur le march\u00e9, nous vous pr\u00e9sentons <b>Robot culinaire Kenwood KZM35000GY Gris 800 W 4,3 L<\/b> !<\/p>\n<p>Le <b>robot de cuisine Kenwood KZM35000GY<\/b> est un appareil polyvalent et robuste con\u00e7u pour faciliter les t\u00e2ches culinaires quotidiennes. Il dispose d\u2019une <b>puissance de 800 W<\/b>, lui permettant de g\u00e9rer une grande vari\u00e9t\u00e9 de pr\u00e9parations avec efficacit\u00e9 et rapidit\u00e9. Sa <b>capacit\u00e9 de 4,3 litres<\/b> est id\u00e9ale pour pr\u00e9parer des recettes pour des familles de taille moyenne, facilitant le m\u00e9lange et le p\u00e9trissage d\u2019ingr\u00e9dients en quantit\u00e9s importantes sans avoir \u00e0 r\u00e9p\u00e9ter les op\u00e9rations. Fabriqu\u00e9 en <b>mat\u00e9riau m\u00e9tallique<\/b>, ce robot offre une construction durable et stable, tandis que sa finition en <b>gris<\/b> apporte un design moderne qui s\u2019int\u00e8gre facilement dans toute cuisine contemporaine. Le <b>contr\u00f4le rotatif<\/b> permet une utilisation simple et intuitive, facilitant la s\u00e9lection des vitesses et fonctions selon les besoins de l\u2019utilisateur. De plus, il inclut un <b>manuel d\u2019instructions en espagnol<\/b>, garantissant une utilisation correcte et un acc\u00e8s rapide \u00e0 toutes ses fonctionnalit\u00e9s d\u00e8s le premier usage. La compatibilit\u00e9 avec les prises europ\u00e9ennes (EU) assure une utilisation sans probl\u00e8me dans les foyers de cette r\u00e9gion. En r\u00e9sum\u00e9, le Kenwood KZM35000GY allie puissance, capacit\u00e9 et construction solide pour offrir une performance fiable dans le domaine des robots de cuisine domestiques.<\/p>\n<ul>\n<li>Produit \u00e0 brancher: Oui<\/li>\n<li>Type de prise: Prise EU<\/li>\n<li>Bloc d\u2019Alimentation:\n<ul>\n<li>r\u00e9seau \u00e9lectrique<\/li>\n<li>Courant alternatif<\/li>\n<\/ul>\n<\/li>\n<li>Couleur: Gris<\/li>\n<li>Mati\u00e8re: M\u00e9tal<\/li>\n<li>puissance: 800 W<\/li>\n<li>Manuel d\u2019utilisation: Espagnol<\/li>\n<li>Contr\u00f4le: Plaque Tournante<\/li>\n<li>Capacit\u00e9: 4,3 L<\/li>\n<\/ul>","protected":false},"excerpt":{"rendered":"<p>Si vous \u00eates \u00e0 la recherche de nouvelles tendances sur le march\u00e9, nous vous pr\u00e9sentons Robot culinaire Kenwood KZM35000GY Gris 800 W 4,3 L ! Le robot de cuisine Kenwood KZM35000GY est un appareil polyvalent et robuste con\u00e7u pour faciliter les t\u00e2ches culinaires quotidiennes. Il dispose d\u2019une puissance de 800 W, lui permettant de g\u00e9rer [&hellip;]<\/p>\n","protected":false},"featured_media":65221,"comment_status":"open","ping_status":"closed","template":"","meta":[],"product_brand":[318],"product_cat":[60,77,724],"product_tag":[55,56],"class_list":{"0":"post-65223","1":"product","2":"type-product","3":"status-publish","4":"has-post-thumbnail","6":"product_brand-brandp_1023","7":"product_cat-cuisine-gourmet","8":"product_cat-petit-electromenager","9":"product_cat-robots-de-cuisine","10":"product_tag-tag_926","11":"product_tag-tag_930","13":"first","14":"instock","15":"taxable","16":"shipping-taxable","17":"purchasable","18":"product-type-simple"},"_links":{"self":[{"href":"https:\/\/bigbuy.tupique.com\/es\/wp-json\/wp\/v2\/product\/65223","targetHints":{"allow":["GET"]}}],"collection":[{"href":"https:\/\/bigbuy.tupique.com\/es\/wp-json\/wp\/v2\/product"}],"about":[{"href":"https:\/\/bigbuy.tupique.com\/es\/wp-json\/wp\/v2\/types\/product"}],"replies":[{"embeddable":true,"href":"https:\/\/bigbuy.tupique.com\/es\/wp-json\/wp\/v2\/comments?post=65223"}],"wp:featuredmedia":[{"embeddable":true,"href":"https:\/\/bigbuy.tupique.com\/es\/wp-json\/wp\/v2\/media\/65221"}],"wp:attachment":[{"href":"https:\/\/bigbuy.tupique.com\/es\/wp-json\/wp\/v2\/media?parent=65223"}],"wp:term":[{"taxonomy":"product_brand","embeddable":true,"href":"https:\/\/bigbuy.tupique.com\/es\/wp-json\/wp\/v2\/product_brand?post=65223"},{"taxonomy":"product_cat","embeddable":true,"href":"https:\/\/bigbuy.tupique.com\/es\/wp-json\/wp\/v2\/product_cat?post=65223"},{"taxonomy":"product_tag","embeddable":true,"href":"https:\/\/bigbuy.tupique.com\/es\/wp-json\/wp\/v2\/product_tag?post=65223"}],"curies":[{"name":"wp","href":"https:\/\/api.w.org\/{rel}","templated":true}]}}