{"id":65146,"date":"2026-04-01T20:05:21","date_gmt":"2026-04-01T19:05:21","guid":{"rendered":"https:\/\/bigbuy.tupique.com\/produto\/arcade-machine-amstrad-ams-retrogame-dreamers\/"},"modified":"2026-04-15T14:51:48","modified_gmt":"2026-04-15T13:51:48","slug":"arcade-machine-amstrad-ams-retrogame-dreamers","status":"publish","type":"product","link":"https:\/\/bigbuy.tupique.com\/es\/produto\/arcade-machine-amstrad-ams-retrogame-dreamers\/","title":{"rendered":"Machine d\u2019arcade AMSTRAD AMS-RETROGAME-DREAMERS"},"content":{"rendered":"<p>Si vous \u00eates \u00e0 la recherche de nouvelles tendances sur le march\u00e9, nous vous pr\u00e9sentons <b>Machine d\u2019arcade AMSTRAD AMS-RETROGAME-DREAMERS<\/b> !<\/p>\n<ul>\n<li>Couleur: Multicouleur<\/li>\n<li>Mati\u00e8re: Bois<\/li>\n<li>Langue: ES<\/li>\n<li>Design: R\u00e9tro<\/li>\n<li>Certificat: CE<\/li>\n<li>\u00c2ge recommand\u00e9: + 12 Ans<\/li>\n<li>Compatible: PC<\/li>\n<\/ul>","protected":false},"excerpt":{"rendered":"<p>Si vous \u00eates \u00e0 la recherche de nouvelles tendances sur le march\u00e9, nous vous pr\u00e9sentons Machine d\u2019arcade AMSTRAD AMS-RETROGAME-DREAMERS ! Couleur: Multicouleur Mati\u00e8re: Bois Langue: ES Design: R\u00e9tro Certificat: CE \u00c2ge recommand\u00e9: + 12 Ans Compatible: PC<\/p>","protected":false},"featured_media":65141,"comment_status":"open","ping_status":"closed","template":"","meta":[],"product_brand":[1655],"product_cat":[609,65,610],"product_tag":[57],"class_list":{"0":"post-65146","1":"product","2":"type-product","3":"status-publish","4":"has-post-thumbnail","6":"product_brand-brandp_11002","7":"product_cat-electronique-jouets-electroniques","8":"product_cat-informatique-electronique","9":"product_cat-jeux-video","10":"product_tag-tag_1275","12":"first","13":"instock","14":"taxable","15":"shipping-taxable","16":"purchasable","17":"product-type-simple"},"_links":{"self":[{"href":"https:\/\/bigbuy.tupique.com\/es\/wp-json\/wp\/v2\/product\/65146","targetHints":{"allow":["GET"]}}],"collection":[{"href":"https:\/\/bigbuy.tupique.com\/es\/wp-json\/wp\/v2\/product"}],"about":[{"href":"https:\/\/bigbuy.tupique.com\/es\/wp-json\/wp\/v2\/types\/product"}],"replies":[{"embeddable":true,"href":"https:\/\/bigbuy.tupique.com\/es\/wp-json\/wp\/v2\/comments?post=65146"}],"wp:featuredmedia":[{"embeddable":true,"href":"https:\/\/bigbuy.tupique.com\/es\/wp-json\/wp\/v2\/media\/65141"}],"wp:attachment":[{"href":"https:\/\/bigbuy.tupique.com\/es\/wp-json\/wp\/v2\/media?parent=65146"}],"wp:term":[{"taxonomy":"product_brand","embeddable":true,"href":"https:\/\/bigbuy.tupique.com\/es\/wp-json\/wp\/v2\/product_brand?post=65146"},{"taxonomy":"product_cat","embeddable":true,"href":"https:\/\/bigbuy.tupique.com\/es\/wp-json\/wp\/v2\/product_cat?post=65146"},{"taxonomy":"product_tag","embeddable":true,"href":"https:\/\/bigbuy.tupique.com\/es\/wp-json\/wp\/v2\/product_tag?post=65146"}],"curies":[{"name":"wp","href":"https:\/\/api.w.org\/{rel}","templated":true}]}}