{"id":65043,"date":"2026-04-01T19:54:22","date_gmt":"2026-04-01T18:54:22","guid":{"rendered":"https:\/\/bigbuy.tupique.com\/produto\/gas-hob-siemens-er3a6ai10-6000-w\/"},"modified":"2026-04-15T07:03:52","modified_gmt":"2026-04-15T06:03:52","slug":"gas-hob-siemens-er3a6ai10-6000-w","status":"publish","type":"product","link":"https:\/\/bigbuy.tupique.com\/es\/produto\/gas-hob-siemens-er3a6ai10-6000-w\/","title":{"rendered":"Plaque au gaz Siemens ER3A6AI10 6000 W"},"content":{"rendered":"<p>Si vous pensez r\u00e9nover votre cuisine, achetez <b>Plaque au gaz Siemens ER3A6AI10 6000 W<\/b> et d\u00b4autres <b>produits Siemens<\/b> !<\/p>\n<ul>\n<li>Produit \u00e0 brancher: Oui<\/li>\n<li>Type de prise: Prise EU<\/li>\n<li>Type:\n<ul>\n<li>Plaque au gaz<\/li>\n<li>Int\u00e9gr\u00e9<\/li>\n<\/ul>\n<\/li>\n<li>Bloc d\u2019Alimentation:\n<ul>\n<li>r\u00e9seau \u00e9lectrique<\/li>\n<li>Gaz Naturel<\/li>\n<\/ul>\n<\/li>\n<li>Couleur: Noir<\/li>\n<li>Mati\u00e8re:\n<ul>\n<li>Acier inoxydable<\/li>\n<li>verre<\/li>\n<\/ul>\n<\/li>\n<li>Caract\u00e9ristiques: Facile \u00e0 nettoyer<\/li>\n<li>Forme: Rond<\/li>\n<li>Zones de cuisson: 1<\/li>\n<li>Longueur du c\u00e2ble: 1 m<\/li>\n<li>Contr\u00f4le: Plaque Tournante<\/li>\n<li>Fr\u00e9quence d&#8217;entr\u00e9e AC: 50-60 Hz<\/li>\n<li>Inclut: Gaz Naturel<\/li>\n<li>puissance: 6000 W<\/li>\n<li>Type d&#8217;installation: Sur le plan de travail<\/li>\n<li>\u00c9lev\u00e9: 4,5 cm<\/li>\n<li>Tension: 220-240 V<\/li>\n<li>Long: 52 cm<\/li>\n<li>\u00c9cran integr\u00e9: Non<\/li>\n<li>Connectivit\u00e9: No<\/li>\n<li>Fonctions: Contr\u00f4le de la temp\u00e9rature<\/li>\n<\/ul>\n<p>Informations importantes: En ce qui concerne le raccordement au gaz, il convient de respecter les r\u00e9glementations nationales en vigueur..<\/p>","protected":false},"excerpt":{"rendered":"<p>Si vous pensez r\u00e9nover votre cuisine, achetez Plaque au gaz Siemens ER3A6AI10 6000 W et d\u00b4autres produits Siemens ! Produit \u00e0 brancher: Oui Type de prise: Prise EU Type: Plaque au gaz Int\u00e9gr\u00e9 Bloc d\u2019Alimentation: r\u00e9seau \u00e9lectrique Gaz Naturel Couleur: Noir Mati\u00e8re: Acier inoxydable verre Caract\u00e9ristiques: Facile \u00e0 nettoyer Forme: Rond Zones de cuisson: 1 [&hellip;]<\/p>\n","protected":false},"featured_media":178501,"comment_status":"open","ping_status":"closed","template":"","meta":[],"product_brand":[1590],"product_cat":[60,77,78],"product_tag":[55,56],"class_list":{"0":"post-65043","1":"product","2":"type-product","3":"status-publish","4":"has-post-thumbnail","6":"product_brand-brandp_10139","7":"product_cat-cuisine-gourmet","8":"product_cat-petit-electromenager","9":"product_cat-plaques-de-cuisson","10":"product_tag-tag_926","11":"product_tag-tag_930","13":"first","14":"instock","15":"taxable","16":"shipping-taxable","17":"purchasable","18":"product-type-simple"},"_links":{"self":[{"href":"https:\/\/bigbuy.tupique.com\/es\/wp-json\/wp\/v2\/product\/65043","targetHints":{"allow":["GET"]}}],"collection":[{"href":"https:\/\/bigbuy.tupique.com\/es\/wp-json\/wp\/v2\/product"}],"about":[{"href":"https:\/\/bigbuy.tupique.com\/es\/wp-json\/wp\/v2\/types\/product"}],"replies":[{"embeddable":true,"href":"https:\/\/bigbuy.tupique.com\/es\/wp-json\/wp\/v2\/comments?post=65043"}],"wp:featuredmedia":[{"embeddable":true,"href":"https:\/\/bigbuy.tupique.com\/es\/wp-json\/wp\/v2\/media\/178501"}],"wp:attachment":[{"href":"https:\/\/bigbuy.tupique.com\/es\/wp-json\/wp\/v2\/media?parent=65043"}],"wp:term":[{"taxonomy":"product_brand","embeddable":true,"href":"https:\/\/bigbuy.tupique.com\/es\/wp-json\/wp\/v2\/product_brand?post=65043"},{"taxonomy":"product_cat","embeddable":true,"href":"https:\/\/bigbuy.tupique.com\/es\/wp-json\/wp\/v2\/product_cat?post=65043"},{"taxonomy":"product_tag","embeddable":true,"href":"https:\/\/bigbuy.tupique.com\/es\/wp-json\/wp\/v2\/product_tag?post=65043"}],"curies":[{"name":"wp","href":"https:\/\/api.w.org\/{rel}","templated":true}]}}