{"id":65034,"date":"2026-04-01T19:54:10","date_gmt":"2026-04-01T18:54:10","guid":{"rendered":"https:\/\/bigbuy.tupique.com\/produto\/smart-tv-lg-27lx6tdga-lcd-27-led-tft-multi-touch\/"},"modified":"2026-04-15T07:03:48","modified_gmt":"2026-04-15T06:03:48","slug":"smart-tv-lg-27lx6tdga-lcd-27-led-tft-multi-touch","status":"publish","type":"product","link":"https:\/\/bigbuy.tupique.com\/es\/produto\/smart-tv-lg-27lx6tdga-lcd-27-led-tft-multi-touch\/","title":{"rendered":"TV intelligente LG 27LX6TDGA LCD 27&#8243; LED TFT Multi-touch"},"content":{"rendered":"<p>Si vous \u00eates passionn\u00e9 d&#8217;<b>informatique et d&#8217;\u00e9lectronique<\/b>, si vous \u00eates \u00e0 la pointe de la technologie et qu&#8217;aucun d\u00e9tail ne vous \u00e9chappe, achetez <b>TV intelligente LG 27LX6TDGA LCD 27&#8243; LED TFT Multi-touch<\/b> au meilleur prix.<\/p>\n<ul>\n<li>Inclut: Support de TV<\/li>\n<li>Caract\u00e9ristiques: Ecran tactile<\/li>\n<li>Type: T\u00e9l\u00e9vision<\/li>\n<li>Produit \u00e0 brancher: Oui<\/li>\n<li>Bloc d\u2019Alimentation: r\u00e9seau \u00e9lectrique<\/li>\n<li>TV intelligente: Oui<\/li>\n<li>R\u00e9solution (px): 2560 x 1440 px<\/li>\n<li>Rapport d&#8217;aspect: 16:9<\/li>\n<li>Format: 16:9<\/li>\n<li>Technologie:\n<ul>\n<li>LED<\/li>\n<li>TFT<\/li>\n<li>Multi-touch<\/li>\n<\/ul>\n<\/li>\n<li>Ecran: 27&#8243;<\/li>\n<li>R\u00e9solution: LCD<\/li>\n<li>Compatible: LG<\/li>\n<li>Diagonale de l&#8217;\u00e9cran (cm): 68,6 cm<\/li>\n<li>Ann\u00e9e: 2024<\/li>\n<\/ul>","protected":false},"excerpt":{"rendered":"<p>Si vous \u00eates passionn\u00e9 d&#8217;informatique et d&#8217;\u00e9lectronique, si vous \u00eates \u00e0 la pointe de la technologie et qu&#8217;aucun d\u00e9tail ne vous \u00e9chappe, achetez TV intelligente LG 27LX6TDGA LCD 27&#8243; LED TFT Multi-touch au meilleur prix. Inclut: Support de TV Caract\u00e9ristiques: Ecran tactile Type: T\u00e9l\u00e9vision Produit \u00e0 brancher: Oui Bloc d\u2019Alimentation: r\u00e9seau \u00e9lectrique TV intelligente: Oui [&hellip;]<\/p>\n","protected":false},"featured_media":65030,"comment_status":"open","ping_status":"closed","template":"","meta":[],"product_brand":[662],"product_cat":[589,65,957],"product_tag":[],"class_list":{"0":"post-65034","1":"product","2":"type-product","3":"status-publish","4":"has-post-thumbnail","6":"product_brand-brandp_559","7":"product_cat-electronique-television","8":"product_cat-informatique-electronique","9":"product_cat-televisions-et-smart-tv","11":"first","12":"instock","13":"taxable","14":"shipping-taxable","15":"purchasable","16":"product-type-simple"},"_links":{"self":[{"href":"https:\/\/bigbuy.tupique.com\/es\/wp-json\/wp\/v2\/product\/65034","targetHints":{"allow":["GET"]}}],"collection":[{"href":"https:\/\/bigbuy.tupique.com\/es\/wp-json\/wp\/v2\/product"}],"about":[{"href":"https:\/\/bigbuy.tupique.com\/es\/wp-json\/wp\/v2\/types\/product"}],"replies":[{"embeddable":true,"href":"https:\/\/bigbuy.tupique.com\/es\/wp-json\/wp\/v2\/comments?post=65034"}],"wp:featuredmedia":[{"embeddable":true,"href":"https:\/\/bigbuy.tupique.com\/es\/wp-json\/wp\/v2\/media\/65030"}],"wp:attachment":[{"href":"https:\/\/bigbuy.tupique.com\/es\/wp-json\/wp\/v2\/media?parent=65034"}],"wp:term":[{"taxonomy":"product_brand","embeddable":true,"href":"https:\/\/bigbuy.tupique.com\/es\/wp-json\/wp\/v2\/product_brand?post=65034"},{"taxonomy":"product_cat","embeddable":true,"href":"https:\/\/bigbuy.tupique.com\/es\/wp-json\/wp\/v2\/product_cat?post=65034"},{"taxonomy":"product_tag","embeddable":true,"href":"https:\/\/bigbuy.tupique.com\/es\/wp-json\/wp\/v2\/product_tag?post=65034"}],"curies":[{"name":"wp","href":"https:\/\/api.w.org\/{rel}","templated":true}]}}