{"id":65029,"date":"2026-04-01T19:54:01","date_gmt":"2026-04-01T18:54:01","guid":{"rendered":"https:\/\/bigbuy.tupique.com\/produto\/washing-machine-aeg-lfa6k8441c-1400-rpm\/"},"modified":"2026-04-15T07:03:47","modified_gmt":"2026-04-15T06:03:47","slug":"washing-machine-aeg-lfa6k8441c-1400-rpm","status":"publish","type":"product","link":"https:\/\/bigbuy.tupique.com\/es\/produto\/washing-machine-aeg-lfa6k8441c-1400-rpm\/","title":{"rendered":"Machine \u00e0 laver AEG LFA6K8441C 1400 rpm"},"content":{"rendered":"<p>Si vous \u00eates \u00e0 la recherche de nouvelles tendances sur le march\u00e9, nous vous pr\u00e9sentons <b>Machine \u00e0 laver AEG LFA6K8441C 1400 rpm<\/b> !<\/p>\n<p>La <b>lave-linge<\/b> <b>AEG LFA6K8441C<\/b> est un appareil \u00e9lectrom\u00e9nager efficace et polyvalent, con\u00e7u pour r\u00e9pondre aux besoins des foyers modernes souhaitant optimiser \u00e0 la fois la consommation d&#8217;\u00e9nergie et la qualit\u00e9 du lavage. Elle se distingue par son excellente <b>classe \u00e9nerg\u00e9tique A<\/b>, garantissant une faible consommation d&#8217;\u00e9lectricit\u00e9 sans compromettre les performances, contribuant ainsi aux \u00e9conomies et \u00e0 la durabilit\u00e9 environnementale. Ce lave-linge offre une <b>capacit\u00e9 de 8 kg<\/b>, id\u00e9ale pour les familles de taille moyenne, permettant de laver de plus grandes quantit\u00e9s de linge en moins de cycles. Gr\u00e2ce \u00e0 son <b>chargement frontal<\/b>, l&#8217;acc\u00e8s au tambour est facilit\u00e9 et l&#8217;int\u00e9gration dans la cuisine ou la buanderie est optimis\u00e9e, notamment gr\u00e2ce \u00e0 sa compatibilit\u00e9 avec une <b>installation sous plan<\/b>, pour une int\u00e9gration discr\u00e8te et efficace dans tout espace domestique. Il atteint une <b>vitesse d&#8217;essorage maximale de 1400 tr\/min<\/b>, permettant d&#8217;\u00e9liminer efficacement l&#8217;exc\u00e8s d&#8217;eau du linge, r\u00e9duisant ainsi le temps de s\u00e9chage et offrant un r\u00e9sultat plus pratique pour l&#8217;utilisateur. Le fonctionnement en <b>langue espagnole<\/b> assure une navigation simple et compr\u00e9hensible entre les diff\u00e9rents programmes et fonctions, r\u00e9pondant aux besoins locaux. Il int\u00e8gre \u00e9galement des options avanc\u00e9es telles que la <b>programmation diff\u00e9r\u00e9e<\/b>, pour adapter le d\u00e9marrage du lavage \u00e0 la routine du foyer, ainsi que la <b>fonction vapeur<\/b>, utile pour r\u00e9duire les plis et am\u00e9liorer l&#8217;hygi\u00e8ne des textiles. Aliment\u00e9 par <b>secteur<\/b>, l&#8217;AEG LFA6K8441C allie innovation technologique et simplicit\u00e9 d&#8217;utilisation, offrant d&#8217;excellents r\u00e9sultats de lavage et de soin du linge. En r\u00e9sum\u00e9, il s&#8217;agit d&#8217;un lave-linge pens\u00e9 pour les utilisateurs exigeants recherchant efficacit\u00e9, capacit\u00e9 et flexibilit\u00e9 au quotidien.<\/p>\n<ul>\n<li>Type d&#8217;installation: Sous le plan de travail<\/li>\n<li>Produit \u00e0 brancher: Oui<\/li>\n<li>Langue: Espagnol<\/li>\n<li>Capacit\u00e9: 8 kg<\/li>\n<li>Type de prise: Prise EU<\/li>\n<li>Bloc d\u2019Alimentation: r\u00e9seau \u00e9lectrique<\/li>\n<li>Couleur: Blanc<\/li>\n<li>Niveau sonore: 75 dB<\/li>\n<li>Programmes:\n<ul>\n<li>Rapide<\/li>\n<li>Mixte<\/li>\n<\/ul>\n<\/li>\n<li>Classification \u00e9nerg\u00e9tique: A<\/li>\n<li>vitesse: 1400 rpm<\/li>\n<li>Type de charge: Frontal<\/li>\n<\/ul>","protected":false},"excerpt":{"rendered":"<p><span class=\"unit-info\">75.8738 &euro; \/ 1 kg<\/span><\/p>","protected":false},"featured_media":65027,"comment_status":"open","ping_status":"closed","template":"","meta":[],"product_brand":[1386],"product_cat":[239,240,751],"product_tag":[],"class_list":{"0":"post-65029","1":"product","2":"type-product","3":"status-publish","4":"has-post-thumbnail","6":"product_brand-brandp_679","7":"product_cat-maison-jardin","8":"product_cat-nettoyage-aspirateur-et-repassage","9":"product_cat-seche-linge-fers-a-repasser-sechoirs","11":"first","12":"instock","13":"taxable","14":"shipping-taxable","15":"purchasable","16":"product-type-simple"},"_links":{"self":[{"href":"https:\/\/bigbuy.tupique.com\/es\/wp-json\/wp\/v2\/product\/65029","targetHints":{"allow":["GET"]}}],"collection":[{"href":"https:\/\/bigbuy.tupique.com\/es\/wp-json\/wp\/v2\/product"}],"about":[{"href":"https:\/\/bigbuy.tupique.com\/es\/wp-json\/wp\/v2\/types\/product"}],"replies":[{"embeddable":true,"href":"https:\/\/bigbuy.tupique.com\/es\/wp-json\/wp\/v2\/comments?post=65029"}],"wp:featuredmedia":[{"embeddable":true,"href":"https:\/\/bigbuy.tupique.com\/es\/wp-json\/wp\/v2\/media\/65027"}],"wp:attachment":[{"href":"https:\/\/bigbuy.tupique.com\/es\/wp-json\/wp\/v2\/media?parent=65029"}],"wp:term":[{"taxonomy":"product_brand","embeddable":true,"href":"https:\/\/bigbuy.tupique.com\/es\/wp-json\/wp\/v2\/product_brand?post=65029"},{"taxonomy":"product_cat","embeddable":true,"href":"https:\/\/bigbuy.tupique.com\/es\/wp-json\/wp\/v2\/product_cat?post=65029"},{"taxonomy":"product_tag","embeddable":true,"href":"https:\/\/bigbuy.tupique.com\/es\/wp-json\/wp\/v2\/product_tag?post=65029"}],"curies":[{"name":"wp","href":"https:\/\/api.w.org\/{rel}","templated":true}]}}