{"id":64898,"date":"2026-04-01T19:49:52","date_gmt":"2026-04-01T18:49:52","guid":{"rendered":"https:\/\/bigbuy.tupique.com\/produto\/washing-machine-samsung-ww80fg5l32aeec-8-kg\/"},"modified":"2026-04-15T07:02:22","modified_gmt":"2026-04-15T06:02:22","slug":"washing-machine-samsung-ww80fg5l32aeec-8-kg","status":"publish","type":"product","link":"https:\/\/bigbuy.tupique.com\/es\/produto\/washing-machine-samsung-ww80fg5l32aeec-8-kg\/","title":{"rendered":"Machine \u00e0 laver Samsung WW80FG5L32AEEC 8 kg"},"content":{"rendered":"<p>Si vous \u00eates \u00e0 la recherche de nouvelles tendances sur le march\u00e9, nous vous pr\u00e9sentons <b>Machine \u00e0 laver Samsung WW80FG5L32AEEC 8 kg<\/b> !<\/p>\n<p>La <b>machine \u00e0 laver<\/b> <b>Samsung WW80FG5L32AEEC<\/b> est con\u00e7ue pour r\u00e9pondre aux besoins des foyers modernes, alliant efficacit\u00e9, capacit\u00e9 et durabilit\u00e9 dans un design soign\u00e9. Avec une <b>capacit\u00e9 de chargement de 8 kg<\/b>, elle convient aussi bien aux familles qu\u2019aux couples souhaitant effectuer des cycles complets avec du linge volumineux ou des charges mixtes. Gr\u00e2ce \u00e0 sa <b>classe \u00e9nerg\u00e9tique A<\/b>, ce mod\u00e8le garantit une faible consommation d\u2019\u00e9nergie, permettant des \u00e9conomies importantes sur la dur\u00e9e et contribuant au respect de l\u2019environnement. Son <b>tambour en acier inoxydable<\/b> offre une grande r\u00e9sistance \u00e0 l\u2019usure et prot\u00e8ge les textiles pendant le lavage, prolongeant la dur\u00e9e de vie des v\u00eatements et facilitant l\u2019entretien de l\u2019appareil. Cette machine \u00e0 laver propose <b>14 programmes diff\u00e9rents<\/b>, permettant d\u2019adapter chaque cycle aux divers types de tissus et niveaux de salet\u00e9, pour un soin optimal du coton, des synth\u00e9tiques, des textiles d\u00e9licats ou des v\u00eatements de sport, entre autres. L\u2019utilisation est simple et intuitive gr\u00e2ce \u00e0 son panneau de commande en <b>espagnol<\/b>, id\u00e9al pour les utilisateurs recherchant confort et rapidit\u00e9 de configuration. Son design <b>blanc<\/b> et sa porte frontale facilitent l\u2019int\u00e9gration dans tout espace domestique, tandis que la technologie d\u2019essorage efficace permet d\u2019obtenir un linge bien essor\u00e9, acc\u00e9l\u00e9rant ainsi le s\u00e9chage. La machine \u00e0 laver Samsung WW80FG5L32AEEC allie technologie, efficacit\u00e9 et robustesse, se positionnant comme un choix fiable et pratique pour ceux qui recherchent une solution de lavage compl\u00e8te \u00e0 domicile.<\/p>\n<ul>\n<li>Type d&#8217;installation: Sous le plan de travail<\/li>\n<li>Produit \u00e0 brancher: Oui<\/li>\n<li>Langue: Espagnol<\/li>\n<li>Couleur: Blanc<\/li>\n<li>vitesse: 1200 rpm<\/li>\n<li>Bloc d\u2019Alimentation: r\u00e9seau \u00e9lectrique<\/li>\n<li>Niveau sonore: 75 dB<\/li>\n<li>Classification \u00e9nerg\u00e9tique: A<\/li>\n<li>Capacit\u00e9: 8 kg<\/li>\n<li>Mati\u00e8re: Acier inoxydable<\/li>\n<li>Programmes:\n<ul>\n<li>14<\/li>\n<li>Coton<\/li>\n<li>Centrifugation<\/li>\n<li>Laine<\/li>\n<li>V\u00eatements sombres<\/li>\n<li>Synth\u00e9tiques<\/li>\n<li>Rapide<\/li>\n<li>Literie<\/li>\n<li>Lavage \u00e0 froid<\/li>\n<li>ECO<\/li>\n<li>Sport<\/li>\n<li>Lavage anti-allergique<\/li>\n<li>Couleurs<\/li>\n<li>Couette l\u00e9g\u00e8re<\/li>\n<\/ul>\n<\/li>\n<li>Type de charge: Frontal<\/li>\n<li>Type de prise: Prise EU<\/li>\n<li>Quantit\u00e9 de programmes automatiques: 15<\/li>\n<\/ul>","protected":false},"excerpt":{"rendered":"<p><span class=\"unit-info\">74.1238 &euro; \/ 1 kg<\/span><\/p>","protected":false},"featured_media":64897,"comment_status":"open","ping_status":"closed","template":"","meta":[],"product_brand":[183],"product_cat":[239,240,751],"product_tag":[],"class_list":{"0":"post-64898","1":"product","2":"type-product","3":"status-publish","4":"has-post-thumbnail","6":"product_brand-brandp_576","7":"product_cat-maison-jardin","8":"product_cat-nettoyage-aspirateur-et-repassage","9":"product_cat-seche-linge-fers-a-repasser-sechoirs","11":"first","12":"instock","13":"taxable","14":"shipping-taxable","15":"purchasable","16":"product-type-simple"},"_links":{"self":[{"href":"https:\/\/bigbuy.tupique.com\/es\/wp-json\/wp\/v2\/product\/64898","targetHints":{"allow":["GET"]}}],"collection":[{"href":"https:\/\/bigbuy.tupique.com\/es\/wp-json\/wp\/v2\/product"}],"about":[{"href":"https:\/\/bigbuy.tupique.com\/es\/wp-json\/wp\/v2\/types\/product"}],"replies":[{"embeddable":true,"href":"https:\/\/bigbuy.tupique.com\/es\/wp-json\/wp\/v2\/comments?post=64898"}],"wp:featuredmedia":[{"embeddable":true,"href":"https:\/\/bigbuy.tupique.com\/es\/wp-json\/wp\/v2\/media\/64897"}],"wp:attachment":[{"href":"https:\/\/bigbuy.tupique.com\/es\/wp-json\/wp\/v2\/media?parent=64898"}],"wp:term":[{"taxonomy":"product_brand","embeddable":true,"href":"https:\/\/bigbuy.tupique.com\/es\/wp-json\/wp\/v2\/product_brand?post=64898"},{"taxonomy":"product_cat","embeddable":true,"href":"https:\/\/bigbuy.tupique.com\/es\/wp-json\/wp\/v2\/product_cat?post=64898"},{"taxonomy":"product_tag","embeddable":true,"href":"https:\/\/bigbuy.tupique.com\/es\/wp-json\/wp\/v2\/product_tag?post=64898"}],"curies":[{"name":"wp","href":"https:\/\/api.w.org\/{rel}","templated":true}]}}