{"id":64827,"date":"2026-04-01T19:48:15","date_gmt":"2026-04-01T18:48:15","guid":{"rendered":"https:\/\/bigbuy.tupique.com\/produto\/monitor-lg-gram-view-ips-wqxga-wqxga-17\/"},"modified":"2026-04-15T06:27:44","modified_gmt":"2026-04-15T05:27:44","slug":"monitor-lg-gram-view-ips-wqxga-wqxga-17","status":"publish","type":"product","link":"https:\/\/bigbuy.tupique.com\/es\/produto\/monitor-lg-gram-view-ips-wqxga-wqxga-17\/","title":{"rendered":"\u00c9cran LG GRAM+ VIEW IPS WQXGA WQXGA 17&#8243;"},"content":{"rendered":"<p>Si vous \u00eates \u00e0 la recherche de nouvelles tendances sur le march\u00e9, nous vous pr\u00e9sentons <b>\u00c9cran LG GRAM+ VIEW IPS WQXGA WQXGA 17&#8243;<\/b> !<\/p>\n<p>Le <b>GRAM+ VIEW IPS WQXGA<\/b> de LG est un <b>moniteur<\/b> portable qui associe des fonctionnalit\u00e9s avanc\u00e9es \u00e0 un design \u00e9l\u00e9gant en <b>noir<\/b>, con\u00e7u pour ceux qui souhaitent \u00e9tendre leur espace de travail ou profiter d\u2019une exp\u00e9rience visuelle am\u00e9lior\u00e9e o\u00f9 qu\u2019ils soient. Ce mod\u00e8le se distingue par son large <b>\u00e9cran IPS de 17 pouces<\/b>, offrant de larges angles de vision et une reproduction fid\u00e8le des couleurs, id\u00e9al aussi bien pour les t\u00e2ches professionnelles que pour le divertissement. La <b>r\u00e9solution WQXGA<\/b> (2560 x 1600 pixels) et le format <b>16:10<\/b> permettent d\u2019afficher documents, images et vid\u00e9os avec une grande nettet\u00e9, optimisant la productivit\u00e9 en montrant plus d\u2019informations verticales dans les applications bureautiques, l\u2019\u00e9dition graphique et la navigation web. Gr\u00e2ce \u00e0 sa <b>technologie LCD<\/b>, l\u2019affichage reste homog\u00e8ne, tandis que la connexion <b>USB-C<\/b> assure la compatibilit\u00e9 avec les ordinateurs portables et appareils mobiles r\u00e9cents, permettant le transfert de donn\u00e9es, la vid\u00e9o et la recharge via un seul c\u00e2ble, pour un espace de travail ordonn\u00e9 et une utilisation simplifi\u00e9e en mobilit\u00e9. Son design l\u00e9ger et portable en fait un alli\u00e9 id\u00e9al pour les professionnels en d\u00e9placement ou ceux qui ont besoin d\u2019un second \u00e9cran dans diff\u00e9rents lieux, sans compromis sur la qualit\u00e9 d\u2019image ni la facilit\u00e9 de connexion. Le LG GRAM+ VIEW IPS WQXGA r\u00e9pond aux attentes de ceux qui recherchent polyvalence, d\u00e9finition et facilit\u00e9 de transport dans leur \u00e9quipement d\u2019affichage.<\/p>\n<ul>\n<li>Type: \u00c9cran<\/li>\n<li>Produit \u00e0 brancher: Oui<\/li>\n<li>Classification \u00e9nerg\u00e9tique: D<\/li>\n<li>Type de prise: Prise EU<\/li>\n<li>Bloc d\u2019Alimentation: r\u00e9seau \u00e9lectrique<\/li>\n<li>Temps de r\u00e9ponse: 5 ms<\/li>\n<li>Technologie: IPS<\/li>\n<li>Couleur: Noir<\/li>\n<li>Caract\u00e9ristiques:\n<ul>\n<li>\u00c9cran LCD<\/li>\n<li>Portable<\/li>\n<li>\u00c9cran plat<\/li>\n<\/ul>\n<\/li>\n<li>Connexions: USB-C<\/li>\n<li>Rapport d&#8217;aspect: 16:10<\/li>\n<li>Connectivit\u00e9:\n<ul>\n<li>Bluetooth<\/li>\n<li>Wi-Fi<\/li>\n<li>Bluetooth 5.1<\/li>\n<\/ul>\n<\/li>\n<li>Format: 16:9<\/li>\n<li>Montage: Ind\u00e9pendant<\/li>\n<li>Ecran: 17&#8243;<\/li>\n<li>consommation d&#8217;\u00e9nergie: 17 W<\/li>\n<li>R\u00e9solution: WQXGA<\/li>\n<li>Utilisation recommand\u00e9e: Ordinateur Portable<\/li>\n<li>Fr\u00e9quence: 60 Hz<\/li>\n<li>R\u00e9solution (px): 2560 x 1600 px<\/li>\n<li>Diagonale de l&#8217;\u00e9cran (cm): 43,2 cm<\/li>\n<\/ul>","protected":false},"excerpt":{"rendered":"<p>Si vous \u00eates \u00e0 la recherche de nouvelles tendances sur le march\u00e9, nous vous pr\u00e9sentons \u00c9cran LG GRAM+ VIEW IPS WQXGA WQXGA 17&#8243; ! Le GRAM+ VIEW IPS WQXGA de LG est un moniteur portable qui associe des fonctionnalit\u00e9s avanc\u00e9es \u00e0 un design \u00e9l\u00e9gant en noir, con\u00e7u pour ceux qui souhaitent \u00e9tendre leur espace de [&hellip;]<\/p>\n","protected":false},"featured_media":64825,"comment_status":"open","ping_status":"closed","template":"","meta":[],"product_brand":[662],"product_cat":[65,581,616],"product_tag":[213,106],"class_list":{"0":"post-64827","1":"product","2":"type-product","3":"status-publish","4":"has-post-thumbnail","6":"product_brand-brandp_559","7":"product_cat-informatique-electronique","8":"product_cat-informatique-peripheriques-et-consommables","9":"product_cat-moniteurs","10":"product_tag-tag_933","11":"product_tag-tag_1295","13":"first","14":"instock","15":"taxable","16":"shipping-taxable","17":"purchasable","18":"product-type-simple"},"_links":{"self":[{"href":"https:\/\/bigbuy.tupique.com\/es\/wp-json\/wp\/v2\/product\/64827","targetHints":{"allow":["GET"]}}],"collection":[{"href":"https:\/\/bigbuy.tupique.com\/es\/wp-json\/wp\/v2\/product"}],"about":[{"href":"https:\/\/bigbuy.tupique.com\/es\/wp-json\/wp\/v2\/types\/product"}],"replies":[{"embeddable":true,"href":"https:\/\/bigbuy.tupique.com\/es\/wp-json\/wp\/v2\/comments?post=64827"}],"wp:featuredmedia":[{"embeddable":true,"href":"https:\/\/bigbuy.tupique.com\/es\/wp-json\/wp\/v2\/media\/64825"}],"wp:attachment":[{"href":"https:\/\/bigbuy.tupique.com\/es\/wp-json\/wp\/v2\/media?parent=64827"}],"wp:term":[{"taxonomy":"product_brand","embeddable":true,"href":"https:\/\/bigbuy.tupique.com\/es\/wp-json\/wp\/v2\/product_brand?post=64827"},{"taxonomy":"product_cat","embeddable":true,"href":"https:\/\/bigbuy.tupique.com\/es\/wp-json\/wp\/v2\/product_cat?post=64827"},{"taxonomy":"product_tag","embeddable":true,"href":"https:\/\/bigbuy.tupique.com\/es\/wp-json\/wp\/v2\/product_tag?post=64827"}],"curies":[{"name":"wp","href":"https:\/\/api.w.org\/{rel}","templated":true}]}}