{"id":64790,"date":"2026-04-01T19:35:16","date_gmt":"2026-04-01T18:35:16","guid":{"rendered":"https:\/\/bigbuy.tupique.com\/produto\/gaming-chair-cougar-fidom\/"},"modified":"2026-05-11T19:57:23","modified_gmt":"2026-05-11T17:57:23","slug":"gaming-chair-cougar-fidom","status":"publish","type":"product","link":"https:\/\/bigbuy.tupique.com\/es\/produto\/gaming-chair-cougar-fidom\/","title":{"rendered":"Chaise de jeu Cougar FIDOM"},"content":{"rendered":"<p>Si vous \u00eates \u00e0 la recherche de nouvelles tendances sur le march\u00e9, nous vous pr\u00e9sentons <b>Chaise de jeu Cougar FIDOM<\/b> !<\/p>\n<p>La <b>Cougar FIDOM<\/b> est une <b>chaise gaming<\/b> con\u00e7ue pour offrir confort et style lors de longues sessions devant l\u2019ordinateur, int\u00e9grant les caract\u00e9ristiques essentielles d\u2019un v\u00e9ritable fauteuil gaming avec un design <b>rectangulaire<\/b> qui assure un soutien optimal du dos et des bras. Ce mod\u00e8le a \u00e9t\u00e9 d\u00e9velopp\u00e9 par Cougar, une marque reconnue dans le secteur pour ses produits destin\u00e9s aux gamers, garantissant des mat\u00e9riaux r\u00e9sistants et des finitions con\u00e7ues pour un usage intensif. L\u2019appellation <b>fauteuil<\/b> fait r\u00e9f\u00e9rence \u00e0 une assise et un dossier qui maximisent le confort, permettant aux utilisateurs de maintenir une posture saine m\u00eame lors de parties prolong\u00e9es ou de marathons multim\u00e9dias. Sa structure, bien que compacte, s\u2019int\u00e8gre facilement dans tout espace de jeu gr\u00e2ce \u00e0 son format rectangulaire, apportant une touche moderne adapt\u00e9e aux bureaux et configurations contemporaines. La Cougar FIDOM se distingue comme une solution fonctionnelle pour ceux qui recherchent une chaise gaming ergonomique et durable dans le segment d\u2019entr\u00e9e, alliant confort, robustesse et design pens\u00e9 pour les gamers.<\/p>\n<ul>\n<li>Type:\n<ul>\n<li>Jeux<\/li>\n<li>Fauteuil<\/li>\n<\/ul>\n<\/li>\n<li>Forme: Rectangulaire<\/li>\n<li>Design: Ergonomique<\/li>\n<li>Style: Jeunes<\/li>\n<\/ul>","protected":false},"excerpt":{"rendered":"<p>Si vous \u00eates \u00e0 la recherche de nouvelles tendances sur le march\u00e9, nous vous pr\u00e9sentons Chaise de jeu Cougar FIDOM ! La Cougar FIDOM est une chaise gaming con\u00e7ue pour offrir confort et style lors de longues sessions devant l\u2019ordinateur, int\u00e9grant les caract\u00e9ristiques essentielles d\u2019un v\u00e9ritable fauteuil gaming avec un design rectangulaire qui assure un [&hellip;]<\/p>\n","protected":false},"featured_media":183795,"comment_status":"open","ping_status":"closed","template":"","meta":[],"product_brand":[1558],"product_cat":[739,65,737],"product_tag":[572],"class_list":{"0":"post-64790","1":"product","2":"type-product","3":"status-publish","4":"has-post-thumbnail","6":"product_brand-brandp_1353","7":"product_cat-accessoires-gaming","8":"product_cat-informatique-electronique","9":"product_cat-informatique-gaming","10":"product_tag-tag_29","12":"first","13":"instock","14":"taxable","15":"shipping-taxable","16":"purchasable","17":"product-type-simple"},"_links":{"self":[{"href":"https:\/\/bigbuy.tupique.com\/es\/wp-json\/wp\/v2\/product\/64790","targetHints":{"allow":["GET"]}}],"collection":[{"href":"https:\/\/bigbuy.tupique.com\/es\/wp-json\/wp\/v2\/product"}],"about":[{"href":"https:\/\/bigbuy.tupique.com\/es\/wp-json\/wp\/v2\/types\/product"}],"replies":[{"embeddable":true,"href":"https:\/\/bigbuy.tupique.com\/es\/wp-json\/wp\/v2\/comments?post=64790"}],"wp:featuredmedia":[{"embeddable":true,"href":"https:\/\/bigbuy.tupique.com\/es\/wp-json\/wp\/v2\/media\/183795"}],"wp:attachment":[{"href":"https:\/\/bigbuy.tupique.com\/es\/wp-json\/wp\/v2\/media?parent=64790"}],"wp:term":[{"taxonomy":"product_brand","embeddable":true,"href":"https:\/\/bigbuy.tupique.com\/es\/wp-json\/wp\/v2\/product_brand?post=64790"},{"taxonomy":"product_cat","embeddable":true,"href":"https:\/\/bigbuy.tupique.com\/es\/wp-json\/wp\/v2\/product_cat?post=64790"},{"taxonomy":"product_tag","embeddable":true,"href":"https:\/\/bigbuy.tupique.com\/es\/wp-json\/wp\/v2\/product_tag?post=64790"}],"curies":[{"name":"wp","href":"https:\/\/api.w.org\/{rel}","templated":true}]}}