{"id":64664,"date":"2026-04-01T19:31:47","date_gmt":"2026-04-01T18:31:47","guid":{"rendered":"https:\/\/bigbuy.tupique.com\/produto\/electric-coffee-maker-delonghi-ec9455m\/"},"modified":"2026-04-15T06:25:38","modified_gmt":"2026-04-15T05:25:38","slug":"electric-coffee-maker-delonghi-ec9455m","status":"publish","type":"product","link":"https:\/\/bigbuy.tupique.com\/es\/produto\/electric-coffee-maker-delonghi-ec9455m\/","title":{"rendered":"Caf\u00e9ti\u00e8re \u00e9lectrique DeLonghi EC9455M"},"content":{"rendered":"<p>Si vous recherchez des \u00e9lectrom\u00e9nagers pour votre maison aux meilleurs prix, ne manquez pas <b>Caf\u00e9ti\u00e8re \u00e9lectrique DeLonghi EC9455M<\/b> et une large s\u00e9lection de petits \u00e9lectrom\u00e9nagers de qualit\u00e9 !<\/p>\n<ul>\n<li>Produit \u00e0 brancher: Oui<\/li>\n<li>Bloc d\u2019Alimentation: r\u00e9seau \u00e9lectrique<\/li>\n<li>Caract\u00e9ristiques: Filtre \u00e0 caf\u00e9<\/li>\n<li>Pression: 15 bar<\/li>\n<li>Mati\u00e8re: M\u00e9tal<\/li>\n<li>Tension: 240 V<\/li>\n<li>Couleur: M\u00e9tal<\/li>\n<\/ul>","protected":false},"excerpt":{"rendered":"<p>Si vous recherchez des \u00e9lectrom\u00e9nagers pour votre maison aux meilleurs prix, ne manquez pas Caf\u00e9ti\u00e8re \u00e9lectrique DeLonghi EC9455M et une large s\u00e9lection de petits \u00e9lectrom\u00e9nagers de qualit\u00e9 ! Produit \u00e0 brancher: Oui Bloc d\u2019Alimentation: r\u00e9seau \u00e9lectrique Caract\u00e9ristiques: Filtre \u00e0 caf\u00e9 Pression: 15 bar Mati\u00e8re: M\u00e9tal Tension: 240 V Couleur: M\u00e9tal<\/p>","protected":false},"featured_media":64654,"comment_status":"open","ping_status":"closed","template":"","meta":[],"product_brand":[299],"product_cat":[725,60,77],"product_tag":[56],"class_list":{"0":"post-64664","1":"product","2":"type-product","3":"status-publish","4":"has-post-thumbnail","6":"product_brand-brandp_5487","7":"product_cat-cafetieres","8":"product_cat-cuisine-gourmet","9":"product_cat-petit-electromenager","10":"product_tag-tag_930","12":"first","13":"instock","14":"taxable","15":"shipping-taxable","16":"purchasable","17":"product-type-simple"},"_links":{"self":[{"href":"https:\/\/bigbuy.tupique.com\/es\/wp-json\/wp\/v2\/product\/64664","targetHints":{"allow":["GET"]}}],"collection":[{"href":"https:\/\/bigbuy.tupique.com\/es\/wp-json\/wp\/v2\/product"}],"about":[{"href":"https:\/\/bigbuy.tupique.com\/es\/wp-json\/wp\/v2\/types\/product"}],"replies":[{"embeddable":true,"href":"https:\/\/bigbuy.tupique.com\/es\/wp-json\/wp\/v2\/comments?post=64664"}],"wp:featuredmedia":[{"embeddable":true,"href":"https:\/\/bigbuy.tupique.com\/es\/wp-json\/wp\/v2\/media\/64654"}],"wp:attachment":[{"href":"https:\/\/bigbuy.tupique.com\/es\/wp-json\/wp\/v2\/media?parent=64664"}],"wp:term":[{"taxonomy":"product_brand","embeddable":true,"href":"https:\/\/bigbuy.tupique.com\/es\/wp-json\/wp\/v2\/product_brand?post=64664"},{"taxonomy":"product_cat","embeddable":true,"href":"https:\/\/bigbuy.tupique.com\/es\/wp-json\/wp\/v2\/product_cat?post=64664"},{"taxonomy":"product_tag","embeddable":true,"href":"https:\/\/bigbuy.tupique.com\/es\/wp-json\/wp\/v2\/product_tag?post=64664"}],"curies":[{"name":"wp","href":"https:\/\/api.w.org\/{rel}","templated":true}]}}