{"id":64522,"date":"2026-04-01T19:17:19","date_gmt":"2026-04-01T18:17:19","guid":{"rendered":"https:\/\/bigbuy.tupique.com\/produto\/dryer-bosch-wqg245d1es-9-kg\/"},"modified":"2026-04-15T05:48:59","modified_gmt":"2026-04-15T04:48:59","slug":"dryer-bosch-wqg245d1es-9-kg","status":"publish","type":"product","link":"https:\/\/bigbuy.tupique.com\/es\/produto\/dryer-bosch-wqg245d1es-9-kg\/","title":{"rendered":"S\u00e9cheuse BOSCH WQG245D1ES 9 kg"},"content":{"rendered":"<p>Si vous \u00eates \u00e0 la recherche de nouvelles tendances sur le march\u00e9, nous vous pr\u00e9sentons <b>S\u00e9cheuse BOSCH WQG245D1ES 9 kg<\/b> !<\/p>\n<ul>\n<li>Produit \u00e0 brancher: Oui<\/li>\n<li>Type de prise: Prise EU<\/li>\n<li>Type: S\u00e9cheuse<\/li>\n<li>Bloc d\u2019Alimentation: r\u00e9seau \u00e9lectrique<\/li>\n<li>Couleur: Blanc<\/li>\n<li>Classification \u00e9nerg\u00e9tique: C<\/li>\n<li>Niveau sonore: 61 dB<\/li>\n<li>Capacit\u00e9: 9 kg<\/li>\n<li>Largeur: 60 cm<\/li>\n<li>Caract\u00e9ristiques:\n<ul>\n<li>Verrouillage pour enfants<\/li>\n<li>\u00c9cran integr\u00e9<\/li>\n<\/ul>\n<\/li>\n<li>Technologie: LED<\/li>\n<li>Direction d&#8217;ouverture: Droite<\/li>\n<li>Type de charge: Frontal<\/li>\n<li>Fr\u00e9quence: 50 Hz<\/li>\n<li>Type de commande: Tactile<\/li>\n<li>Tension: 220-240 V<\/li>\n<li>Pieds: Ajustables<\/li>\n<li>Amp\u00e9rage: 10 A<\/li>\n<\/ul>","protected":false},"excerpt":{"rendered":"<p><span class=\"unit-info\">105.3322 &euro; \/ 1 kg<\/span><\/p>","protected":false},"featured_media":64520,"comment_status":"open","ping_status":"closed","template":"","meta":[],"product_brand":[162],"product_cat":[239,240,751],"product_tag":[],"class_list":{"0":"post-64522","1":"product","2":"type-product","3":"status-publish","4":"has-post-thumbnail","6":"product_brand-brandp_959","7":"product_cat-maison-jardin","8":"product_cat-nettoyage-aspirateur-et-repassage","9":"product_cat-seche-linge-fers-a-repasser-sechoirs","11":"first","12":"instock","13":"taxable","14":"shipping-taxable","15":"purchasable","16":"product-type-simple"},"_links":{"self":[{"href":"https:\/\/bigbuy.tupique.com\/es\/wp-json\/wp\/v2\/product\/64522","targetHints":{"allow":["GET"]}}],"collection":[{"href":"https:\/\/bigbuy.tupique.com\/es\/wp-json\/wp\/v2\/product"}],"about":[{"href":"https:\/\/bigbuy.tupique.com\/es\/wp-json\/wp\/v2\/types\/product"}],"replies":[{"embeddable":true,"href":"https:\/\/bigbuy.tupique.com\/es\/wp-json\/wp\/v2\/comments?post=64522"}],"wp:featuredmedia":[{"embeddable":true,"href":"https:\/\/bigbuy.tupique.com\/es\/wp-json\/wp\/v2\/media\/64520"}],"wp:attachment":[{"href":"https:\/\/bigbuy.tupique.com\/es\/wp-json\/wp\/v2\/media?parent=64522"}],"wp:term":[{"taxonomy":"product_brand","embeddable":true,"href":"https:\/\/bigbuy.tupique.com\/es\/wp-json\/wp\/v2\/product_brand?post=64522"},{"taxonomy":"product_cat","embeddable":true,"href":"https:\/\/bigbuy.tupique.com\/es\/wp-json\/wp\/v2\/product_cat?post=64522"},{"taxonomy":"product_tag","embeddable":true,"href":"https:\/\/bigbuy.tupique.com\/es\/wp-json\/wp\/v2\/product_tag?post=64522"}],"curies":[{"name":"wp","href":"https:\/\/api.w.org\/{rel}","templated":true}]}}