{"id":64392,"date":"2026-04-01T19:13:22","date_gmt":"2026-04-01T18:13:22","guid":{"rendered":"https:\/\/bigbuy.tupique.com\/produto\/washing-machine-sharp-1400-rpm-8-kg\/"},"modified":"2026-04-15T05:22:40","modified_gmt":"2026-04-15T04:22:40","slug":"washing-machine-sharp-1400-rpm-8-kg","status":"publish","type":"product","link":"https:\/\/bigbuy.tupique.com\/es\/produto\/washing-machine-sharp-1400-rpm-8-kg\/","title":{"rendered":"Machine \u00e0 laver Sharp 1400 rpm 8 kg"},"content":{"rendered":"<p>Si vous \u00eates \u00e0 la recherche de nouvelles tendances sur le march\u00e9, nous vous pr\u00e9sentons <b>Machine \u00e0 laver Sharp 1400 rpm 8 kg<\/b> !<\/p>\n<p>La <b>machine \u00e0 laver<\/b> Sharp en \u00e9l\u00e9gant <b>noir<\/b> offre une combinaison solide d\u2019efficacit\u00e9 et de capacit\u00e9, id\u00e9ale pour les foyers recherchant performance durable et design moderne. Elle dispose d\u2019une <b>capacit\u00e9 de 8 kg<\/b>, parfaite pour g\u00e9rer ais\u00e9ment la lessive hebdomadaire familiale, permettant de laver aussi bien des pi\u00e8ces volumineuses que de petites charges avec la m\u00eame efficacit\u00e9. Sa <b>classe \u00e9nerg\u00e9tique A<\/b> assure une faible consommation d\u2019\u00e9lectricit\u00e9, synonyme d\u2019\u00e9conomies \u00e0 long terme et d\u2019un impact environnemental r\u00e9duit par rapport aux mod\u00e8les moins performants. Le <b>chargement frontal<\/b> facilite l\u2019acc\u00e8s au tambour et optimise l\u2019espace, tandis que la <b>vitesse d\u2019essorage maximale de 1400 tr\/min<\/b> extrait plus d\u2019eau du linge, r\u00e9duisant ainsi le temps de s\u00e9chage et am\u00e9liorant l\u2019efficacit\u00e9 de chaque cycle. Elle propose \u00e9galement la <b>programmation diff\u00e9r\u00e9e<\/b>, permettant d\u2019adapter les cycles de lavage aux routines quotidiennes et de profiter des tarifs \u00e9lectriques avantageux. Son niveau sonore en fonctionnement est inf\u00e9rieur \u00e0 <b>75 dB<\/b>, contribuant \u00e0 un environnement domestique plus calme et agr\u00e9able, et tous ses contr\u00f4les ainsi que l\u2019interface sont configur\u00e9s en <b>espagnol<\/b> pour une utilisation simple et intuitive. Aliment\u00e9e par le <b>secteur<\/b>, cette machine \u00e0 laver Sharp r\u00e9pond aux attentes de ceux qui privil\u00e9gient efficacit\u00e9, capacit\u00e9 et facilit\u00e9 d\u2019utilisation dans les appareils \u00e9lectrom\u00e9nagers modernes. Avec ces caract\u00e9ristiques, la Sharp s\u2019impose comme un choix fiable et performant pour optimiser la lessive \u00e0 la maison.<\/p>\n<ul>\n<li>Type d&#8217;installation: Sous le plan de travail<\/li>\n<li>Produit \u00e0 brancher: Oui<\/li>\n<li>Langue: Espagnol<\/li>\n<li>Type de prise: Prise EU<\/li>\n<li>Bloc d\u2019Alimentation: r\u00e9seau \u00e9lectrique<\/li>\n<li>Programmes: Rapide<\/li>\n<li>Classification \u00e9nerg\u00e9tique: A<\/li>\n<li>vitesse: 1400 rpm<\/li>\n<li>Capacit\u00e9: 8 kg<\/li>\n<li>Couleur: Noir<\/li>\n<li>Type de charge: Frontal<\/li>\n<li>Niveau sonore: 75 dB<\/li>\n<\/ul>","protected":false},"excerpt":{"rendered":"<p><span class=\"unit-info\">61.3738 &euro; \/ 1 kg<\/span><\/p>","protected":false},"featured_media":64391,"comment_status":"open","ping_status":"closed","template":"","meta":[],"product_brand":[1088],"product_cat":[239,240,751],"product_tag":[],"class_list":{"0":"post-64392","1":"product","2":"type-product","3":"status-publish","4":"has-post-thumbnail","6":"product_brand-brandp_3340","7":"product_cat-maison-jardin","8":"product_cat-nettoyage-aspirateur-et-repassage","9":"product_cat-seche-linge-fers-a-repasser-sechoirs","11":"first","12":"instock","13":"taxable","14":"shipping-taxable","15":"purchasable","16":"product-type-simple"},"_links":{"self":[{"href":"https:\/\/bigbuy.tupique.com\/es\/wp-json\/wp\/v2\/product\/64392","targetHints":{"allow":["GET"]}}],"collection":[{"href":"https:\/\/bigbuy.tupique.com\/es\/wp-json\/wp\/v2\/product"}],"about":[{"href":"https:\/\/bigbuy.tupique.com\/es\/wp-json\/wp\/v2\/types\/product"}],"replies":[{"embeddable":true,"href":"https:\/\/bigbuy.tupique.com\/es\/wp-json\/wp\/v2\/comments?post=64392"}],"wp:featuredmedia":[{"embeddable":true,"href":"https:\/\/bigbuy.tupique.com\/es\/wp-json\/wp\/v2\/media\/64391"}],"wp:attachment":[{"href":"https:\/\/bigbuy.tupique.com\/es\/wp-json\/wp\/v2\/media?parent=64392"}],"wp:term":[{"taxonomy":"product_brand","embeddable":true,"href":"https:\/\/bigbuy.tupique.com\/es\/wp-json\/wp\/v2\/product_brand?post=64392"},{"taxonomy":"product_cat","embeddable":true,"href":"https:\/\/bigbuy.tupique.com\/es\/wp-json\/wp\/v2\/product_cat?post=64392"},{"taxonomy":"product_tag","embeddable":true,"href":"https:\/\/bigbuy.tupique.com\/es\/wp-json\/wp\/v2\/product_tag?post=64392"}],"curies":[{"name":"wp","href":"https:\/\/api.w.org\/{rel}","templated":true}]}}