{"id":63984,"date":"2026-04-01T18:45:14","date_gmt":"2026-04-01T17:45:14","guid":{"rendered":"https:\/\/bigbuy.tupique.com\/produto\/speakers-klipsch-r-41-pm-140-w\/"},"modified":"2026-04-15T03:34:33","modified_gmt":"2026-04-15T02:34:33","slug":"speakers-klipsch-r-41-pm-140-w","status":"publish","type":"product","link":"https:\/\/bigbuy.tupique.com\/es\/produto\/speakers-klipsch-r-41-pm-140-w\/","title":{"rendered":"Haut-parleurs KLIPSCH R 41-PM 140 W"},"content":{"rendered":"<p>Si vous \u00eates passionn\u00e9 d&#8217;<b>informatique et d&#8217;\u00e9lectronique<\/b>, si vous \u00eates \u00e0 la pointe de la technologie et qu&#8217;aucun d\u00e9tail ne vous \u00e9chappe, achetez <b>Haut-parleurs KLIPSCH R 41-PM 140 W<\/b> au meilleur prix.<\/p>\n<ul>\n<li>Unit\u00e9s: 2 Unit\u00e9s<\/li>\n<li>puissance: 140 W<\/li>\n<\/ul>","protected":false},"excerpt":{"rendered":"<p><span class=\"unit-info\">179.9950 &euro; \/ 1 unit<\/span><\/p>","protected":false},"featured_media":63983,"comment_status":"open","ping_status":"closed","template":"","meta":[],"product_brand":[1174],"product_cat":[755,763,65],"product_tag":[104,106],"class_list":{"0":"post-63984","1":"product","2":"type-product","3":"status-publish","4":"has-post-thumbnail","6":"product_brand-brandp_10063","7":"product_cat-electronique-son","8":"product_cat-haut-parleurs","9":"product_cat-informatique-electronique","10":"product_tag-tag_1279","11":"product_tag-tag_1295","13":"first","14":"instock","15":"taxable","16":"shipping-taxable","17":"purchasable","18":"product-type-simple"},"_links":{"self":[{"href":"https:\/\/bigbuy.tupique.com\/es\/wp-json\/wp\/v2\/product\/63984","targetHints":{"allow":["GET"]}}],"collection":[{"href":"https:\/\/bigbuy.tupique.com\/es\/wp-json\/wp\/v2\/product"}],"about":[{"href":"https:\/\/bigbuy.tupique.com\/es\/wp-json\/wp\/v2\/types\/product"}],"replies":[{"embeddable":true,"href":"https:\/\/bigbuy.tupique.com\/es\/wp-json\/wp\/v2\/comments?post=63984"}],"wp:featuredmedia":[{"embeddable":true,"href":"https:\/\/bigbuy.tupique.com\/es\/wp-json\/wp\/v2\/media\/63983"}],"wp:attachment":[{"href":"https:\/\/bigbuy.tupique.com\/es\/wp-json\/wp\/v2\/media?parent=63984"}],"wp:term":[{"taxonomy":"product_brand","embeddable":true,"href":"https:\/\/bigbuy.tupique.com\/es\/wp-json\/wp\/v2\/product_brand?post=63984"},{"taxonomy":"product_cat","embeddable":true,"href":"https:\/\/bigbuy.tupique.com\/es\/wp-json\/wp\/v2\/product_cat?post=63984"},{"taxonomy":"product_tag","embeddable":true,"href":"https:\/\/bigbuy.tupique.com\/es\/wp-json\/wp\/v2\/product_tag?post=63984"}],"curies":[{"name":"wp","href":"https:\/\/api.w.org\/{rel}","templated":true}]}}