{"id":63838,"date":"2026-04-01T18:40:56","date_gmt":"2026-04-01T17:40:56","guid":{"rendered":"https:\/\/bigbuy.tupique.com\/produto\/dishwasher-teka\/"},"modified":"2026-05-11T19:57:16","modified_gmt":"2026-05-11T17:57:16","slug":"dishwasher-teka","status":"publish","type":"product","link":"https:\/\/bigbuy.tupique.com\/es\/produto\/dishwasher-teka\/","title":{"rendered":"Lave-vaisselle Teka"},"content":{"rendered":"<p>Si vous \u00eates \u00e0 la recherche de nouvelles tendances sur le march\u00e9, nous vous pr\u00e9sentons <b>Lave-vaisselle Teka<\/b> !<\/p>\n<ul>\n<li>Produit \u00e0 brancher: Oui<\/li>\n<li>Type: Lave-vaisselle<\/li>\n<li>Type de prise: Prise EU<\/li>\n<li>Couleur: Noir<\/li>\n<li>Largeur: 60 cm<\/li>\n<li>Bloc d\u2019Alimentation: r\u00e9seau \u00e9lectrique<\/li>\n<li>Classification \u00e9nerg\u00e9tique: A<\/li>\n<li>Caract\u00e9ristiques:\n<ul>\n<li>Arr\u00eat Automatique<\/li>\n<li>Verrouillage pour enfants<\/li>\n<li>Lumi\u00e8re int\u00e9rieure<\/li>\n<li>\u00c9cran integr\u00e9<\/li>\n<li>Commande tactile<\/li>\n<li>Programmable<\/li>\n<li>Verrou de s\u00e9curit\u00e9<\/li>\n<li>Int\u00e9gr\u00e9<\/li>\n<li>Tiroir \u00e0 couverts<\/li>\n<\/ul>\n<\/li>\n<li>Type d&#8217;installation: Auto-assemblage<\/li>\n<li>Capacit\u00e9 (Nb de couverts): 15<\/li>\n<li>puissance: 1800 W<\/li>\n<li>Programmes: 8<\/li>\n<li>Fonctions:\n<ul>\n<li>ECO<\/li>\n<li>Auto-nettoyant<\/li>\n<li>Vapeur<\/li>\n<li>Programmes automatiques<\/li>\n<\/ul>\n<\/li>\n<li>Niveau sonore: 45 dB<\/li>\n<li>Connectivit\u00e9: No<\/li>\n<li>\u00c9lev\u00e9: 84,5 cm<\/li>\n<li>Capacit\u00e9: 14 Couverts<\/li>\n<\/ul>","protected":false},"excerpt":{"rendered":"<p>Si vous \u00eates \u00e0 la recherche de nouvelles tendances sur le march\u00e9, nous vous pr\u00e9sentons Lave-vaisselle Teka ! Produit \u00e0 brancher: Oui Type: Lave-vaisselle Type de prise: Prise EU Couleur: Noir Largeur: 60 cm Bloc d\u2019Alimentation: r\u00e9seau \u00e9lectrique Classification \u00e9nerg\u00e9tique: A Caract\u00e9ristiques: Arr\u00eat Automatique Verrouillage pour enfants Lumi\u00e8re int\u00e9rieure \u00c9cran integr\u00e9 Commande tactile Programmable Verrou [&hellip;]<\/p>\n","protected":false},"featured_media":63836,"comment_status":"open","ping_status":"closed","template":"","meta":[],"product_brand":[667],"product_cat":[393,60,77],"product_tag":[],"class_list":{"0":"post-63838","1":"product","2":"type-product","3":"status-publish","4":"has-post-thumbnail","6":"product_brand-brandp_1172","7":"product_cat-autres-appareils-de-cuisines","8":"product_cat-cuisine-gourmet","9":"product_cat-petit-electromenager","11":"first","12":"instock","13":"taxable","14":"shipping-taxable","15":"purchasable","16":"product-type-simple"},"_links":{"self":[{"href":"https:\/\/bigbuy.tupique.com\/es\/wp-json\/wp\/v2\/product\/63838","targetHints":{"allow":["GET"]}}],"collection":[{"href":"https:\/\/bigbuy.tupique.com\/es\/wp-json\/wp\/v2\/product"}],"about":[{"href":"https:\/\/bigbuy.tupique.com\/es\/wp-json\/wp\/v2\/types\/product"}],"replies":[{"embeddable":true,"href":"https:\/\/bigbuy.tupique.com\/es\/wp-json\/wp\/v2\/comments?post=63838"}],"wp:featuredmedia":[{"embeddable":true,"href":"https:\/\/bigbuy.tupique.com\/es\/wp-json\/wp\/v2\/media\/63836"}],"wp:attachment":[{"href":"https:\/\/bigbuy.tupique.com\/es\/wp-json\/wp\/v2\/media?parent=63838"}],"wp:term":[{"taxonomy":"product_brand","embeddable":true,"href":"https:\/\/bigbuy.tupique.com\/es\/wp-json\/wp\/v2\/product_brand?post=63838"},{"taxonomy":"product_cat","embeddable":true,"href":"https:\/\/bigbuy.tupique.com\/es\/wp-json\/wp\/v2\/product_cat?post=63838"},{"taxonomy":"product_tag","embeddable":true,"href":"https:\/\/bigbuy.tupique.com\/es\/wp-json\/wp\/v2\/product_tag?post=63838"}],"curies":[{"name":"wp","href":"https:\/\/api.w.org\/{rel}","templated":true}]}}