{"id":63737,"date":"2026-04-01T18:29:16","date_gmt":"2026-04-01T17:29:16","guid":{"rendered":"https:\/\/bigbuy.tupique.com\/produto\/induction-hot-plate-balay-3etg663rb-7400-w\/"},"modified":"2026-04-15T06:25:41","modified_gmt":"2026-04-15T05:25:41","slug":"induction-hot-plate-balay-3etg663rb-7400-w","status":"publish","type":"product","link":"https:\/\/bigbuy.tupique.com\/es\/produto\/induction-hot-plate-balay-3etg663rb-7400-w\/","title":{"rendered":"Plaque \u00e0 Induction Balay 3ETG663RB 7400 W"},"content":{"rendered":"<p>Si vous \u00eates \u00e0 la recherche de nouvelles tendances sur le march\u00e9, nous vous pr\u00e9sentons <b>Plaque \u00e0 Induction Balay 3ETG663RB 7400 W<\/b> !<\/p>\n<ul>\n<li>Type: Plaque \u00e0 Induction<\/li>\n<li>Produit \u00e0 brancher: Oui<\/li>\n<li>Largeur: 60 cm<\/li>\n<li>Bloc d\u2019Alimentation:\n<ul>\n<li>r\u00e9seau \u00e9lectrique<\/li>\n<li>Gaz<\/li>\n<\/ul>\n<\/li>\n<li>Zones de cuisson: 3<\/li>\n<li>Couleur: Noir<\/li>\n<li>Mati\u00e8re:\n<ul>\n<li>Acier inoxydable<\/li>\n<li>Verre c\u00e9ramique<\/li>\n<\/ul>\n<\/li>\n<li>Finition: Mat<\/li>\n<li>Inclut: Manuel d\u2019utilisation<\/li>\n<li>Contr\u00f4le: Plaque Tournante<\/li>\n<li>puissance: 7400 W<\/li>\n<li>Type d&#8217;installation: Sur le plan de travail<\/li>\n<li>Connectivit\u00e9: No<\/li>\n<li>Fonctions: Contr\u00f4le de la temp\u00e9rature<\/li>\n<\/ul>","protected":false},"excerpt":{"rendered":"<p>Si vous \u00eates \u00e0 la recherche de nouvelles tendances sur le march\u00e9, nous vous pr\u00e9sentons Plaque \u00e0 Induction Balay 3ETG663RB 7400 W ! Type: Plaque \u00e0 Induction Produit \u00e0 brancher: Oui Largeur: 60 cm Bloc d\u2019Alimentation: r\u00e9seau \u00e9lectrique Gaz Zones de cuisson: 3 Couleur: Noir Mati\u00e8re: Acier inoxydable Verre c\u00e9ramique Finition: Mat Inclut: Manuel d\u2019utilisation [&hellip;]<\/p>\n","protected":false},"featured_media":63736,"comment_status":"open","ping_status":"closed","template":"","meta":[],"product_brand":[114],"product_cat":[60,77,78],"product_tag":[55,56],"class_list":{"0":"post-63737","1":"product","2":"type-product","3":"status-publish","4":"has-post-thumbnail","6":"product_brand-brandp_1251","7":"product_cat-cuisine-gourmet","8":"product_cat-petit-electromenager","9":"product_cat-plaques-de-cuisson","10":"product_tag-tag_926","11":"product_tag-tag_930","13":"first","14":"instock","15":"taxable","16":"shipping-taxable","17":"purchasable","18":"product-type-simple"},"_links":{"self":[{"href":"https:\/\/bigbuy.tupique.com\/es\/wp-json\/wp\/v2\/product\/63737","targetHints":{"allow":["GET"]}}],"collection":[{"href":"https:\/\/bigbuy.tupique.com\/es\/wp-json\/wp\/v2\/product"}],"about":[{"href":"https:\/\/bigbuy.tupique.com\/es\/wp-json\/wp\/v2\/types\/product"}],"replies":[{"embeddable":true,"href":"https:\/\/bigbuy.tupique.com\/es\/wp-json\/wp\/v2\/comments?post=63737"}],"wp:featuredmedia":[{"embeddable":true,"href":"https:\/\/bigbuy.tupique.com\/es\/wp-json\/wp\/v2\/media\/63736"}],"wp:attachment":[{"href":"https:\/\/bigbuy.tupique.com\/es\/wp-json\/wp\/v2\/media?parent=63737"}],"wp:term":[{"taxonomy":"product_brand","embeddable":true,"href":"https:\/\/bigbuy.tupique.com\/es\/wp-json\/wp\/v2\/product_brand?post=63737"},{"taxonomy":"product_cat","embeddable":true,"href":"https:\/\/bigbuy.tupique.com\/es\/wp-json\/wp\/v2\/product_cat?post=63737"},{"taxonomy":"product_tag","embeddable":true,"href":"https:\/\/bigbuy.tupique.com\/es\/wp-json\/wp\/v2\/product_tag?post=63737"}],"curies":[{"name":"wp","href":"https:\/\/api.w.org\/{rel}","templated":true}]}}