{"id":63720,"date":"2026-04-01T18:28:51","date_gmt":"2026-04-01T17:28:51","guid":{"rendered":"https:\/\/bigbuy.tupique.com\/produto\/dryer-balay-3sb582be-8-kg\/"},"modified":"2026-04-15T06:25:30","modified_gmt":"2026-04-15T05:25:30","slug":"dryer-balay-3sb582be-8-kg","status":"publish","type":"product","link":"https:\/\/bigbuy.tupique.com\/es\/produto\/dryer-balay-3sb582be-8-kg\/","title":{"rendered":"S\u00e9cheuse Balay 3SB582BE 8 kg"},"content":{"rendered":"<p>Si vous recherchez des \u00e9lectrom\u00e9nagers pour votre maison aux meilleurs prix, ne manquez pas <b>S\u00e9cheuse Balay 3SB582BE 8 kg<\/b> et une large s\u00e9lection de petits \u00e9lectrom\u00e9nagers de qualit\u00e9 !<\/p>\n<p>Le <b>s\u00e8che-linge Balay 3SB582BE<\/b> est un appareil con\u00e7u pour offrir un s\u00e9chage efficace et d\u00e9licat du linge, avec une capacit\u00e9 de <b>8 kg<\/b>, id\u00e9al pour les familles de taille moyenne. Il int\u00e8gre un syst\u00e8me de <b>pompe \u00e0 chaleur<\/b> qui optimise la consommation d\u2019\u00e9nergie, le classant en <b>classe \u00e9nerg\u00e9tique D<\/b>, ce qui repr\u00e9sente un bon compromis entre performance et \u00e9conomie d\u2019\u00e9nergie par rapport aux mod\u00e8les classiques. Il pr\u00e9sente un <b>design blanc<\/b>, classique et polyvalent pour tout espace domestique, et dispose d\u2019une connexion standard pour prise europ\u00e9enne. Son fonctionnement est silencieux, avec un <b>niveau sonore de 62 d\u00e9cibels<\/b>, adapt\u00e9 \u00e0 un usage quotidien sans g\u00eane. Le s\u00e8che-linge propose une large gamme de programmes sp\u00e9cifiques \u2013 incluant des cycles de <b>40 minutes<\/b> et des options pour des v\u00eatements tels que <b>blouses ou chemises, tissus d\u00e9licats ou en soie, microfibre, v\u00eatements de sport ou d\u2019ext\u00e9rieur, serviettes et laine<\/b> \u2013, permettant un soin adapt\u00e9 \u00e0 chaque type de tissu, am\u00e9liorant la durabilit\u00e9 et la finition des v\u00eatements. De plus, il dispose d\u2019un <b>\u00e9cran int\u00e9gr\u00e9<\/b> facilitant la s\u00e9lection et le suivi des programmes, augmentant son ergonomie et sa facilit\u00e9 d\u2019utilisation. Sa technologie \u00e0 pompe \u00e0 chaleur permet un s\u00e9chage plus doux et \u00e0 basse temp\u00e9rature, contribuant \u00e0 pr\u00e9server les fibres des tissus et r\u00e9duisant la consommation \u00e9lectrique par rapport aux s\u00e8che-linge \u00e0 r\u00e9sistance classique. Le mod\u00e8le 3SB582BE allie fonctionnalit\u00e9 et efficacit\u00e9 dans un format accessible, r\u00e9pondant aux besoins de s\u00e9chage quotidiens avec une attention particuli\u00e8re au soin du linge et \u00e0 l\u2019\u00e9conomie d\u2019\u00e9nergie. En r\u00e9sum\u00e9, ce s\u00e8che-linge Balay offre un \u00e9quilibre entre capacit\u00e9, programmes vari\u00e9s et technologie avanc\u00e9e, r\u00e9pondant aux exigences modernes du foyer.<\/p>\n<ul>\n<li>Produit \u00e0 brancher: Oui<\/li>\n<li>Type de prise: Prise EU<\/li>\n<li>Classification \u00e9nerg\u00e9tique: D<\/li>\n<li>Type:\n<ul>\n<li>S\u00e9cheuse<\/li>\n<li>Pompe \u00e0 chaleur<\/li>\n<\/ul>\n<\/li>\n<li>Bloc d\u2019Alimentation: r\u00e9seau \u00e9lectrique<\/li>\n<li>Couleur: Blanc<\/li>\n<li>Capacit\u00e9: 8 kg<\/li>\n<\/ul>","protected":false},"excerpt":{"rendered":"<p><span class=\"unit-info\">84.4988 &euro; \/ 1 kg<\/span><\/p>","protected":false},"featured_media":63718,"comment_status":"open","ping_status":"closed","template":"","meta":[],"product_brand":[114],"product_cat":[239,240,751],"product_tag":[],"class_list":{"0":"post-63720","1":"product","2":"type-product","3":"status-publish","4":"has-post-thumbnail","6":"product_brand-brandp_1251","7":"product_cat-maison-jardin","8":"product_cat-nettoyage-aspirateur-et-repassage","9":"product_cat-seche-linge-fers-a-repasser-sechoirs","11":"first","12":"instock","13":"taxable","14":"shipping-taxable","15":"purchasable","16":"product-type-simple"},"_links":{"self":[{"href":"https:\/\/bigbuy.tupique.com\/es\/wp-json\/wp\/v2\/product\/63720","targetHints":{"allow":["GET"]}}],"collection":[{"href":"https:\/\/bigbuy.tupique.com\/es\/wp-json\/wp\/v2\/product"}],"about":[{"href":"https:\/\/bigbuy.tupique.com\/es\/wp-json\/wp\/v2\/types\/product"}],"replies":[{"embeddable":true,"href":"https:\/\/bigbuy.tupique.com\/es\/wp-json\/wp\/v2\/comments?post=63720"}],"wp:featuredmedia":[{"embeddable":true,"href":"https:\/\/bigbuy.tupique.com\/es\/wp-json\/wp\/v2\/media\/63718"}],"wp:attachment":[{"href":"https:\/\/bigbuy.tupique.com\/es\/wp-json\/wp\/v2\/media?parent=63720"}],"wp:term":[{"taxonomy":"product_brand","embeddable":true,"href":"https:\/\/bigbuy.tupique.com\/es\/wp-json\/wp\/v2\/product_brand?post=63720"},{"taxonomy":"product_cat","embeddable":true,"href":"https:\/\/bigbuy.tupique.com\/es\/wp-json\/wp\/v2\/product_cat?post=63720"},{"taxonomy":"product_tag","embeddable":true,"href":"https:\/\/bigbuy.tupique.com\/es\/wp-json\/wp\/v2\/product_tag?post=63720"}],"curies":[{"name":"wp","href":"https:\/\/api.w.org\/{rel}","templated":true}]}}