{"id":63707,"date":"2026-04-01T18:28:36","date_gmt":"2026-04-01T17:28:36","guid":{"rendered":"https:\/\/bigbuy.tupique.com\/produto\/digital-camera-hoverair-sp06h074\/"},"modified":"2026-04-15T06:25:08","modified_gmt":"2026-04-15T05:25:08","slug":"digital-camera-hoverair-sp06h074","status":"publish","type":"product","link":"https:\/\/bigbuy.tupique.com\/es\/produto\/digital-camera-hoverair-sp06h074\/","title":{"rendered":"Appareil Photo Num\u00e9rique Hoverair SP06H074"},"content":{"rendered":"<p>Si vous \u00eates \u00e0 la recherche de nouvelles tendances sur le march\u00e9, nous vous pr\u00e9sentons <b>Appareil Photo Num\u00e9rique Hoverair SP06H074<\/b> !<\/p>\n<ul>\n<li>Produit \u00e0 brancher: Oui<\/li>\n<li>Bloc d\u2019Alimentation: r\u00e9seau \u00e9lectrique<\/li>\n<li>Couleur: Noir<\/li>\n<li>Connexions: USB-C<\/li>\n<li>Piles incluses: Oui<\/li>\n<li>Capteur: CMOS<\/li>\n<li>Batterie: Oui<\/li>\n<li>Inclut:\n<ul>\n<li>Chargeur<\/li>\n<li>Housse de transport<\/li>\n<\/ul>\n<\/li>\n<li>M\u00e9moire RAM: 32 GB RAM<\/li>\n<\/ul>","protected":false},"excerpt":{"rendered":"<p>Si vous \u00eates \u00e0 la recherche de nouvelles tendances sur le march\u00e9, nous vous pr\u00e9sentons Appareil Photo Num\u00e9rique Hoverair SP06H074 ! Produit \u00e0 brancher: Oui Bloc d\u2019Alimentation: r\u00e9seau \u00e9lectrique Couleur: Noir Connexions: USB-C Piles incluses: Oui Capteur: CMOS Batterie: Oui Inclut: Chargeur Housse de transport M\u00e9moire RAM: 32 GB RAM<\/p>","protected":false},"featured_media":63703,"comment_status":"open","ping_status":"closed","template":"","meta":[],"product_brand":[1650],"product_cat":[1064,600,65],"product_tag":[571],"class_list":{"0":"post-63707","1":"product","2":"type-product","3":"status-publish","4":"has-post-thumbnail","6":"product_brand-brandp_9833","7":"product_cat-appareils-photo-compacts","8":"product_cat-electronique-photo-et-video","9":"product_cat-informatique-electronique","10":"product_tag-tag_27","12":"first","13":"instock","14":"taxable","15":"shipping-taxable","16":"purchasable","17":"product-type-simple"},"_links":{"self":[{"href":"https:\/\/bigbuy.tupique.com\/es\/wp-json\/wp\/v2\/product\/63707","targetHints":{"allow":["GET"]}}],"collection":[{"href":"https:\/\/bigbuy.tupique.com\/es\/wp-json\/wp\/v2\/product"}],"about":[{"href":"https:\/\/bigbuy.tupique.com\/es\/wp-json\/wp\/v2\/types\/product"}],"replies":[{"embeddable":true,"href":"https:\/\/bigbuy.tupique.com\/es\/wp-json\/wp\/v2\/comments?post=63707"}],"wp:featuredmedia":[{"embeddable":true,"href":"https:\/\/bigbuy.tupique.com\/es\/wp-json\/wp\/v2\/media\/63703"}],"wp:attachment":[{"href":"https:\/\/bigbuy.tupique.com\/es\/wp-json\/wp\/v2\/media?parent=63707"}],"wp:term":[{"taxonomy":"product_brand","embeddable":true,"href":"https:\/\/bigbuy.tupique.com\/es\/wp-json\/wp\/v2\/product_brand?post=63707"},{"taxonomy":"product_cat","embeddable":true,"href":"https:\/\/bigbuy.tupique.com\/es\/wp-json\/wp\/v2\/product_cat?post=63707"},{"taxonomy":"product_tag","embeddable":true,"href":"https:\/\/bigbuy.tupique.com\/es\/wp-json\/wp\/v2\/product_tag?post=63707"}],"curies":[{"name":"wp","href":"https:\/\/api.w.org\/{rel}","templated":true}]}}