{"id":63581,"date":"2026-04-01T18:25:16","date_gmt":"2026-04-01T17:25:16","guid":{"rendered":"https:\/\/bigbuy.tupique.com\/produto\/digital-camera-gopro-chdhf-132-eu-black\/"},"modified":"2026-04-15T05:48:48","modified_gmt":"2026-04-15T04:48:48","slug":"digital-camera-gopro-chdhf-132-eu-black","status":"publish","type":"product","link":"https:\/\/bigbuy.tupique.com\/es\/produto\/digital-camera-gopro-chdhf-132-eu-black\/","title":{"rendered":"Appareil Photo Num\u00e9rique GoPro CHDHF-132-EU Noir"},"content":{"rendered":"<p>Si vous \u00eates \u00e0 la recherche de nouvelles tendances sur le march\u00e9, nous vous pr\u00e9sentons <b>Appareil Photo Num\u00e9rique GoPro CHDHF-132-EU Noir<\/b> !<\/p>\n<p>La <b>cam\u00e9ra num\u00e9rique GoPro<\/b> de couleur <b>noir<\/b> est con\u00e7ue pour capturer des images et vid\u00e9os en <b>r\u00e9solution 4K Ultra HD<\/b>, offrant une qualit\u00e9 visuelle exceptionnelle avec une r\u00e9solution photo maximale de <b>4000 x 3000 pixels<\/b>. Cette cam\u00e9ra se distingue par sa robustesse et sa fonctionnalit\u00e9, \u00e9tant <b>\u00e9tanche<\/b>, ce qui en fait un outil id\u00e9al pour les activit\u00e9s en plein air, les sports et les aventures aquatiques sans craindre les dommages li\u00e9s \u00e0 l\u2019humidit\u00e9 ou aux \u00e9claboussures. \u00c9quip\u00e9e de la connectivit\u00e9 <b>Wi-Fi et Bluetooth<\/b>, elle permet un transfert facile des fichiers et un contr\u00f4le \u00e0 distance depuis des appareils compatibles, facilitant la gestion du contenu enregistr\u00e9 en temps r\u00e9el. Son <b>\u00e9cran tactile LCD de 4,47 pouces<\/b> offre une interface intuitive et confortable pour la visualisation et la configuration des param\u00e8tres, am\u00e9liorant l\u2019exp\u00e9rience utilisateur. Elle dispose \u00e9galement d\u2019un <b>microphone int\u00e9gr\u00e9<\/b> pour capturer un son clair qui compl\u00e8te la qualit\u00e9 visuelle. La cam\u00e9ra prend en charge les formats d\u2019image <b>JPG<\/b> et est compatible avec des cartes m\u00e9moire jusqu\u2019\u00e0 <b>512 Go<\/b>, offrant de larges possibilit\u00e9s de stockage pour des sessions prolong\u00e9es de prise de vue et d\u2019enregistrement. De plus, sa distance focale minimale, \u00e9quivalente \u00e0 15 mm en pellicule 35 mm, permet de capturer des sc\u00e8nes en grand angle, parfaites pour les paysages ou les vid\u00e9os d\u2019action. Fabriqu\u00e9e en Chine, cette GoPro combine des caract\u00e9ristiques techniques pertinentes qui r\u00e9pondent aux besoins des amateurs comme des professionnels recherchant qualit\u00e9, r\u00e9sistance et connectivit\u00e9 dans un appareil compact et polyvalent. En somme, cette cam\u00e9ra repr\u00e9sente une solution technique fiable pour capturer des moments en haute d\u00e9finition dans des environnements exigeants.<\/p>\n<ul>\n<li>Produit \u00e0 brancher: Oui<\/li>\n<li>Bloc d\u2019Alimentation:\n<ul>\n<li>r\u00e9seau \u00e9lectrique<\/li>\n<li>Batterie<\/li>\n<\/ul>\n<\/li>\n<li>Couleur: Noir<\/li>\n<li>Connectivit\u00e9:\n<ul>\n<li>Wi-Fi<\/li>\n<li>Bluetooth<\/li>\n<li>Bluetooth 5.2<\/li>\n<li>Bluetooth Low Energy<\/li>\n<\/ul>\n<\/li>\n<li>R\u00e9solution: 4K Ultra HD<\/li>\n<li>Caract\u00e9ristiques:\n<ul>\n<li>R\u00e9sistant \u00e0 l&#8217;eau<\/li>\n<li>\u00c9cran LCD<\/li>\n<li>Ecran tactile<\/li>\n<li>Microphone int\u00e9gr\u00e9<\/li>\n<li>\u00c9cran integr\u00e9<\/li>\n<\/ul>\n<\/li>\n<li>Connexions: USB-C<\/li>\n<li>Type de batterie:\n<ul>\n<li>Int\u00e9gr\u00e9e<\/li>\n<li>Litio Ion<\/li>\n<li>Batterie au lithium rechargeable<\/li>\n<\/ul>\n<\/li>\n<li>Capteur: CMOS<\/li>\n<li>Taille maximale de la carte m\u00e9moire: 512 GB<\/li>\n<li>Cartes M\u00e9moire Compatibles: MicroSD (TransFlash)<\/li>\n<\/ul>","protected":false},"excerpt":{"rendered":"<p>Si vous \u00eates \u00e0 la recherche de nouvelles tendances sur le march\u00e9, nous vous pr\u00e9sentons Appareil Photo Num\u00e9rique GoPro CHDHF-132-EU Noir ! La cam\u00e9ra num\u00e9rique GoPro de couleur noir est con\u00e7ue pour capturer des images et vid\u00e9os en r\u00e9solution 4K Ultra HD, offrant une qualit\u00e9 visuelle exceptionnelle avec une r\u00e9solution photo maximale de 4000 x [&hellip;]<\/p>\n","protected":false},"featured_media":63571,"comment_status":"open","ping_status":"closed","template":"","meta":[],"product_brand":[1575],"product_cat":[1064,600,65],"product_tag":[571],"class_list":{"0":"post-63581","1":"product","2":"type-product","3":"status-publish","4":"has-post-thumbnail","6":"product_brand-brandp_1056","7":"product_cat-appareils-photo-compacts","8":"product_cat-electronique-photo-et-video","9":"product_cat-informatique-electronique","10":"product_tag-tag_27","12":"first","13":"instock","14":"taxable","15":"shipping-taxable","16":"purchasable","17":"product-type-simple"},"_links":{"self":[{"href":"https:\/\/bigbuy.tupique.com\/es\/wp-json\/wp\/v2\/product\/63581","targetHints":{"allow":["GET"]}}],"collection":[{"href":"https:\/\/bigbuy.tupique.com\/es\/wp-json\/wp\/v2\/product"}],"about":[{"href":"https:\/\/bigbuy.tupique.com\/es\/wp-json\/wp\/v2\/types\/product"}],"replies":[{"embeddable":true,"href":"https:\/\/bigbuy.tupique.com\/es\/wp-json\/wp\/v2\/comments?post=63581"}],"wp:featuredmedia":[{"embeddable":true,"href":"https:\/\/bigbuy.tupique.com\/es\/wp-json\/wp\/v2\/media\/63571"}],"wp:attachment":[{"href":"https:\/\/bigbuy.tupique.com\/es\/wp-json\/wp\/v2\/media?parent=63581"}],"wp:term":[{"taxonomy":"product_brand","embeddable":true,"href":"https:\/\/bigbuy.tupique.com\/es\/wp-json\/wp\/v2\/product_brand?post=63581"},{"taxonomy":"product_cat","embeddable":true,"href":"https:\/\/bigbuy.tupique.com\/es\/wp-json\/wp\/v2\/product_cat?post=63581"},{"taxonomy":"product_tag","embeddable":true,"href":"https:\/\/bigbuy.tupique.com\/es\/wp-json\/wp\/v2\/product_tag?post=63581"}],"curies":[{"name":"wp","href":"https:\/\/api.w.org\/{rel}","templated":true}]}}