{"id":63570,"date":"2026-04-01T18:24:57","date_gmt":"2026-04-01T17:24:57","guid":{"rendered":"https:\/\/bigbuy.tupique.com\/produto\/pyrolytic-oven-teka-hsb6250p-3400-w-71-l\/"},"modified":"2026-05-11T19:57:08","modified_gmt":"2026-05-11T17:57:08","slug":"pyrolytic-oven-teka-hsb6250p-3400-w-71-l","status":"publish","type":"product","link":"https:\/\/bigbuy.tupique.com\/es\/produto\/pyrolytic-oven-teka-hsb6250p-3400-w-71-l\/","title":{"rendered":"Four \u00e0 pyrolyse Teka HSB6250P 3400 W 71 L"},"content":{"rendered":"<p>Si vous \u00eates \u00e0 la recherche de nouvelles tendances sur le march\u00e9, nous vous pr\u00e9sentons <b>Four \u00e0 pyrolyse Teka HSB6250P 3400 W 71 L<\/b> !<\/p>\n<ul>\n<li>Type de four:\n<ul>\n<li>Four<\/li>\n<li>Four \u00e0 pyrolyse<\/li>\n<\/ul>\n<\/li>\n<li>Produit \u00e0 brancher: Oui<\/li>\n<li>Type de prise: Prise EU<\/li>\n<li>Caract\u00e9ristiques: Lumi\u00e8re int\u00e9rieure<\/li>\n<li>Classification \u00e9nerg\u00e9tique: A+<\/li>\n<li>Type de commande: Plaque Tournante<\/li>\n<li>Couleur: Noir<\/li>\n<li>Fonctions:\n<ul>\n<li>Montre<\/li>\n<li>Minuterie<\/li>\n<li>Auto-nettoyant<\/li>\n<li>Arr\u00eat Automatique<\/li>\n<li>Four multifonction<\/li>\n<li>Programmes automatiques<\/li>\n<\/ul>\n<\/li>\n<li>Type d&#8217;installation: Int\u00e9grable<\/li>\n<li>Bloc d\u2019Alimentation: r\u00e9seau \u00e9lectrique<\/li>\n<li>puissance: 3400 W<\/li>\n<li>Grill: Oui<\/li>\n<li>consommation d&#8217;\u00e9nergie: 0,81 kWh<\/li>\n<li>Technologie: Four multifonction<\/li>\n<li>Auto-nettoyant: Oui<\/li>\n<li>Temp\u00e9rature max.: 250\u00baC<\/li>\n<li>Capacit\u00e9: 71 L<\/li>\n<li>\u00c9lev\u00e9: 59,5 cm<\/li>\n<li>Dimensions du trou d\u2019installation: 600 x 560 x 550 mm<\/li>\n<\/ul>","protected":false},"excerpt":{"rendered":"<p><span class=\"unit-info\">8.3379 &euro; \/ 1 l<\/span><\/p>","protected":false},"featured_media":63568,"comment_status":"open","ping_status":"closed","template":"","meta":[],"product_brand":[667],"product_cat":[60,747,77],"product_tag":[55],"class_list":{"0":"post-63570","1":"product","2":"type-product","3":"status-publish","4":"has-post-thumbnail","6":"product_brand-brandp_1172","7":"product_cat-cuisine-gourmet","8":"product_cat-fours","9":"product_cat-petit-electromenager","10":"product_tag-tag_926","12":"first","13":"instock","14":"taxable","15":"shipping-taxable","16":"purchasable","17":"product-type-simple"},"_links":{"self":[{"href":"https:\/\/bigbuy.tupique.com\/es\/wp-json\/wp\/v2\/product\/63570","targetHints":{"allow":["GET"]}}],"collection":[{"href":"https:\/\/bigbuy.tupique.com\/es\/wp-json\/wp\/v2\/product"}],"about":[{"href":"https:\/\/bigbuy.tupique.com\/es\/wp-json\/wp\/v2\/types\/product"}],"replies":[{"embeddable":true,"href":"https:\/\/bigbuy.tupique.com\/es\/wp-json\/wp\/v2\/comments?post=63570"}],"wp:featuredmedia":[{"embeddable":true,"href":"https:\/\/bigbuy.tupique.com\/es\/wp-json\/wp\/v2\/media\/63568"}],"wp:attachment":[{"href":"https:\/\/bigbuy.tupique.com\/es\/wp-json\/wp\/v2\/media?parent=63570"}],"wp:term":[{"taxonomy":"product_brand","embeddable":true,"href":"https:\/\/bigbuy.tupique.com\/es\/wp-json\/wp\/v2\/product_brand?post=63570"},{"taxonomy":"product_cat","embeddable":true,"href":"https:\/\/bigbuy.tupique.com\/es\/wp-json\/wp\/v2\/product_cat?post=63570"},{"taxonomy":"product_tag","embeddable":true,"href":"https:\/\/bigbuy.tupique.com\/es\/wp-json\/wp\/v2\/product_tag?post=63570"}],"curies":[{"name":"wp","href":"https:\/\/api.w.org\/{rel}","templated":true}]}}