{"id":63567,"date":"2026-04-01T18:24:53","date_gmt":"2026-04-01T17:24:53","guid":{"rendered":"https:\/\/bigbuy.tupique.com\/produto\/condensation-dryer-candy-croeh8n2te-s\/"},"modified":"2026-04-15T05:48:30","modified_gmt":"2026-04-15T04:48:30","slug":"condensation-dryer-candy-croeh8n2te-s","status":"publish","type":"product","link":"https:\/\/bigbuy.tupique.com\/es\/produto\/condensation-dryer-candy-croeh8n2te-s\/","title":{"rendered":"S\u00e9choir \u00e0 condensation Candy CROEH8N2TE-S"},"content":{"rendered":"<p>Si vous \u00eates \u00e0 la recherche de nouvelles tendances sur le march\u00e9, nous vous pr\u00e9sentons <b>S\u00e9choir \u00e0 condensation Candy CROEH8N2TE-S<\/b> !<\/p>\n<p>Le <b>s\u00e8che-linge \u00e0 condensation Candy<\/b> en couleur <b>blanc<\/b> offre une capacit\u00e9 de <b>8 kg<\/b>, adapt\u00e9e aux familles moyennes recherchant efficacit\u00e9 et polyvalence pour le s\u00e9chage de leurs v\u00eatements. \u00c9quip\u00e9 d\u2019un <b>syst\u00e8me de pompe \u00e0 chaleur<\/b> avanc\u00e9 qui r\u00e9duit la consommation d\u2019\u00e9nergie par rapport aux syst\u00e8mes traditionnels, ce mod\u00e8le pr\u00e9sente deux classes \u00e9nerg\u00e9tiques (<b>B et D<\/b>), indiquant un compromis moyen en efficacit\u00e9 pour optimiser performance et consommation. Son <b>moteur inverter<\/b> garantit un fonctionnement silencieux et durable, avec un niveau sonore de seulement <b>66 dB<\/b>, contribuant au confort \u00e0 la maison. Il dispose d\u2019une connectivit\u00e9 <b>Wi-Fi<\/b>, permettant de contr\u00f4ler et programmer le s\u00e8che-linge \u00e0 distance via une application mobile, facilitant la gestion des cycles selon les besoins quotidiens. Le s\u00e8che-linge comprend un <b>\u00e9cran int\u00e9gr\u00e9<\/b> pour une configuration intuitive et un acc\u00e8s simple \u00e0 ses <b>16 programmes de s\u00e9chage<\/b>, incluant des options sp\u00e9cifiques pour les textiles d\u00e9licats ou d\u2019usage fr\u00e9quent comme couleur, \u00e9co, quotidien, jean, rapide, refresh, chemises, sport, blanc et laine, assurant un traitement adapt\u00e9 \u00e0 chaque type de tissu. De plus, il propose des fonctions pratiques telles que le d\u00e9part diff\u00e9r\u00e9 jusqu\u2019\u00e0 24 heures et un <b>verrouillage enfant<\/b>, apportant une s\u00e9curit\u00e9 suppl\u00e9mentaire dans les foyers avec enfants. Ce mod\u00e8le allie technologie de chauffage efficace, confort et adaptabilit\u00e9, constituant une solution \u00e9quilibr\u00e9e pour ceux qui recherchent un s\u00e8che-linge fiable avec de bonnes performances techniques et une connectivit\u00e9 moderne.<\/p>\n<ul>\n<li>Produit \u00e0 brancher: Oui<\/li>\n<li>Type de prise: Prise EU<\/li>\n<li>Type: S\u00e9choir \u00e0 condensation<\/li>\n<li>Bloc d\u2019Alimentation: r\u00e9seau \u00e9lectrique<\/li>\n<li>Couleur: Blanc<\/li>\n<li>Classification \u00e9nerg\u00e9tique:\n<ul>\n<li>D<\/li>\n<li>B<\/li>\n<\/ul>\n<\/li>\n<li>Capacit\u00e9: 8 kg<\/li>\n<li>Largeur: 65 cm<\/li>\n<li>Caract\u00e9ristiques:\n<ul>\n<li>Verrouillage pour enfants<\/li>\n<li>\u00c9cran integr\u00e9<\/li>\n<\/ul>\n<\/li>\n<li>Connectivit\u00e9: Wi-Fi<\/li>\n<li>Type de charge: Frontal<\/li>\n<li>Niveau sonore: 66 dB<\/li>\n<\/ul>","protected":false},"excerpt":{"rendered":"<p><span class=\"unit-info\">74.6238 &euro; \/ 1 kg<\/span><\/p>","protected":false},"featured_media":63564,"comment_status":"open","ping_status":"closed","template":"","meta":[],"product_brand":[995],"product_cat":[239,240,751],"product_tag":[56],"class_list":{"0":"post-63567","1":"product","2":"type-product","3":"status-publish","4":"has-post-thumbnail","6":"product_brand-brandp_1688","7":"product_cat-maison-jardin","8":"product_cat-nettoyage-aspirateur-et-repassage","9":"product_cat-seche-linge-fers-a-repasser-sechoirs","10":"product_tag-tag_930","12":"first","13":"instock","14":"taxable","15":"shipping-taxable","16":"purchasable","17":"product-type-simple"},"_links":{"self":[{"href":"https:\/\/bigbuy.tupique.com\/es\/wp-json\/wp\/v2\/product\/63567","targetHints":{"allow":["GET"]}}],"collection":[{"href":"https:\/\/bigbuy.tupique.com\/es\/wp-json\/wp\/v2\/product"}],"about":[{"href":"https:\/\/bigbuy.tupique.com\/es\/wp-json\/wp\/v2\/types\/product"}],"replies":[{"embeddable":true,"href":"https:\/\/bigbuy.tupique.com\/es\/wp-json\/wp\/v2\/comments?post=63567"}],"wp:featuredmedia":[{"embeddable":true,"href":"https:\/\/bigbuy.tupique.com\/es\/wp-json\/wp\/v2\/media\/63564"}],"wp:attachment":[{"href":"https:\/\/bigbuy.tupique.com\/es\/wp-json\/wp\/v2\/media?parent=63567"}],"wp:term":[{"taxonomy":"product_brand","embeddable":true,"href":"https:\/\/bigbuy.tupique.com\/es\/wp-json\/wp\/v2\/product_brand?post=63567"},{"taxonomy":"product_cat","embeddable":true,"href":"https:\/\/bigbuy.tupique.com\/es\/wp-json\/wp\/v2\/product_cat?post=63567"},{"taxonomy":"product_tag","embeddable":true,"href":"https:\/\/bigbuy.tupique.com\/es\/wp-json\/wp\/v2\/product_tag?post=63567"}],"curies":[{"name":"wp","href":"https:\/\/api.w.org\/{rel}","templated":true}]}}