{"id":63447,"date":"2026-04-01T18:09:45","date_gmt":"2026-04-01T17:09:45","guid":{"rendered":"https:\/\/bigbuy.tupique.com\/produto\/digital-camera-gopro-chdhz-203-rw-black\/"},"modified":"2026-04-15T05:22:38","modified_gmt":"2026-04-15T04:22:38","slug":"digital-camera-gopro-chdhz-203-rw-black","status":"publish","type":"product","link":"https:\/\/bigbuy.tupique.com\/es\/produto\/digital-camera-gopro-chdhz-203-rw-black\/","title":{"rendered":"Appareil Photo Num\u00e9rique GoPro CHDHZ-203-RW Noir"},"content":{"rendered":"<p>Si vous \u00eates passionn\u00e9 d&#8217;<b>informatique et d&#8217;\u00e9lectronique<\/b>, si vous \u00eates \u00e0 la pointe de la technologie et qu&#8217;aucun d\u00e9tail ne vous \u00e9chappe, achetez <b>Appareil Photo Num\u00e9rique GoPro CHDHZ-203-RW Noir<\/b> au meilleur prix.<\/p>\n<p>La <b>cam\u00e9ra num\u00e9rique GoPro<\/b> de couleur <b>noir<\/b> est con\u00e7ue pour les utilisateurs qui exigent robustesse et haute qualit\u00e9 d\u2019image dans des conditions extr\u00eames. Parmi ses caract\u00e9ristiques principales, elle int\u00e8gre une connectivit\u00e9 <b>Bluetooth<\/b> et <b>Wi-Fi<\/b>, facilitant le transfert sans fil des images et le contr\u00f4le \u00e0 distance via des appareils mobiles. Elle dispose de connexions <b>USB et USB-C<\/b>, garantissant compatibilit\u00e9 et rapidit\u00e9 pour le transfert de donn\u00e9es et la charge. Son design comprend un <b>\u00e9cran tactile<\/b> intuitif qui am\u00e9liore l\u2019exp\u00e9rience utilisateur, permettant de visualiser et d\u2019ajuster facilement les r\u00e9glages. Cette cam\u00e9ra est <b>\u00e9tanche<\/b>, ce qui permet son utilisation en milieu aquatique sans bo\u00eetier suppl\u00e9mentaire, id\u00e9ale pour les sports d\u2019aventure ou les activit\u00e9s en plein air. De plus, elle offre un son en <b>st\u00e9r\u00e9o<\/b> gr\u00e2ce \u00e0 un <b>microphone int\u00e9gr\u00e9<\/b>, assurant une qualit\u00e9 audio adapt\u00e9e \u00e0 la plupart des enregistrements en mouvement. Sa capacit\u00e9 \u00e0 filmer en <b>r\u00e9solution 6K Ultra HD<\/b> garantit des images nettes et d\u00e9taill\u00e9es, adapt\u00e9es aux productions audiovisuelles professionnelles ou aux amateurs exigeants. L\u2019association de haute d\u00e9finition, robustesse, connectivit\u00e9 avanc\u00e9e et facilit\u00e9 d\u2019utilisation fait de cette cam\u00e9ra GoPro un outil polyvalent pour capturer des moments avec pr\u00e9cision et qualit\u00e9 sup\u00e9rieure. En r\u00e9sum\u00e9, c\u2019est une cam\u00e9ra num\u00e9rique fiable et fonctionnelle qui r\u00e9pond aux normes actuelles pour les utilisateurs actifs recherchant performance technique et durabilit\u00e9 dans leurs enregistrements.<\/p>\n<ul>\n<li>Produit \u00e0 brancher: Oui<\/li>\n<li>Bloc d\u2019Alimentation:\n<ul>\n<li>r\u00e9seau \u00e9lectrique<\/li>\n<li>Batterie<\/li>\n<\/ul>\n<\/li>\n<li>Couleur: Noir<\/li>\n<li>Connectivit\u00e9:\n<ul>\n<li>Wi-Fi<\/li>\n<li>Bluetooth<\/li>\n<li>GPS<\/li>\n<\/ul>\n<\/li>\n<li>Type: St\u00e9r\u00e9o<\/li>\n<li>Caract\u00e9ristiques:\n<ul>\n<li>R\u00e9sistant \u00e0 l&#8217;eau<\/li>\n<li>Ecran tactile<\/li>\n<li>Microphone int\u00e9gr\u00e9<\/li>\n<li>\u00c9cran integr\u00e9<\/li>\n<li>Garantie<\/li>\n<\/ul>\n<\/li>\n<li>Connexions:\n<ul>\n<li>USB<\/li>\n<li>USB-C<\/li>\n<\/ul>\n<\/li>\n<li>R\u00e9solution vid\u00e9o: 1080 p<\/li>\n<li>Inclut:\n<ul>\n<li>Batterie au lithium rechargeable<\/li>\n<li>Housse de transport<\/li>\n<li>Couvercle<\/li>\n<li>USB Type-C &#8211; USB Type-C<\/li>\n<\/ul>\n<\/li>\n<li>Non Inclus: Adaptateur AC<\/li>\n<li>Type de batterie:\n<ul>\n<li>Litio Ion<\/li>\n<li>Batterie au lithium rechargeable<\/li>\n<\/ul>\n<\/li>\n<\/ul>","protected":false},"excerpt":{"rendered":"<p>Si vous \u00eates passionn\u00e9 d&#8217;informatique et d&#8217;\u00e9lectronique, si vous \u00eates \u00e0 la pointe de la technologie et qu&#8217;aucun d\u00e9tail ne vous \u00e9chappe, achetez Appareil Photo Num\u00e9rique GoPro CHDHZ-203-RW Noir au meilleur prix. La cam\u00e9ra num\u00e9rique GoPro de couleur noir est con\u00e7ue pour les utilisateurs qui exigent robustesse et haute qualit\u00e9 d\u2019image dans des conditions extr\u00eames. [&hellip;]<\/p>\n","protected":false},"featured_media":63427,"comment_status":"open","ping_status":"closed","template":"","meta":[],"product_brand":[1575],"product_cat":[1064,600,65],"product_tag":[571],"class_list":{"0":"post-63447","1":"product","2":"type-product","3":"status-publish","4":"has-post-thumbnail","6":"product_brand-brandp_1056","7":"product_cat-appareils-photo-compacts","8":"product_cat-electronique-photo-et-video","9":"product_cat-informatique-electronique","10":"product_tag-tag_27","12":"first","13":"instock","14":"taxable","15":"shipping-taxable","16":"purchasable","17":"product-type-simple"},"_links":{"self":[{"href":"https:\/\/bigbuy.tupique.com\/es\/wp-json\/wp\/v2\/product\/63447","targetHints":{"allow":["GET"]}}],"collection":[{"href":"https:\/\/bigbuy.tupique.com\/es\/wp-json\/wp\/v2\/product"}],"about":[{"href":"https:\/\/bigbuy.tupique.com\/es\/wp-json\/wp\/v2\/types\/product"}],"replies":[{"embeddable":true,"href":"https:\/\/bigbuy.tupique.com\/es\/wp-json\/wp\/v2\/comments?post=63447"}],"wp:featuredmedia":[{"embeddable":true,"href":"https:\/\/bigbuy.tupique.com\/es\/wp-json\/wp\/v2\/media\/63427"}],"wp:attachment":[{"href":"https:\/\/bigbuy.tupique.com\/es\/wp-json\/wp\/v2\/media?parent=63447"}],"wp:term":[{"taxonomy":"product_brand","embeddable":true,"href":"https:\/\/bigbuy.tupique.com\/es\/wp-json\/wp\/v2\/product_brand?post=63447"},{"taxonomy":"product_cat","embeddable":true,"href":"https:\/\/bigbuy.tupique.com\/es\/wp-json\/wp\/v2\/product_cat?post=63447"},{"taxonomy":"product_tag","embeddable":true,"href":"https:\/\/bigbuy.tupique.com\/es\/wp-json\/wp\/v2\/product_tag?post=63447"}],"curies":[{"name":"wp","href":"https:\/\/api.w.org\/{rel}","templated":true}]}}