{"id":63409,"date":"2026-04-01T18:08:49","date_gmt":"2026-04-01T17:08:49","guid":{"rendered":"https:\/\/bigbuy.tupique.com\/produto\/oven-lg-ws5d7230s-72-l\/"},"modified":"2026-05-11T19:57:12","modified_gmt":"2026-05-11T17:57:12","slug":"oven-lg-ws5d7230s-72-l","status":"publish","type":"product","link":"https:\/\/bigbuy.tupique.com\/es\/produto\/oven-lg-ws5d7230s-72-l\/","title":{"rendered":"Four LG WS5D7230S 72 L"},"content":{"rendered":"<p>Si vous pensez r\u00e9nover votre cuisine, achetez <b>Four LG WS5D7230S 72 L<\/b> et d\u00b4autres <b>produits LG<\/b> !<\/p>\n<p>Le <b>Four<\/b> <b>WS5D7230S<\/b> de la marque LG est un appareil \u00e9lectrom\u00e9nager performant con\u00e7u pour offrir une exp\u00e9rience culinaire efficace et s\u00fbre. Avec une <b>capacit\u00e9 de 72 litres<\/b> et une <b>largeur de 59,5 cm<\/b>, il offre un espace suffisant pour cuire plusieurs plats simultan\u00e9ment, s\u2019adaptant bien aux cuisines familiales ou \u00e0 un usage fr\u00e9quent. Sa <b>finition en acier<\/b> inoxydable lui conf\u00e8re un aspect moderne et robuste, id\u00e9al pour s\u2019int\u00e9grer dans tout design de cuisine contemporain. Ce mod\u00e8le dispose d\u2019un syst\u00e8me d\u2019<b>auto-nettoyage pyrolytique<\/b>, qui \u00e9limine automatiquement r\u00e9sidus et graisses \u00e0 haute temp\u00e9rature, facilitant l\u2019entretien et prolongeant la dur\u00e9e de vie du four. Il int\u00e8gre \u00e9galement une <b>lumi\u00e8re int\u00e9rieure halog\u00e8ne<\/b> qui \u00e9claire clairement l\u2019int\u00e9rieur, permettant de surveiller la cuisson sans ouvrir la porte et perdre de la chaleur. L\u2019efficacit\u00e9 \u00e9nerg\u00e9tique est class\u00e9e <b>classe A<\/b>, garantissant une consommation \u00e9lectrique r\u00e9duite et un fonctionnement respectueux de l\u2019environnement. C\u00f4t\u00e9 ergonomie, il est \u00e9quip\u00e9 d\u2019un <b>panneau de commande tactile combin\u00e9 \u00e0 des boutons rotatifs<\/b>, offrant pr\u00e9cision et confort pour s\u00e9lectionner les diff\u00e9rentes options et programmes de cuisson. Parmi ses fonctions de s\u00e9curit\u00e9, on note l\u2019<b>arr\u00eat automatique<\/b>, qui pr\u00e9vient les accidents en coupant l\u2019alimentation apr\u00e8s un certain temps, ainsi que le <b>verrouillage enfant<\/b>, essentiel pour \u00e9viter toute manipulation involontaire et prot\u00e9ger les plus jeunes. L\u2019ajout d\u2019un <b>\u00e9cran LED<\/b> moderne facilite la lecture des r\u00e9glages et le suivi des cycles de cuisson. En r\u00e9sum\u00e9, ce four LG WS5D7230S allie efficacit\u00e9, capacit\u00e9 et s\u00e9curit\u00e9 avec des technologies avanc\u00e9es et un design solide, constituant une solution pratique pour ceux qui recherchent un appareil fiable et fonctionnel pour leur cuisine.<\/p>\n<ul>\n<li>Type de four: Four<\/li>\n<li>Produit \u00e0 brancher: Oui<\/li>\n<li>Type de prise: Prise EU<\/li>\n<li>Caract\u00e9ristiques:\n<ul>\n<li>Lumi\u00e8re int\u00e9rieure<\/li>\n<li>Arr\u00eat Automatique<\/li>\n<li>Verrouillage pour enfants<\/li>\n<li>\u00c9cran integr\u00e9<\/li>\n<\/ul>\n<\/li>\n<li>Classification \u00e9nerg\u00e9tique: A<\/li>\n<li>Technologie: LED<\/li>\n<li>Couleur: Acier<\/li>\n<li>Bloc d\u2019Alimentation: r\u00e9seau \u00e9lectrique<\/li>\n<li>Fr\u00e9quence: 50 &#8211; 60 Hz<\/li>\n<li>Fonctions: Auto-nettoyant<\/li>\n<li>Tension: 220-240 V<\/li>\n<li>Type d&#8217;installation: Montage mural<\/li>\n<li>Lampe: 1<\/li>\n<li>Type: Int\u00e9gr\u00e9<\/li>\n<li>Capacit\u00e9: 72 L<\/li>\n<li>Largeur: 59,5 cm<\/li>\n<\/ul>","protected":false},"excerpt":{"rendered":"<p><span class=\"unit-info\">8.4582 &euro; \/ 1 l<\/span><\/p>","protected":false},"featured_media":63401,"comment_status":"open","ping_status":"closed","template":"","meta":[],"product_brand":[662],"product_cat":[60,747,77],"product_tag":[55],"class_list":{"0":"post-63409","1":"product","2":"type-product","3":"status-publish","4":"has-post-thumbnail","6":"product_brand-brandp_559","7":"product_cat-cuisine-gourmet","8":"product_cat-fours","9":"product_cat-petit-electromenager","10":"product_tag-tag_926","12":"first","13":"instock","14":"taxable","15":"shipping-taxable","16":"purchasable","17":"product-type-simple"},"_links":{"self":[{"href":"https:\/\/bigbuy.tupique.com\/es\/wp-json\/wp\/v2\/product\/63409","targetHints":{"allow":["GET"]}}],"collection":[{"href":"https:\/\/bigbuy.tupique.com\/es\/wp-json\/wp\/v2\/product"}],"about":[{"href":"https:\/\/bigbuy.tupique.com\/es\/wp-json\/wp\/v2\/types\/product"}],"replies":[{"embeddable":true,"href":"https:\/\/bigbuy.tupique.com\/es\/wp-json\/wp\/v2\/comments?post=63409"}],"wp:featuredmedia":[{"embeddable":true,"href":"https:\/\/bigbuy.tupique.com\/es\/wp-json\/wp\/v2\/media\/63401"}],"wp:attachment":[{"href":"https:\/\/bigbuy.tupique.com\/es\/wp-json\/wp\/v2\/media?parent=63409"}],"wp:term":[{"taxonomy":"product_brand","embeddable":true,"href":"https:\/\/bigbuy.tupique.com\/es\/wp-json\/wp\/v2\/product_brand?post=63409"},{"taxonomy":"product_cat","embeddable":true,"href":"https:\/\/bigbuy.tupique.com\/es\/wp-json\/wp\/v2\/product_cat?post=63409"},{"taxonomy":"product_tag","embeddable":true,"href":"https:\/\/bigbuy.tupique.com\/es\/wp-json\/wp\/v2\/product_tag?post=63409"}],"curies":[{"name":"wp","href":"https:\/\/api.w.org\/{rel}","templated":true}]}}