{"id":63379,"date":"2026-04-01T18:08:06","date_gmt":"2026-04-01T17:08:06","guid":{"rendered":"https:\/\/bigbuy.tupique.com\/produto\/speakers-jbl-xd6-blanco-white-100-w-20-w-2-units\/"},"modified":"2026-05-11T19:57:12","modified_gmt":"2026-05-11T17:57:12","slug":"speakers-jbl-xd6-blanco-white-100-w-20-w-2-units","status":"publish","type":"product","link":"https:\/\/bigbuy.tupique.com\/es\/produto\/speakers-jbl-xd6-blanco-white-100-w-20-w-2-units\/","title":{"rendered":"Haut-parleurs JBL XD6 BLANCO Blanc 100 W 20 W (2 Unit\u00e9s)"},"content":{"rendered":"<p>Si vous \u00eates \u00e0 la recherche de nouvelles tendances sur le march\u00e9, nous vous pr\u00e9sentons <b>Haut-parleurs JBL XD6 BLANCO Blanc 100 W 20 W (2 Unit\u00e9s)<\/b> !<\/p>\n<ul>\n<li>Couleur: Blanc<\/li>\n<li>Caract\u00e9ristiques:\n<ul>\n<li>Verrouillage pour enfants<\/li>\n<li>Montage mural<\/li>\n<\/ul>\n<\/li>\n<li>puissance:\n<ul>\n<li>100 W<\/li>\n<li>20 W<\/li>\n<\/ul>\n<\/li>\n<li>Puissance RMS:\n<ul>\n<li>80 W<\/li>\n<li>20W<\/li>\n<\/ul>\n<\/li>\n<li>Unit\u00e9s: 2 Unit\u00e9s<\/li>\n<\/ul>","protected":false},"excerpt":{"rendered":"<p>Si vous \u00eates \u00e0 la recherche de nouvelles tendances sur le march\u00e9, nous vous pr\u00e9sentons Haut-parleurs JBL XD6 BLANCO Blanc 100 W 20 W (2 Unit\u00e9s) ! Couleur: Blanc Caract\u00e9ristiques: Verrouillage pour enfants Montage mural puissance: 100 W 20 W Puissance RMS: 80 W 20W Unit\u00e9s: 2 Unit\u00e9s<\/p>","protected":false},"featured_media":63378,"comment_status":"open","ping_status":"closed","template":"","meta":[],"product_brand":[1574],"product_cat":[755,763,65],"product_tag":[106],"class_list":{"0":"post-63379","1":"product","2":"type-product","3":"status-publish","4":"has-post-thumbnail","6":"product_brand-brandp_2838","7":"product_cat-electronique-son","8":"product_cat-haut-parleurs","9":"product_cat-informatique-electronique","10":"product_tag-tag_1295","12":"first","13":"instock","14":"taxable","15":"shipping-taxable","16":"purchasable","17":"product-type-simple"},"_links":{"self":[{"href":"https:\/\/bigbuy.tupique.com\/es\/wp-json\/wp\/v2\/product\/63379","targetHints":{"allow":["GET"]}}],"collection":[{"href":"https:\/\/bigbuy.tupique.com\/es\/wp-json\/wp\/v2\/product"}],"about":[{"href":"https:\/\/bigbuy.tupique.com\/es\/wp-json\/wp\/v2\/types\/product"}],"replies":[{"embeddable":true,"href":"https:\/\/bigbuy.tupique.com\/es\/wp-json\/wp\/v2\/comments?post=63379"}],"wp:featuredmedia":[{"embeddable":true,"href":"https:\/\/bigbuy.tupique.com\/es\/wp-json\/wp\/v2\/media\/63378"}],"wp:attachment":[{"href":"https:\/\/bigbuy.tupique.com\/es\/wp-json\/wp\/v2\/media?parent=63379"}],"wp:term":[{"taxonomy":"product_brand","embeddable":true,"href":"https:\/\/bigbuy.tupique.com\/es\/wp-json\/wp\/v2\/product_brand?post=63379"},{"taxonomy":"product_cat","embeddable":true,"href":"https:\/\/bigbuy.tupique.com\/es\/wp-json\/wp\/v2\/product_cat?post=63379"},{"taxonomy":"product_tag","embeddable":true,"href":"https:\/\/bigbuy.tupique.com\/es\/wp-json\/wp\/v2\/product_tag?post=63379"}],"curies":[{"name":"wp","href":"https:\/\/api.w.org\/{rel}","templated":true}]}}