{"id":63325,"date":"2026-04-01T18:06:57","date_gmt":"2026-04-01T17:06:57","guid":{"rendered":"https:\/\/bigbuy.tupique.com\/produto\/smartwatch-samsung-sm-l320nzsaeub\/"},"modified":"2026-05-11T19:57:13","modified_gmt":"2026-05-11T17:57:13","slug":"smartwatch-samsung-sm-l320nzsaeub","status":"publish","type":"product","link":"https:\/\/bigbuy.tupique.com\/es\/produto\/smartwatch-samsung-sm-l320nzsaeub\/","title":{"rendered":"Montre intelligente Samsung SM-L320NZSAEUB"},"content":{"rendered":"<p>Si vous \u00eates \u00e0 la recherche de nouvelles tendances sur le march\u00e9, nous vous pr\u00e9sentons <b>Montre intelligente Samsung SM-L320NZSAEUB<\/b> !<\/p>\n<p>La <b>Samsung Galaxy Watch 8<\/b> se pr\u00e9sente comme une <b>smartwatch<\/b> avanc\u00e9e alliant un design raffin\u00e9 et compact \u00e0 des fonctionnalit\u00e9s de pointe d\u00e9di\u00e9es au suivi de la sant\u00e9 et au mode de vie quotidien. Ce mod\u00e8le, en <b>blanc \u00e9l\u00e9gant<\/b> avec un <b>bo\u00eetier de 40 mm<\/b> en <b>aluminium<\/b>, offre une construction l\u00e9g\u00e8re et r\u00e9sistante qui s\u2019adapte confortablement au poignet, id\u00e9ale pour un usage quotidien comme pour le sport. Il int\u00e8gre la <b>connectivit\u00e9 Bluetooth et Wi-Fi<\/b> pour une synchronisation efficace avec les smartphones et autres appareils compatibles, permettant de g\u00e9rer notifications, appels et applications directement depuis le poignet. Parmi ses principaux capteurs figurent l\u2019<b>acc\u00e9l\u00e9rom\u00e8tre et le barom\u00e8tre<\/b>, fournissant des mesures pr\u00e9cises sur l\u2019activit\u00e9 physique, les pas, la distance et les \u00e9tages gravis, tandis que les <b>haut-parleurs int\u00e9gr\u00e9s<\/b> permettent de recevoir des alertes sonores et d\u2019utiliser les fonctions vocales. Le syst\u00e8me d\u2019exploitation et les services optimis\u00e9s de Samsung donnent un acc\u00e8s facile aux fonctions bien-\u00eatre, comme le suivi du rythme cardiaque, la qualit\u00e9 du sommeil et des programmes d\u2019entra\u00eenement personnalis\u00e9s, essentiels pour ceux qui souhaitent surveiller et am\u00e9liorer leur sant\u00e9 globale. L\u2019int\u00e9gration d\u2019un \u00e9cosyst\u00e8me d\u2019applications complet, associ\u00e9e \u00e0 un \u00e9cran tactile haute visibilit\u00e9, fait de la Galaxy Watch 8 un outil polyvalent pour les sportifs comme pour les utilisateurs appr\u00e9ciant la connectivit\u00e9 et la gestion intelligente du temps et des activit\u00e9s quotidiennes. En r\u00e9sum\u00e9, cette montre connect\u00e9e Samsung offre un excellent \u00e9quilibre entre technologie avanc\u00e9e et design, r\u00e9pondant aux attentes fonctionnelles et esth\u00e9tiques d\u2019un public \u00e0 la recherche d\u2019un wearable fiable et attrayant.<\/p>\n<ul>\n<li>Type de montre: Montre intelligente<\/li>\n<li>Produit \u00e0 brancher: Oui<\/li>\n<li>Type de prise: Prise EU<\/li>\n<li>Bloc d\u2019Alimentation: r\u00e9seau \u00e9lectrique<\/li>\n<li>Connectivit\u00e9:\n<ul>\n<li>Bluetooth<\/li>\n<li>Wi-Fi<\/li>\n<li>GPS<\/li>\n<li>NFC<\/li>\n<li>Glonass<\/li>\n<li>BeiDou<\/li>\n<li>Galileo<\/li>\n<li>Bluetooth 5.3<\/li>\n<\/ul>\n<\/li>\n<li>Couleur:\n<ul>\n<li>Blanc<\/li>\n<li>Argent\u00e9<\/li>\n<\/ul>\n<\/li>\n<li>Taille: 40 mm<\/li>\n<li>Mati\u00e8re: Aluminium<\/li>\n<li>Caract\u00e9ristiques:\n<ul>\n<li>Acc\u00e9l\u00e9rom\u00e8tre<\/li>\n<li>Haut-parleurs int\u00e9gr\u00e9s<\/li>\n<li>Barom\u00e8tre<\/li>\n<li>Ecran tactile<\/li>\n<li>Gyroscope<\/li>\n<li>Microphone int\u00e9gr\u00e9<\/li>\n<li>Capteur optique<\/li>\n<li>Moniteur de Sommeil<\/li>\n<li>5 atm<\/li>\n<li>Capteur g\u00e9omagn\u00e9tique<\/li>\n<\/ul>\n<\/li>\n<li>Fonctions:\n<ul>\n<li>\u00c9cran couleur<\/li>\n<li>Moniteur de Sommeil<\/li>\n<li>Moniteur de fr\u00e9quence cardiaque<\/li>\n<\/ul>\n<\/li>\n<li>Type de batterie: Int\u00e9gr\u00e9e<\/li>\n<li>M\u00e9moire interne: 32 GB<\/li>\n<li>Caisse: 40 mm<\/li>\n<li>Mat\u00e9riau du bracelet: Silicone<\/li>\n<li>Couleur du bracelet: Argent<\/li>\n<li>Forme: Rond<\/li>\n<li>Classification IP: IP68<\/li>\n<li>Type de fermeture: Boucle<\/li>\n<li>Genre: Unisexe<\/li>\n<li>GPS: Oui<\/li>\n<li>Ecran: 1,3&#8243;<\/li>\n<li>Imperm\u00e9abilit\u00e9: 5 atm<\/li>\n<li>Autonomie approx.: 30 heures<\/li>\n<li>Compatible:\n<ul>\n<li>Android<\/li>\n<li>iOS<\/li>\n<\/ul>\n<\/li>\n<li>Technologie: AMOLED<\/li>\n<li>Bracelet: R\u00e9glable<\/li>\n<li>Chargeur sans fil: Oui<\/li>\n<li>Bracelet \u00e0 montre: Silicone<\/li>\n<li>Diam\u00e8tre du bo\u00eetier: \u00d8 40 mm<\/li>\n<li>Couleur du cadran: Argent<\/li>\n<li>Couleur du bo\u00eetier de l&#8217;horloge: Argent\u00e9<\/li>\n<li>Syst\u00e8me d&#8217;exploitation: Wear OS<\/li>\n<li>Diam\u00e8tre du bo\u00eetier de la montre: \u00d8 40 mm<\/li>\n<\/ul>","protected":false},"excerpt":{"rendered":"<p>Si vous \u00eates \u00e0 la recherche de nouvelles tendances sur le march\u00e9, nous vous pr\u00e9sentons Montre intelligente Samsung SM-L320NZSAEUB ! La Samsung Galaxy Watch 8 se pr\u00e9sente comme une smartwatch avanc\u00e9e alliant un design raffin\u00e9 et compact \u00e0 des fonctionnalit\u00e9s de pointe d\u00e9di\u00e9es au suivi de la sant\u00e9 et au mode de vie quotidien. Ce [&hellip;]<\/p>\n","protected":false},"featured_media":63324,"comment_status":"open","ping_status":"closed","template":"","meta":[],"product_brand":[183],"product_cat":[575,65,748],"product_tag":[103,566,106],"class_list":{"0":"post-63325","1":"product","2":"type-product","3":"status-publish","4":"has-post-thumbnail","6":"product_brand-brandp_576","7":"product_cat-electronique-telephonie-et-tablettes","8":"product_cat-informatique-electronique","9":"product_cat-smartwatches","10":"product_tag-tag_1261","11":"product_tag-tag_547","12":"product_tag-tag_1295","14":"first","15":"instock","16":"taxable","17":"shipping-taxable","18":"purchasable","19":"product-type-simple"},"_links":{"self":[{"href":"https:\/\/bigbuy.tupique.com\/es\/wp-json\/wp\/v2\/product\/63325","targetHints":{"allow":["GET"]}}],"collection":[{"href":"https:\/\/bigbuy.tupique.com\/es\/wp-json\/wp\/v2\/product"}],"about":[{"href":"https:\/\/bigbuy.tupique.com\/es\/wp-json\/wp\/v2\/types\/product"}],"replies":[{"embeddable":true,"href":"https:\/\/bigbuy.tupique.com\/es\/wp-json\/wp\/v2\/comments?post=63325"}],"wp:featuredmedia":[{"embeddable":true,"href":"https:\/\/bigbuy.tupique.com\/es\/wp-json\/wp\/v2\/media\/63324"}],"wp:attachment":[{"href":"https:\/\/bigbuy.tupique.com\/es\/wp-json\/wp\/v2\/media?parent=63325"}],"wp:term":[{"taxonomy":"product_brand","embeddable":true,"href":"https:\/\/bigbuy.tupique.com\/es\/wp-json\/wp\/v2\/product_brand?post=63325"},{"taxonomy":"product_cat","embeddable":true,"href":"https:\/\/bigbuy.tupique.com\/es\/wp-json\/wp\/v2\/product_cat?post=63325"},{"taxonomy":"product_tag","embeddable":true,"href":"https:\/\/bigbuy.tupique.com\/es\/wp-json\/wp\/v2\/product_tag?post=63325"}],"curies":[{"name":"wp","href":"https:\/\/api.w.org\/{rel}","templated":true}]}}