{"id":63323,"date":"2026-04-01T18:06:55","date_gmt":"2026-04-01T17:06:55","guid":{"rendered":"https:\/\/bigbuy.tupique.com\/produto\/smart-tv-panasonic-tb-55w61aez\/"},"modified":"2026-04-15T04:48:03","modified_gmt":"2026-04-15T03:48:03","slug":"smart-tv-panasonic-tb-55w61aez","status":"publish","type":"product","link":"https:\/\/bigbuy.tupique.com\/es\/produto\/smart-tv-panasonic-tb-55w61aez\/","title":{"rendered":"TV intelligente Panasonic TB-55W61AEZ"},"content":{"rendered":"<p>Si vous \u00eates \u00e0 la recherche de nouvelles tendances sur le march\u00e9, nous vous pr\u00e9sentons <b>TV intelligente Panasonic TB-55W61AEZ<\/b> !<\/p>\n<p>La <b>Smart TV Panasonic de 55 pouces<\/b> se pr\u00e9sente comme une option polyvalente pour ceux qui recherchent une qualit\u00e9 d\u2019image et une technologie avanc\u00e9e dans une grande taille de <b>139,7 cm en diagonale<\/b>. Son \u00e9cran LED avec une r\u00e9solution <b>4K Ultra HD (3840 x 2160 pixels)<\/b> offre une nettet\u00e9 remarquable et des d\u00e9tails pr\u00e9cis, permettant de profiter d\u2019un contenu avec une clart\u00e9 sup\u00e9rieure et des couleurs r\u00e9alistes. Cette t\u00e9l\u00e9vision dispose d\u2019un <b>syst\u00e8me d\u2019exploitation TiVo<\/b>, qui facilite l\u2019acc\u00e8s aux applications, services de streaming et fonctions interactives propres \u00e0 une <b>Smart TV<\/b>, en plus d\u2019int\u00e9grer une connectivit\u00e9 <b>WiFi<\/b> pour une connexion sans fil stable et pratique \u00e0 Internet. C\u00f4t\u00e9 audio, elle int\u00e8gre une puissance estim\u00e9e \u00e0 <b>10W RMS<\/b>, fournissant un son clair adapt\u00e9 aux environnements domestiques. Elle supporte plusieurs formats de signal num\u00e9rique, incluant <b>DVB-C, DVB-S2, DVB-T et DVB-T2<\/b>, garantissant la compatibilit\u00e9 avec une large vari\u00e9t\u00e9 de cha\u00eenes et sources de diffusion. L\u2019\u00e9cran pr\u00e9sente une forme plate favorisant une installation flexible et un design moderne, sans technologies de synchronisation adaptative pour jeux vid\u00e9o telles que NVIDIA G-SYNC ou AMD FreeSync, s\u2019orientant davantage vers un usage g\u00e9n\u00e9ral et multim\u00e9dia que vers le gaming sp\u00e9cialis\u00e9. Dans l\u2019ensemble, cette Smart TV combine r\u00e9solution 4K, connectivit\u00e9 et fonctionnalit\u00e9s intelligentes dans un format \u00e9quilibr\u00e9 pour les utilisateurs qui valorisent la qualit\u00e9 visuelle et la facilit\u00e9 d\u2019utilisation de leur \u00e9quipement audiovisuel.<\/p>\n<ul>\n<li>Diagonale de l&#8217;\u00e9cran (cm): 139,7 cm<\/li>\n<li>Ecran: 55&#8243;<\/li>\n<li>R\u00e9solution (px): 3840 x 2160 px<\/li>\n<\/ul>","protected":false},"excerpt":{"rendered":"<p>Si vous \u00eates \u00e0 la recherche de nouvelles tendances sur le march\u00e9, nous vous pr\u00e9sentons TV intelligente Panasonic TB-55W61AEZ ! La Smart TV Panasonic de 55 pouces se pr\u00e9sente comme une option polyvalente pour ceux qui recherchent une qualit\u00e9 d\u2019image et une technologie avanc\u00e9e dans une grande taille de 139,7 cm en diagonale. Son \u00e9cran [&hellip;]<\/p>\n","protected":false},"featured_media":63321,"comment_status":"open","ping_status":"closed","template":"","meta":[],"product_brand":[1226],"product_cat":[589,65,957],"product_tag":[104],"class_list":{"0":"post-63323","1":"product","2":"type-product","3":"status-publish","4":"has-post-thumbnail","6":"product_brand-brandp_944","7":"product_cat-electronique-television","8":"product_cat-informatique-electronique","9":"product_cat-televisions-et-smart-tv","10":"product_tag-tag_1279","12":"first","13":"instock","14":"taxable","15":"shipping-taxable","16":"purchasable","17":"product-type-simple"},"_links":{"self":[{"href":"https:\/\/bigbuy.tupique.com\/es\/wp-json\/wp\/v2\/product\/63323","targetHints":{"allow":["GET"]}}],"collection":[{"href":"https:\/\/bigbuy.tupique.com\/es\/wp-json\/wp\/v2\/product"}],"about":[{"href":"https:\/\/bigbuy.tupique.com\/es\/wp-json\/wp\/v2\/types\/product"}],"replies":[{"embeddable":true,"href":"https:\/\/bigbuy.tupique.com\/es\/wp-json\/wp\/v2\/comments?post=63323"}],"wp:featuredmedia":[{"embeddable":true,"href":"https:\/\/bigbuy.tupique.com\/es\/wp-json\/wp\/v2\/media\/63321"}],"wp:attachment":[{"href":"https:\/\/bigbuy.tupique.com\/es\/wp-json\/wp\/v2\/media?parent=63323"}],"wp:term":[{"taxonomy":"product_brand","embeddable":true,"href":"https:\/\/bigbuy.tupique.com\/es\/wp-json\/wp\/v2\/product_brand?post=63323"},{"taxonomy":"product_cat","embeddable":true,"href":"https:\/\/bigbuy.tupique.com\/es\/wp-json\/wp\/v2\/product_cat?post=63323"},{"taxonomy":"product_tag","embeddable":true,"href":"https:\/\/bigbuy.tupique.com\/es\/wp-json\/wp\/v2\/product_tag?post=63323"}],"curies":[{"name":"wp","href":"https:\/\/api.w.org\/{rel}","templated":true}]}}