{"id":63306,"date":"2026-04-01T18:06:38","date_gmt":"2026-04-01T17:06:38","guid":{"rendered":"https:\/\/bigbuy.tupique.com\/produto\/air-conditioning-hisense-hb25xu0a-white-a\/"},"modified":"2026-04-15T04:46:44","modified_gmt":"2026-04-15T03:46:44","slug":"air-conditioning-hisense-hb25xu0a-white-a","status":"publish","type":"product","link":"https:\/\/bigbuy.tupique.com\/es\/produto\/air-conditioning-hisense-hb25xu0a-white-a\/","title":{"rendered":"Air Conditionn\u00e9 Hisense HB25XU0A Blanc A++"},"content":{"rendered":"<p>Si vous \u00eates \u00e0 la recherche de nouvelles tendances sur le march\u00e9, nous vous pr\u00e9sentons <b>Air Conditionn\u00e9 Hisense HB25XU0A Blanc A++<\/b> !<\/p>\n<ul>\n<li>Couleur: Blanc<\/li>\n<li>Caract\u00e9ristiques: Connectivit\u00e9 des applications mobiles<\/li>\n<li>Classification \u00e9nerg\u00e9tique: A++<\/li>\n<li>Technologie:\n<ul>\n<li>Split Inverter<\/li>\n<li>A++ \/ A<\/li>\n<\/ul>\n<\/li>\n<\/ul>","protected":false},"excerpt":{"rendered":"<p>Si vous \u00eates \u00e0 la recherche de nouvelles tendances sur le march\u00e9, nous vous pr\u00e9sentons Air Conditionn\u00e9 Hisense HB25XU0A Blanc A++ ! Couleur: Blanc Caract\u00e9ristiques: Connectivit\u00e9 des applications mobiles Classification \u00e9nerg\u00e9tique: A++ Technologie: Split Inverter A++ \/ A<\/p>","protected":false},"featured_media":63305,"comment_status":"open","ping_status":"closed","template":"","meta":[],"product_brand":[1341],"product_cat":[732,1334,239],"product_tag":[721,210],"class_list":{"0":"post-63306","1":"product","2":"type-product","3":"status-publish","4":"has-post-thumbnail","6":"product_brand-brandp_612","7":"product_cat-climatisation-et-chauffage","8":"product_cat-climatiseurs-et-ventilateurs","9":"product_cat-maison-jardin","10":"product_tag-tag_124","11":"product_tag-tag_25","13":"first","14":"instock","15":"taxable","16":"shipping-taxable","17":"purchasable","18":"product-type-simple"},"_links":{"self":[{"href":"https:\/\/bigbuy.tupique.com\/es\/wp-json\/wp\/v2\/product\/63306","targetHints":{"allow":["GET"]}}],"collection":[{"href":"https:\/\/bigbuy.tupique.com\/es\/wp-json\/wp\/v2\/product"}],"about":[{"href":"https:\/\/bigbuy.tupique.com\/es\/wp-json\/wp\/v2\/types\/product"}],"replies":[{"embeddable":true,"href":"https:\/\/bigbuy.tupique.com\/es\/wp-json\/wp\/v2\/comments?post=63306"}],"wp:featuredmedia":[{"embeddable":true,"href":"https:\/\/bigbuy.tupique.com\/es\/wp-json\/wp\/v2\/media\/63305"}],"wp:attachment":[{"href":"https:\/\/bigbuy.tupique.com\/es\/wp-json\/wp\/v2\/media?parent=63306"}],"wp:term":[{"taxonomy":"product_brand","embeddable":true,"href":"https:\/\/bigbuy.tupique.com\/es\/wp-json\/wp\/v2\/product_brand?post=63306"},{"taxonomy":"product_cat","embeddable":true,"href":"https:\/\/bigbuy.tupique.com\/es\/wp-json\/wp\/v2\/product_cat?post=63306"},{"taxonomy":"product_tag","embeddable":true,"href":"https:\/\/bigbuy.tupique.com\/es\/wp-json\/wp\/v2\/product_tag?post=63306"}],"curies":[{"name":"wp","href":"https:\/\/api.w.org\/{rel}","templated":true}]}}