{"id":63246,"date":"2026-04-01T18:04:59","date_gmt":"2026-04-01T17:04:59","guid":{"rendered":"https:\/\/bigbuy.tupique.com\/produto\/smart-tv-hisense-65a6q-65-4k-ultra-hd-led-hdr-d-led\/"},"modified":"2026-04-15T04:46:00","modified_gmt":"2026-04-15T03:46:00","slug":"smart-tv-hisense-65a6q-65-4k-ultra-hd-led-hdr-d-led","status":"publish","type":"product","link":"https:\/\/bigbuy.tupique.com\/es\/produto\/smart-tv-hisense-65a6q-65-4k-ultra-hd-led-hdr-d-led\/","title":{"rendered":"TV intelligente Hisense 65A6Q 65&#8243; 4K Ultra HD LED HDR D-LED"},"content":{"rendered":"<p>Si vous \u00eates \u00e0 la recherche de nouvelles tendances sur le march\u00e9, nous vous pr\u00e9sentons <b>TV intelligente Hisense 65A6Q 65&#8243; 4K Ultra HD LED HDR D-LED<\/b> !<\/p>\n<p>Le <b>Hisense 65A6Q<\/b> est un <b>Smart TV de 65 pouces<\/b> offrant une exp\u00e9rience visuelle avanc\u00e9e gr\u00e2ce \u00e0 sa <b>r\u00e9solution 4K Ultra HD (3840 x 2160 pixels)<\/b>, fournissant des images nettes et vibrantes sur un \u00e9cran plat \u00e0 technologie LED. Ce t\u00e9l\u00e9viseur se distingue par sa <b>classe \u00e9nerg\u00e9tique E<\/b>, garantissant une consommation mod\u00e9r\u00e9e d\u2019\u00e9lectricit\u00e9 sans compromettre les performances. \u00c9quip\u00e9 du syst\u00e8me d\u2019exploitation VIDAA version U8.5, il permet une navigation fluide et l\u2019acc\u00e8s \u00e0 des applications et fonctions intelligentes, faisant de lui un centre multim\u00e9dia polyvalent et accessible. La connectivit\u00e9 WiFi int\u00e9gr\u00e9e facilite l\u2019acc\u00e8s \u00e0 du contenu en ligne et au streaming sans fil. C\u00f4t\u00e9 audio, il dispose d\u2019une puissance RMS estim\u00e9e \u00e0 <b>20W<\/b>, offrant un son adapt\u00e9 \u00e0 un usage quotidien en salon. Son design en <b>noir<\/b> s\u2019harmonise avec tout environnement, apportant une touche discr\u00e8te et moderne. Pour la r\u00e9ception du signal, ce mod\u00e8le int\u00e8gre un syst\u00e8me de syntonisation num\u00e9rique compatible avec plusieurs formats : <b>DVB-C, DVB-S, DVB-S2, DVB-T et DVB-T2<\/b>, assurant la compatibilit\u00e9 avec la plupart des signaux de t\u00e9l\u00e9vision num\u00e9rique terrestre, c\u00e2ble ou satellite. Parmi ses fonctions suppl\u00e9mentaires figurent un \u00e9galiseur sonore pour am\u00e9liorer l\u2019exp\u00e9rience audio, le t\u00e9l\u00e9texte, le guide \u00e9lectronique des programmes (EPG) et la navigation web, \u00e9largissant les possibilit\u00e9s de divertissement. En r\u00e9sum\u00e9, le Hisense 65A6Q est une option solide pour ceux qui recherchent un t\u00e9l\u00e9viseur grand format avec r\u00e9solution 4K et fonctionnalit\u00e9s smart, int\u00e9grant une technologie moderne et des fonctions compl\u00e8tes pour une t\u00e9l\u00e9vision connect\u00e9e.<\/p>\n<ul>\n<li>Bluetooth: Oui<\/li>\n<li>HbbTV: Oui<\/li>\n<li>Noyaux: 4 Noyaux<\/li>\n<li>Diagonale de l&#8217;\u00e9cran (cm):\n<ul>\n<li>164 cm<\/li>\n<li>165,1 cm<\/li>\n<li>162,6 cm<\/li>\n<\/ul>\n<\/li>\n<li>Connectivit\u00e9:\n<ul>\n<li>Wi-Fi<\/li>\n<li>Bluetooth<\/li>\n<li>Bluetooth 5.0<\/li>\n<li>eARC<\/li>\n<\/ul>\n<\/li>\n<li>R\u00e9solution (px): 3840 x 2160 px<\/li>\n<li>Couleur: Noir<\/li>\n<li>Caract\u00e9ristiques:\n<ul>\n<li>Navigation web<\/li>\n<li>Equalizer<\/li>\n<li>TV intelligente<\/li>\n<li>T\u00e9l\u00e9texte<\/li>\n<li>Guide \u00e9lectronique des programmes (EPG)<\/li>\n<li>Apple AirPlay 2<\/li>\n<li>Minuterie d&#8217;arr\u00eat<\/li>\n<li>2 Haut-parleurs<\/li>\n<li>Guide vocal<\/li>\n<li>Mode h\u00f4tel<\/li>\n<li>\u00c9cran plat<\/li>\n<\/ul>\n<\/li>\n<li>Connexions:\n<ul>\n<li>USB 2.0<\/li>\n<li>RJ45<\/li>\n<li>Ethernet LAN<\/li>\n<li>CI+<\/li>\n<li>HDMI 2.1 x 1<\/li>\n<li>HDMI 1.4<\/li>\n<\/ul>\n<\/li>\n<li>Rapport d&#8217;aspect: 16:9<\/li>\n<li>Format: 16:9<\/li>\n<li>Classification \u00e9nerg\u00e9tique: E<\/li>\n<li>R\u00e9cepteur:\n<ul>\n<li>Num\u00e9rique<\/li>\n<li>DVB-C,DVB-S,DVB-S2,DVB-T,DVB-T2<\/li>\n<\/ul>\n<\/li>\n<li>Bloc d\u2019Alimentation: Cordon d&#8217;alimentation CA<\/li>\n<li>Technologie:\n<ul>\n<li>LED<\/li>\n<li>HDR<\/li>\n<li>D-LED<\/li>\n<\/ul>\n<\/li>\n<li>Puissance RMS: 20W<\/li>\n<li>Rapport de contraste: 1200:1<\/li>\n<li>TV intelligente: Oui<\/li>\n<li>Ecran: 65&#8243;<\/li>\n<li>Compatible: Amazon Alexa<\/li>\n<li>Inclut: T\u00e9l\u00e9commande<\/li>\n<li>Processeur: Quad Core<\/li>\n<li>Fonctions: Timeshift<\/li>\n<li>R\u00e9solution: 4K Ultra HD<\/li>\n<li>Tension: 100 &#8211; 240 V<\/li>\n<li>Formats: Dolby Audio<\/li>\n<li>Fr\u00e9quence d&#8217;entr\u00e9e AC: 50-60 Hz<\/li>\n<li>consommation d&#8217;\u00e9nergie:\n<ul>\n<li>80 kWh<\/li>\n<li>160 kWh<\/li>\n<\/ul>\n<\/li>\n<li>Cha\u00eenes: 2.0<\/li>\n<li>Fr\u00e9quence: 60 Hz<\/li>\n<li>Angle: 178\u00ba<\/li>\n<li>Montage: VESA<\/li>\n<li>Ann\u00e9e: 2024<\/li>\n<li>Temps de r\u00e9ponse: 8 ms<\/li>\n<\/ul>","protected":false},"excerpt":{"rendered":"<p>Si vous \u00eates \u00e0 la recherche de nouvelles tendances sur le march\u00e9, nous vous pr\u00e9sentons TV intelligente Hisense 65A6Q 65&#8243; 4K Ultra HD LED HDR D-LED ! Le Hisense 65A6Q est un Smart TV de 65 pouces offrant une exp\u00e9rience visuelle avanc\u00e9e gr\u00e2ce \u00e0 sa r\u00e9solution 4K Ultra HD (3840 x 2160 pixels), fournissant des [&hellip;]<\/p>\n","protected":false},"featured_media":63216,"comment_status":"open","ping_status":"closed","template":"","meta":[],"product_brand":[1341],"product_cat":[589,65,957],"product_tag":[104],"class_list":{"0":"post-63246","1":"product","2":"type-product","3":"status-publish","4":"has-post-thumbnail","6":"product_brand-brandp_612","7":"product_cat-electronique-television","8":"product_cat-informatique-electronique","9":"product_cat-televisions-et-smart-tv","10":"product_tag-tag_1279","12":"first","13":"instock","14":"taxable","15":"shipping-taxable","16":"purchasable","17":"product-type-simple"},"_links":{"self":[{"href":"https:\/\/bigbuy.tupique.com\/es\/wp-json\/wp\/v2\/product\/63246","targetHints":{"allow":["GET"]}}],"collection":[{"href":"https:\/\/bigbuy.tupique.com\/es\/wp-json\/wp\/v2\/product"}],"about":[{"href":"https:\/\/bigbuy.tupique.com\/es\/wp-json\/wp\/v2\/types\/product"}],"replies":[{"embeddable":true,"href":"https:\/\/bigbuy.tupique.com\/es\/wp-json\/wp\/v2\/comments?post=63246"}],"wp:featuredmedia":[{"embeddable":true,"href":"https:\/\/bigbuy.tupique.com\/es\/wp-json\/wp\/v2\/media\/63216"}],"wp:attachment":[{"href":"https:\/\/bigbuy.tupique.com\/es\/wp-json\/wp\/v2\/media?parent=63246"}],"wp:term":[{"taxonomy":"product_brand","embeddable":true,"href":"https:\/\/bigbuy.tupique.com\/es\/wp-json\/wp\/v2\/product_brand?post=63246"},{"taxonomy":"product_cat","embeddable":true,"href":"https:\/\/bigbuy.tupique.com\/es\/wp-json\/wp\/v2\/product_cat?post=63246"},{"taxonomy":"product_tag","embeddable":true,"href":"https:\/\/bigbuy.tupique.com\/es\/wp-json\/wp\/v2\/product_tag?post=63246"}],"curies":[{"name":"wp","href":"https:\/\/api.w.org\/{rel}","templated":true}]}}