{"id":63071,"date":"2026-04-01T17:49:30","date_gmt":"2026-04-01T16:49:30","guid":{"rendered":"https:\/\/bigbuy.tupique.com\/produto\/smartwatch-polar-grit-x2-pro-black-139\/"},"modified":"2026-05-11T19:56:55","modified_gmt":"2026-05-11T17:56:55","slug":"smartwatch-polar-grit-x2-pro-black-139","status":"publish","type":"product","link":"https:\/\/bigbuy.tupique.com\/es\/produto\/smartwatch-polar-grit-x2-pro-black-139\/","title":{"rendered":"Montre intelligente Polar GRIT X2 PRO Noir 1,39&#8243;"},"content":{"rendered":"<p>Si vous \u00eates passionn\u00e9 d&#8217;<b>informatique et d&#8217;\u00e9lectronique<\/b>, si vous \u00eates \u00e0 la pointe de la technologie et qu&#8217;aucun d\u00e9tail ne vous \u00e9chappe, achetez <b>Montre intelligente Polar GRIT X2 PRO Noir 1,39&#8243;<\/b> au meilleur prix.<\/p>\n<p>Le <b>Polar GRIT X2 PRO<\/b> est une <b>montre connect\u00e9e<\/b> con\u00e7ue pour les sportifs et utilisateurs recherchant un appareil robuste et polyvalent. Sa construction associe <b>acier inoxydable<\/b> et <b>verre<\/b> renforc\u00e9 sur l\u2019\u00e9cran, offrant une grande r\u00e9sistance et durabilit\u00e9 face \u00e0 des conditions exigeantes, tandis que sa finition \u00e9l\u00e9gante en <b>noir<\/b> apporte un design polyvalent. Il dispose de la connectivit\u00e9 <b>Bluetooth<\/b> pour une synchronisation facile avec les smartphones et est compatible avec les syst\u00e8mes de suivi, en plus d\u2019int\u00e9grer un <b>GPS int\u00e9gr\u00e9<\/b> permettant un suivi pr\u00e9cis des itin\u00e9raires et activit\u00e9s en ext\u00e9rieur sans avoir besoin du t\u00e9l\u00e9phone. Son \u00e9cran tactile facilite la navigation et l\u2019interaction intuitive avec les fonctions de la montre. Parmi ses capteurs, on trouve un <b>acc\u00e9l\u00e9rom\u00e8tre<\/b> qui suit les mouvements avec pr\u00e9cision, ainsi qu\u2019un <b>barom\u00e8tre<\/b>, utile pour mesurer les variations d\u2019altitude et les conditions atmosph\u00e9riques, des fonctions essentielles pour le suivi avanc\u00e9 des sports de montagne et activit\u00e9s outdoor. Cette combinaison technologique fournit des donn\u00e9es compl\u00e8tes pour g\u00e9rer les entra\u00eenements, analyser les performances et adapter l\u2019exercice aux conditions environnementales. Il r\u00e9unit des caract\u00e9ristiques techniques et mat\u00e9riaux premium, faisant de lui un accessoire fiable et avanc\u00e9 pour ceux qui exigent pr\u00e9cision et robustesse dans leur appareil portable. En r\u00e9sum\u00e9, le Polar GRIT X2 PRO offre un \u00e9quilibre entre fonctionnalit\u00e9 avanc\u00e9e et construction durable, id\u00e9al pour les environnements exigeants et les utilisateurs actifs.<\/p>\n<ul>\n<li>Type de montre: Montre intelligente<\/li>\n<li>Produit \u00e0 brancher: Oui<\/li>\n<li>Type de prise: Prise EU<\/li>\n<li>Bloc d\u2019Alimentation: r\u00e9seau \u00e9lectrique<\/li>\n<li>Connectivit\u00e9:\n<ul>\n<li>Bluetooth<\/li>\n<li>GPS<\/li>\n<li>Glonass<\/li>\n<li>BeiDou<\/li>\n<li>Galileo<\/li>\n<li>Bluetooth 5.1<\/li>\n<\/ul>\n<\/li>\n<li>Couleur du bracelet: Noir<\/li>\n<li>Couleur: Noir<\/li>\n<li>Mati\u00e8re:\n<ul>\n<li>verre<\/li>\n<li>Acier inoxydable<\/li>\n<\/ul>\n<\/li>\n<li>Caract\u00e9ristiques:\n<ul>\n<li>Acc\u00e9l\u00e9rom\u00e8tre<\/li>\n<li>Barom\u00e8tre<\/li>\n<li>Ecran tactile<\/li>\n<li>Capteur de lumi\u00e8re ambiante<\/li>\n<li>Altim\u00e8tre<\/li>\n<li>Alarme<\/li>\n<li>Chronom\u00e8tre<\/li>\n<li>Activation vocale<\/li>\n<\/ul>\n<\/li>\n<li>Connexions:\n<ul>\n<li>USB<\/li>\n<li>USB-C<\/li>\n<\/ul>\n<\/li>\n<li>Type de batterie: Int\u00e9gr\u00e9e<\/li>\n<li>M\u00e9moire interne: 32 GB<\/li>\n<li>Forme: Rond<\/li>\n<li>Taille: S\/M<\/li>\n<li>Pile incluse: Oui<\/li>\n<li>Couleur du bo\u00eetier de l&#8217;horloge: Noir<\/li>\n<li>Couleur du cadran: Noir<\/li>\n<li>Genre: Unisexe<\/li>\n<li>Ecran: 1,39&#8243;<\/li>\n<li>Compatible: Bluetooth<\/li>\n<li>Fonctions: Moniteur de Sommeil<\/li>\n<li>Technologie: AMOLED<\/li>\n<li>R\u00e9solution: 454 x 454 px<\/li>\n<li>Bracelet: S-L<\/li>\n<li>Bracelet \u00e0 montre: Silicone<\/li>\n<li>Fonctionne \u00e0 piles: 1 Pol\u00edmero de litio<\/li>\n<li>R\u00e9sistant \u00e0 l&#8217;eau: 10 atm<\/li>\n<li>Sport: Fitness<\/li>\n<\/ul>","protected":false},"excerpt":{"rendered":"<p>Si vous \u00eates passionn\u00e9 d&#8217;informatique et d&#8217;\u00e9lectronique, si vous \u00eates \u00e0 la pointe de la technologie et qu&#8217;aucun d\u00e9tail ne vous \u00e9chappe, achetez Montre intelligente Polar GRIT X2 PRO Noir 1,39&#8243; au meilleur prix. Le Polar GRIT X2 PRO est une montre connect\u00e9e con\u00e7ue pour les sportifs et utilisateurs recherchant un appareil robuste et polyvalent. [&hellip;]<\/p>\n","protected":false},"featured_media":63070,"comment_status":"open","ping_status":"closed","template":"","meta":[],"product_brand":[178],"product_cat":[575,65,748],"product_tag":[103,566,106],"class_list":{"0":"post-63071","1":"product","2":"type-product","3":"status-publish","4":"has-post-thumbnail","6":"product_brand-brandp_5019","7":"product_cat-electronique-telephonie-et-tablettes","8":"product_cat-informatique-electronique","9":"product_cat-smartwatches","10":"product_tag-tag_1261","11":"product_tag-tag_547","12":"product_tag-tag_1295","14":"first","15":"instock","16":"taxable","17":"shipping-taxable","18":"purchasable","19":"product-type-simple"},"_links":{"self":[{"href":"https:\/\/bigbuy.tupique.com\/es\/wp-json\/wp\/v2\/product\/63071","targetHints":{"allow":["GET"]}}],"collection":[{"href":"https:\/\/bigbuy.tupique.com\/es\/wp-json\/wp\/v2\/product"}],"about":[{"href":"https:\/\/bigbuy.tupique.com\/es\/wp-json\/wp\/v2\/types\/product"}],"replies":[{"embeddable":true,"href":"https:\/\/bigbuy.tupique.com\/es\/wp-json\/wp\/v2\/comments?post=63071"}],"wp:featuredmedia":[{"embeddable":true,"href":"https:\/\/bigbuy.tupique.com\/es\/wp-json\/wp\/v2\/media\/63070"}],"wp:attachment":[{"href":"https:\/\/bigbuy.tupique.com\/es\/wp-json\/wp\/v2\/media?parent=63071"}],"wp:term":[{"taxonomy":"product_brand","embeddable":true,"href":"https:\/\/bigbuy.tupique.com\/es\/wp-json\/wp\/v2\/product_brand?post=63071"},{"taxonomy":"product_cat","embeddable":true,"href":"https:\/\/bigbuy.tupique.com\/es\/wp-json\/wp\/v2\/product_cat?post=63071"},{"taxonomy":"product_tag","embeddable":true,"href":"https:\/\/bigbuy.tupique.com\/es\/wp-json\/wp\/v2\/product_tag?post=63071"}],"curies":[{"name":"wp","href":"https:\/\/api.w.org\/{rel}","templated":true}]}}