{"id":63035,"date":"2026-04-01T17:47:47","date_gmt":"2026-04-01T16:47:47","guid":{"rendered":"https:\/\/bigbuy.tupique.com\/produto\/dishwasher-electrolux-ess47400sx-steel-60-cm\/"},"modified":"2026-04-15T03:34:29","modified_gmt":"2026-04-15T02:34:29","slug":"dishwasher-electrolux-ess47400sx-steel-60-cm","status":"publish","type":"product","link":"https:\/\/bigbuy.tupique.com\/es\/produto\/dishwasher-electrolux-ess47400sx-steel-60-cm\/","title":{"rendered":"Lave-vaisselle Electrolux ESS47400SX Acier 60 cm"},"content":{"rendered":"<p>Si vous pensez r\u00e9nover votre cuisine, achetez <b>Lave-vaisselle Electrolux ESS47400SX Acier 60 cm<\/b> et d\u00b4autres <b>produits Electrolux<\/b> !<\/p>\n<p>Le <b>lave-vaisselle Electrolux ESS47400SX<\/b> est un appareil con\u00e7u pour faciliter le nettoyage de la vaisselle avec une capacit\u00e9 adapt\u00e9e \u00e0 <b>13 couverts<\/b>, id\u00e9al pour les foyers moyens et les familles souhaitant optimiser leur temps de lavage. Ce mod\u00e8le pr\u00e9sente une <b>largeur r\u00e9elle de 59,8 cm<\/b> et une porte \u00e9l\u00e9gante en <b>acier inoxydable<\/b>, offrant une finition moderne et r\u00e9sistante \u00e0 la cuisine. Sa <b>classe \u00e9nerg\u00e9tique C<\/b> indique une consommation efficace dans sa cat\u00e9gorie, contribuant \u00e0 un usage responsable de l\u2019eau et de l\u2019\u00e9nergie. C\u00f4t\u00e9 fonctionnement, il int\u00e8gre un <b>\u00e9cran int\u00e9gr\u00e9<\/b> facilitant la s\u00e9lection des programmes et le suivi du cycle de lavage, ainsi qu\u2019une fonction de <b>mise hors tension automatique<\/b> qui am\u00e9liore la s\u00e9curit\u00e9 et permet une \u00e9conomie suppl\u00e9mentaire \u00e0 la fin de chaque cycle. Parmi ses programmes de lavage, plusieurs options adapt\u00e9es aux besoins vari\u00e9s sont propos\u00e9es : cycles de 60, 90 et 160 minutes, ainsi que modes Auto, Eco, Pr\u00e9lavage et Rapide, offrant une grande polyvalence selon le degr\u00e9 de salet\u00e9 et le type de vaisselle. Il permet \u00e9galement de programmer le d\u00e9part diff\u00e9r\u00e9 jusqu\u2019\u00e0 <b>24 heures<\/b>, facilitant son utilisation selon les horaires. La consommation d\u2019eau efficace est d\u2019environ <b>9,9 litres par cycle<\/b>, comp\u00e9titive dans sa cat\u00e9gorie et aidant \u00e0 r\u00e9duire la consommation de ressources. Par ailleurs, il se distingue par sa technologie inverter, qui optimise les performances du moteur et r\u00e9duit possiblement le bruit et l\u2019usure. En revanche, il ne dispose pas d\u2019un troisi\u00e8me tiroir pour les couverts, fonctionnalit\u00e9 appr\u00e9ci\u00e9e par certains utilisateurs pour mieux organiser les ustensiles et optimiser l\u2019espace int\u00e9rieur. Dans l\u2019ensemble, le lave-vaisselle <b>Electrolux ESS47400SX<\/b> offre un bon \u00e9quilibre entre capacit\u00e9, efficacit\u00e9 \u00e9nerg\u00e9tique et fonctionnalit\u00e9s pratiques, proposant une solution fiable et adaptable pour le lavage quotidien de la vaisselle en milieu domestique.<\/p>\n<ul>\n<li>Produit \u00e0 brancher: Oui<\/li>\n<li>Type de prise: Prise EU<\/li>\n<li>Type: Lave-vaisselle<\/li>\n<li>Bloc d\u2019Alimentation: r\u00e9seau \u00e9lectrique<\/li>\n<li>Couleur: Acier<\/li>\n<li>Largeur: 60 cm<\/li>\n<li>Caract\u00e9ristiques:\n<ul>\n<li>Arr\u00eat Automatique<\/li>\n<li>\u00c9cran integr\u00e9<\/li>\n<\/ul>\n<\/li>\n<li>Capacit\u00e9 (Nb de couverts): 13<\/li>\n<li>Classification \u00e9nerg\u00e9tique: C<\/li>\n<li>Programmes: 8<\/li>\n<li>Niveau sonore: 44 dB<\/li>\n<\/ul>","protected":false},"excerpt":{"rendered":"<p>Si vous pensez r\u00e9nover votre cuisine, achetez Lave-vaisselle Electrolux ESS47400SX Acier 60 cm et d\u00b4autres produits Electrolux ! Le lave-vaisselle Electrolux ESS47400SX est un appareil con\u00e7u pour faciliter le nettoyage de la vaisselle avec une capacit\u00e9 adapt\u00e9e \u00e0 13 couverts, id\u00e9al pour les foyers moyens et les familles souhaitant optimiser leur temps de lavage. Ce [&hellip;]<\/p>\n","protected":false},"featured_media":63033,"comment_status":"open","ping_status":"closed","template":"","meta":[],"product_brand":[1249],"product_cat":[393,60,77],"product_tag":[],"class_list":{"0":"post-63035","1":"product","2":"type-product","3":"status-publish","4":"has-post-thumbnail","6":"product_brand-brandp_907","7":"product_cat-autres-appareils-de-cuisines","8":"product_cat-cuisine-gourmet","9":"product_cat-petit-electromenager","11":"first","12":"instock","13":"taxable","14":"shipping-taxable","15":"purchasable","16":"product-type-simple"},"_links":{"self":[{"href":"https:\/\/bigbuy.tupique.com\/es\/wp-json\/wp\/v2\/product\/63035","targetHints":{"allow":["GET"]}}],"collection":[{"href":"https:\/\/bigbuy.tupique.com\/es\/wp-json\/wp\/v2\/product"}],"about":[{"href":"https:\/\/bigbuy.tupique.com\/es\/wp-json\/wp\/v2\/types\/product"}],"replies":[{"embeddable":true,"href":"https:\/\/bigbuy.tupique.com\/es\/wp-json\/wp\/v2\/comments?post=63035"}],"wp:featuredmedia":[{"embeddable":true,"href":"https:\/\/bigbuy.tupique.com\/es\/wp-json\/wp\/v2\/media\/63033"}],"wp:attachment":[{"href":"https:\/\/bigbuy.tupique.com\/es\/wp-json\/wp\/v2\/media?parent=63035"}],"wp:term":[{"taxonomy":"product_brand","embeddable":true,"href":"https:\/\/bigbuy.tupique.com\/es\/wp-json\/wp\/v2\/product_brand?post=63035"},{"taxonomy":"product_cat","embeddable":true,"href":"https:\/\/bigbuy.tupique.com\/es\/wp-json\/wp\/v2\/product_cat?post=63035"},{"taxonomy":"product_tag","embeddable":true,"href":"https:\/\/bigbuy.tupique.com\/es\/wp-json\/wp\/v2\/product_tag?post=63035"}],"curies":[{"name":"wp","href":"https:\/\/api.w.org\/{rel}","templated":true}]}}