{"id":63016,"date":"2026-04-01T17:47:25","date_gmt":"2026-04-01T16:47:25","guid":{"rendered":"https:\/\/bigbuy.tupique.com\/produto\/soundbar-klipsch-kl1071981-black-100-w\/"},"modified":"2026-05-11T19:56:55","modified_gmt":"2026-05-11T17:56:55","slug":"soundbar-klipsch-kl1071981-black-100-w","status":"publish","type":"product","link":"https:\/\/bigbuy.tupique.com\/es\/produto\/soundbar-klipsch-kl1071981-black-100-w\/","title":{"rendered":"Barre audio KLIPSCH KL1071981 Noir 100 W"},"content":{"rendered":"<p>Si vous \u00eates passionn\u00e9 d&#8217;<b>informatique et d&#8217;\u00e9lectronique<\/b>, si vous \u00eates \u00e0 la pointe de la technologie et qu&#8217;aucun d\u00e9tail ne vous \u00e9chappe, achetez <b>Barre audio KLIPSCH KL1071981 Noir 100 W<\/b> au meilleur prix.<\/p>\n<p>La <b>barre de son Klipsch<\/b> est un <b>haut-parleur<\/b> haute performance de couleur <b>noire<\/b> qui red\u00e9finit l&#8217;exp\u00e9rience sonore \u00e0 domicile. Avec une impressionnante <b>puissance RMS de 100 W<\/b>, cette barre de son est con\u00e7ue pour offrir un son immersif et de qualit\u00e9 cin\u00e9matographique. Structur\u00e9e avec un syst\u00e8me de <b>canaux de sortie audio 2.1<\/b>, elle inclut un <b>subwoofer int\u00e9gr\u00e9<\/b> qui renforce les basses et procure une profondeur sonore captivante. La barre de son est compatible avec le <b>Bluetooth<\/b>, ce qui permet de diffuser de la musique sans fil depuis votre appareil pr\u00e9f\u00e9r\u00e9, et offre une connectivit\u00e9 <b>eARC<\/b> pour une transmission audio haute d\u00e9finition et une latence minimale. Bien qu&#8217;elle ne dispose pas de connexion Wifi, sa capacit\u00e9 de connectivit\u00e9 en fait une option polyvalente pour toute configuration multim\u00e9dia. Ce mod\u00e8le est id\u00e9al pour ceux qui recherchent une combinaison de puissance, de connectivit\u00e9 et de design \u00e9l\u00e9gant dans leur syst\u00e8me audio. D\u00e9couvrez comment la <b>barre de son Klipsch<\/b> peut transformer votre maison en une v\u00e9ritable salle de cin\u00e9ma.<\/p>\n<ul>\n<li>Produit \u00e0 brancher: Oui<\/li>\n<li>Type:\n<ul>\n<li>Haut-parleur<\/li>\n<li>Barre audio<\/li>\n<\/ul>\n<\/li>\n<li>Type de prise: Prise EU<\/li>\n<li>Bloc d\u2019Alimentation: r\u00e9seau \u00e9lectrique<\/li>\n<li>Connectivit\u00e9:\n<ul>\n<li>Bluetooth<\/li>\n<li>eARC<\/li>\n<\/ul>\n<\/li>\n<li>Cha\u00eenes: 2.1<\/li>\n<li>Non Inclus: Wi-Fi<\/li>\n<li>Couleur: Noir<\/li>\n<li>Caract\u00e9ristiques:\n<ul>\n<li>Montage mural<\/li>\n<li>Canal de retour audio (ARC)<\/li>\n<li>Haut-parleurs int\u00e9gr\u00e9s<\/li>\n<\/ul>\n<\/li>\n<li>Connexions:\n<ul>\n<li>HDMI<\/li>\n<li>USB<\/li>\n<li>Optique<\/li>\n<\/ul>\n<\/li>\n<li>puissance: 100 W<\/li>\n<li>Puissance RMS: 100 W<\/li>\n<li>Piles incluses: Oui<\/li>\n<li>Inclut:\n<ul>\n<li>T\u00e9l\u00e9commande<\/li>\n<li>Subwoofer<\/li>\n<li>Supports de montage<\/li>\n<\/ul>\n<\/li>\n<li>Tension: 100 &#8211; 240 V<\/li>\n<li>Fr\u00e9quence d&#8217;entr\u00e9e AC: 50-60 Hz<\/li>\n<li>Audio: Dolby Atmos<\/li>\n<\/ul>","protected":false},"excerpt":{"rendered":"<p>Si vous \u00eates passionn\u00e9 d&#8217;informatique et d&#8217;\u00e9lectronique, si vous \u00eates \u00e0 la pointe de la technologie et qu&#8217;aucun d\u00e9tail ne vous \u00e9chappe, achetez Barre audio KLIPSCH KL1071981 Noir 100 W au meilleur prix. La barre de son Klipsch est un haut-parleur haute performance de couleur noire qui red\u00e9finit l&#8217;exp\u00e9rience sonore \u00e0 domicile. Avec une impressionnante [&hellip;]<\/p>\n","protected":false},"featured_media":63008,"comment_status":"open","ping_status":"closed","template":"","meta":[],"product_brand":[1174],"product_cat":[1278,755,65],"product_tag":[106],"class_list":{"0":"post-63016","1":"product","2":"type-product","3":"status-publish","4":"has-post-thumbnail","6":"product_brand-brandp_10063","7":"product_cat-barres-de-son","8":"product_cat-electronique-son","9":"product_cat-informatique-electronique","10":"product_tag-tag_1295","12":"first","13":"instock","14":"taxable","15":"shipping-taxable","16":"purchasable","17":"product-type-simple"},"_links":{"self":[{"href":"https:\/\/bigbuy.tupique.com\/es\/wp-json\/wp\/v2\/product\/63016","targetHints":{"allow":["GET"]}}],"collection":[{"href":"https:\/\/bigbuy.tupique.com\/es\/wp-json\/wp\/v2\/product"}],"about":[{"href":"https:\/\/bigbuy.tupique.com\/es\/wp-json\/wp\/v2\/types\/product"}],"replies":[{"embeddable":true,"href":"https:\/\/bigbuy.tupique.com\/es\/wp-json\/wp\/v2\/comments?post=63016"}],"wp:featuredmedia":[{"embeddable":true,"href":"https:\/\/bigbuy.tupique.com\/es\/wp-json\/wp\/v2\/media\/63008"}],"wp:attachment":[{"href":"https:\/\/bigbuy.tupique.com\/es\/wp-json\/wp\/v2\/media?parent=63016"}],"wp:term":[{"taxonomy":"product_brand","embeddable":true,"href":"https:\/\/bigbuy.tupique.com\/es\/wp-json\/wp\/v2\/product_brand?post=63016"},{"taxonomy":"product_cat","embeddable":true,"href":"https:\/\/bigbuy.tupique.com\/es\/wp-json\/wp\/v2\/product_cat?post=63016"},{"taxonomy":"product_tag","embeddable":true,"href":"https:\/\/bigbuy.tupique.com\/es\/wp-json\/wp\/v2\/product_tag?post=63016"}],"curies":[{"name":"wp","href":"https:\/\/api.w.org\/{rel}","templated":true}]}}