{"id":63007,"date":"2026-04-01T17:47:11","date_gmt":"2026-04-01T16:47:11","guid":{"rendered":"https:\/\/bigbuy.tupique.com\/produto\/conventional-hood-bosch-black\/"},"modified":"2026-04-15T03:33:08","modified_gmt":"2026-04-15T02:33:08","slug":"conventional-hood-bosch-black","status":"publish","type":"product","link":"https:\/\/bigbuy.tupique.com\/es\/produto\/conventional-hood-bosch-black\/","title":{"rendered":"Hotte standard BOSCH Noir"},"content":{"rendered":"<p>Si vous pensez r\u00e9nover votre cuisine, achetez <b>Hotte standard BOSCH Noir<\/b> et d\u00b4autres <b>produits BOSCH<\/b> !<\/p>\n<ul>\n<li>Produit \u00e0 brancher: Oui<\/li>\n<li>Type de prise: Prise EU<\/li>\n<li>Type:\n<ul>\n<li>Hotte standard<\/li>\n<li>Mural<\/li>\n<\/ul>\n<\/li>\n<li>Bloc d\u2019Alimentation: r\u00e9seau \u00e9lectrique<\/li>\n<li>Couleur: Noir<\/li>\n<li>Largeur: 79 cm<\/li>\n<li>Caract\u00e9ristiques: Commande tactile<\/li>\n<li>Classification \u00e9nerg\u00e9tique:\n<ul>\n<li>A+<\/li>\n<li>A<\/li>\n<li>A+++<\/li>\n<\/ul>\n<\/li>\n<li>Niveau sonore: 51 dB<\/li>\n<li>Filtre: Acier inoxydable<\/li>\n<li>Filtres: 3<\/li>\n<li>Mati\u00e8re: verre<\/li>\n<li>Fr\u00e9quence: 50 Hz<\/li>\n<li>Longueur du c\u00e2ble: 1,3 m<\/li>\n<li>consommation d&#8217;\u00e9nergie: 36 kWh\/annum<\/li>\n<li>Tension: 220-240 V<\/li>\n<li>Type d&#8217;installation: Montage mural<\/li>\n<li>Amp\u00e9rage: 10 A<\/li>\n<li>Vitesse: 3 vitesses<\/li>\n<\/ul>","protected":false},"excerpt":{"rendered":"<p>Si vous pensez r\u00e9nover votre cuisine, achetez Hotte standard BOSCH Noir et d\u00b4autres produits BOSCH ! Produit \u00e0 brancher: Oui Type de prise: Prise EU Type: Hotte standard Mural Bloc d\u2019Alimentation: r\u00e9seau \u00e9lectrique Couleur: Noir Largeur: 79 cm Caract\u00e9ristiques: Commande tactile Classification \u00e9nerg\u00e9tique: A+ A A+++ Niveau sonore: 51 dB Filtre: Acier inoxydable Filtres: 3 [&hellip;]<\/p>\n","protected":false},"featured_media":63001,"comment_status":"open","ping_status":"closed","template":"","meta":[],"product_brand":[162],"product_cat":[60,61,62],"product_tag":[56],"class_list":{"0":"post-63007","1":"product","2":"type-product","3":"status-publish","4":"has-post-thumbnail","6":"product_brand-brandp_959","7":"product_cat-cuisine-gourmet","8":"product_cat-equipement-de-cuisine","9":"product_cat-hottes-de-cuisine","10":"product_tag-tag_930","12":"first","13":"instock","14":"taxable","15":"shipping-taxable","16":"purchasable","17":"product-type-simple"},"_links":{"self":[{"href":"https:\/\/bigbuy.tupique.com\/es\/wp-json\/wp\/v2\/product\/63007","targetHints":{"allow":["GET"]}}],"collection":[{"href":"https:\/\/bigbuy.tupique.com\/es\/wp-json\/wp\/v2\/product"}],"about":[{"href":"https:\/\/bigbuy.tupique.com\/es\/wp-json\/wp\/v2\/types\/product"}],"replies":[{"embeddable":true,"href":"https:\/\/bigbuy.tupique.com\/es\/wp-json\/wp\/v2\/comments?post=63007"}],"wp:featuredmedia":[{"embeddable":true,"href":"https:\/\/bigbuy.tupique.com\/es\/wp-json\/wp\/v2\/media\/63001"}],"wp:attachment":[{"href":"https:\/\/bigbuy.tupique.com\/es\/wp-json\/wp\/v2\/media?parent=63007"}],"wp:term":[{"taxonomy":"product_brand","embeddable":true,"href":"https:\/\/bigbuy.tupique.com\/es\/wp-json\/wp\/v2\/product_brand?post=63007"},{"taxonomy":"product_cat","embeddable":true,"href":"https:\/\/bigbuy.tupique.com\/es\/wp-json\/wp\/v2\/product_cat?post=63007"},{"taxonomy":"product_tag","embeddable":true,"href":"https:\/\/bigbuy.tupique.com\/es\/wp-json\/wp\/v2\/product_tag?post=63007"}],"curies":[{"name":"wp","href":"https:\/\/api.w.org\/{rel}","templated":true}]}}