{"id":62989,"date":"2026-04-01T17:46:45","date_gmt":"2026-04-01T16:46:45","guid":{"rendered":"https:\/\/bigbuy.tupique.com\/produto\/smartwatch-samsung-sm-l310nzgaphe-131\/"},"modified":"2026-05-11T19:56:43","modified_gmt":"2026-05-11T17:56:43","slug":"smartwatch-samsung-sm-l310nzgaphe-131","status":"publish","type":"product","link":"https:\/\/bigbuy.tupique.com\/es\/produto\/smartwatch-samsung-sm-l310nzgaphe-131\/","title":{"rendered":"Montre intelligente Samsung SM-L310NZGAPHE 1,31&#8243;"},"content":{"rendered":"<p>Si vous \u00eates passionn\u00e9 d&#8217;<b>informatique et d&#8217;\u00e9lectronique<\/b>, si vous \u00eates \u00e0 la pointe de la technologie et qu&#8217;aucun d\u00e9tail ne vous \u00e9chappe, achetez <b>Montre intelligente Samsung SM-L310NZGAPHE 1,31&#8243;<\/b> au meilleur prix.<\/p>\n<p>Le <b>Samsung WATCH7<\/b> est un <b>smartwatch<\/b> avanc\u00e9 qui allie fonctionnalit\u00e9 et design dans un appareil con\u00e7u pour accompagner votre quotidien et am\u00e9liorer le suivi de votre sant\u00e9. Cette montre intelligente se distingue par son <b>\u00e9cran tactile<\/b> intuitif et clair, int\u00e9gr\u00e9 dans un bo\u00eetier et un bracelet de couleur <b>vert<\/b>, apportant un style moderne et distinctif. Elle dispose de fonctionnalit\u00e9s de <b>connectivit\u00e9 Bluetooth<\/b> et <b>Wi-Fi<\/b>, assurant une connexion stable pour synchroniser vos applications, notifications et mises \u00e0 jour sans d\u00e9pendre constamment du t\u00e9l\u00e9phone. \u00c9quip\u00e9e de capteurs de <b>fr\u00e9quence cardiaque<\/b>, elle permet de surveiller votre rythme en temps r\u00e9el, une fonction essentielle pour ceux qui souhaitent contr\u00f4ler leur bien-\u00eatre physique et d\u00e9tecter les variations lors d\u2019activit\u00e9s ou au quotidien. De plus, elle b\u00e9n\u00e9ficie d\u2019une certification <b>IP68<\/b>, garantissant r\u00e9sistance \u00e0 l\u2019eau et \u00e0 la poussi\u00e8re, ce qui augmente sa durabilit\u00e9 et son adaptabilit\u00e9 \u00e0 tous les environnements, que ce soit sous la pluie, \u00e0 la piscine ou en milieu poussi\u00e9reux. Avec une capacit\u00e9 de stockage g\u00e9n\u00e9reuse de <b>32 GB<\/b>, ce smartwatch permet de conserver applications, musique et autres contenus pour un acc\u00e8s rapide et sans interruption. Le logiciel du WATCH7 est con\u00e7u pour offrir une compatibilit\u00e9 avec les syst\u00e8mes mobiles courants, garantissant une exp\u00e9rience utilisateur fluide et polyvalente. En r\u00e9sum\u00e9, le Samsung WATCH7 combine un design attrayant avec des technologies cl\u00e9s pour le suivi de la sant\u00e9, une connectivit\u00e9 avanc\u00e9e et une robustesse qui en font un concurrent solide sur le march\u00e9 des montres intelligentes.<\/p>\n<ul>\n<li>Type de montre: Montre intelligente<\/li>\n<li>Produit \u00e0 brancher: Oui<\/li>\n<li>Type de prise: Prise EU<\/li>\n<li>Bloc d\u2019Alimentation: r\u00e9seau \u00e9lectrique<\/li>\n<li>Caract\u00e9ristiques:\n<ul>\n<li>Ecran tactile<\/li>\n<li>5 atm<\/li>\n<\/ul>\n<\/li>\n<li>Glonass: Oui<\/li>\n<li>Gyroscope: Oui<\/li>\n<li>Classification IP: IP68<\/li>\n<li>Couleur du cadran: Vert<\/li>\n<li>Capacit\u00e9 de la batterie: 300 mAh<\/li>\n<li>Couleur du bracelet: Vert<\/li>\n<li>Ecran: 1,31&#8243;<\/li>\n<li>M\u00e9moire RAM: 2 GB<\/li>\n<li>M\u00e9moire interne: 32 GB<\/li>\n<li>Connectivit\u00e9:\n<ul>\n<li>Bluetooth<\/li>\n<li>Wi-Fi<\/li>\n<\/ul>\n<\/li>\n<li>Acc\u00e9l\u00e9rom\u00e8tre: Oui<\/li>\n<\/ul>","protected":false},"excerpt":{"rendered":"<p>Si vous \u00eates passionn\u00e9 d&#8217;informatique et d&#8217;\u00e9lectronique, si vous \u00eates \u00e0 la pointe de la technologie et qu&#8217;aucun d\u00e9tail ne vous \u00e9chappe, achetez Montre intelligente Samsung SM-L310NZGAPHE 1,31&#8243; au meilleur prix. Le Samsung WATCH7 est un smartwatch avanc\u00e9 qui allie fonctionnalit\u00e9 et design dans un appareil con\u00e7u pour accompagner votre quotidien et am\u00e9liorer le suivi [&hellip;]<\/p>\n","protected":false},"featured_media":62988,"comment_status":"open","ping_status":"closed","template":"","meta":[],"product_brand":[183],"product_cat":[575,65,748],"product_tag":[103,566,106],"class_list":{"0":"post-62989","1":"product","2":"type-product","3":"status-publish","4":"has-post-thumbnail","6":"product_brand-brandp_576","7":"product_cat-electronique-telephonie-et-tablettes","8":"product_cat-informatique-electronique","9":"product_cat-smartwatches","10":"product_tag-tag_1261","11":"product_tag-tag_547","12":"product_tag-tag_1295","14":"first","15":"instock","16":"taxable","17":"shipping-taxable","18":"purchasable","19":"product-type-simple"},"_links":{"self":[{"href":"https:\/\/bigbuy.tupique.com\/es\/wp-json\/wp\/v2\/product\/62989","targetHints":{"allow":["GET"]}}],"collection":[{"href":"https:\/\/bigbuy.tupique.com\/es\/wp-json\/wp\/v2\/product"}],"about":[{"href":"https:\/\/bigbuy.tupique.com\/es\/wp-json\/wp\/v2\/types\/product"}],"replies":[{"embeddable":true,"href":"https:\/\/bigbuy.tupique.com\/es\/wp-json\/wp\/v2\/comments?post=62989"}],"wp:featuredmedia":[{"embeddable":true,"href":"https:\/\/bigbuy.tupique.com\/es\/wp-json\/wp\/v2\/media\/62988"}],"wp:attachment":[{"href":"https:\/\/bigbuy.tupique.com\/es\/wp-json\/wp\/v2\/media?parent=62989"}],"wp:term":[{"taxonomy":"product_brand","embeddable":true,"href":"https:\/\/bigbuy.tupique.com\/es\/wp-json\/wp\/v2\/product_brand?post=62989"},{"taxonomy":"product_cat","embeddable":true,"href":"https:\/\/bigbuy.tupique.com\/es\/wp-json\/wp\/v2\/product_cat?post=62989"},{"taxonomy":"product_tag","embeddable":true,"href":"https:\/\/bigbuy.tupique.com\/es\/wp-json\/wp\/v2\/product_tag?post=62989"}],"curies":[{"name":"wp","href":"https:\/\/api.w.org\/{rel}","templated":true}]}}