{"id":62941,"date":"2026-04-01T17:45:47","date_gmt":"2026-04-01T16:45:47","guid":{"rendered":"https:\/\/bigbuy.tupique.com\/produto\/induction-hot-plate-balay-3eb989lh-7400-w\/"},"modified":"2026-04-15T02:57:37","modified_gmt":"2026-04-15T01:57:37","slug":"induction-hot-plate-balay-3eb989lh-7400-w","status":"publish","type":"product","link":"https:\/\/bigbuy.tupique.com\/es\/produto\/induction-hot-plate-balay-3eb989lh-7400-w\/","title":{"rendered":"Plaque \u00e0 Induction Balay 3EB989LH 7400 W"},"content":{"rendered":"<p>Si vous pensez r\u00e9nover votre cuisine, achetez <b>Plaque \u00e0 Induction Balay 3EB989LH 7400 W<\/b> et d\u00b4autres <b>produits Balay<\/b> !<\/p>\n<p>La <b>plaque \u00e0 induction Balay 3EB989LH<\/b> est un appareil con\u00e7u pour offrir efficacit\u00e9 et confort en cuisine gr\u00e2ce \u00e0 ses <b>3 zones de cuisson<\/b>, permettant une r\u00e9partition rapide et uniforme de la chaleur, optimisant ainsi le temps et la consommation d\u2019\u00e9nergie. Avec une <b>largeur de 80 cm<\/b>, elle offre une surface \u00e9tendue pour cuisiner plusieurs plats simultan\u00e9ment, id\u00e9ale pour les foyers aux besoins culinaires plus complexes. Sa <b>puissance maximale totale de 7400 W<\/b> garantit une performance \u00e9lev\u00e9e adapt\u00e9e \u00e0 diverses techniques de cuisson, des cuissons rapides aux chauffages plus doux. La plaque est \u00e9quip\u00e9e d\u2019un syst\u00e8me de contr\u00f4le tactile par <b>barre de d\u00e9filement<\/b>, facilitant le r\u00e9glage pr\u00e9cis de la temp\u00e9rature pour une utilisation intuitive et confortable. Elle dispose \u00e9galement du <b>verrouillage enfant<\/b>, une fonction essentielle pour assurer la s\u00e9curit\u00e9 \u00e0 domicile en \u00e9vitant les activations accidentelles. Son design en <b>noir<\/b> et sa capacit\u00e9 d\u2019int\u00e9gration parfaite dans le plan de travail en font une option esth\u00e9tique et fonctionnelle alliant modernit\u00e9 et praticit\u00e9. De plus, elle int\u00e8gre un \u00e9cran pour une lecture claire des r\u00e9glages et de l\u2019\u00e9tat des zones de cuisson. Ce mod\u00e8le r\u00e9pond aux exigences actuelles d\u2019efficacit\u00e9 et de s\u00e9curit\u00e9 en cuisine, se positionnant comme une solution fiable et polyvalente parmi les plaques \u00e0 induction pour les utilisateurs recherchant qualit\u00e9 et facilit\u00e9 d\u2019usage.<\/p>\n<p>En r\u00e9sum\u00e9, la Balay 3EB989LH offre un \u00e9quilibre entre puissance, espace et contr\u00f4le pour une exp\u00e9rience culinaire technique et s\u00e9curis\u00e9e.<\/p>\n<ul>\n<li>Type: Plaque \u00e0 Induction<\/li>\n<li>Produit \u00e0 brancher: Oui<\/li>\n<li>Type de prise: Prise EU<\/li>\n<li>Bloc d\u2019Alimentation: r\u00e9seau \u00e9lectrique<\/li>\n<li>Couleur: Noir<\/li>\n<li>Largeur: 80 cm<\/li>\n<li>Caract\u00e9ristiques:\n<ul>\n<li>Verrouillage pour enfants<\/li>\n<li>\u00c9cran integr\u00e9<\/li>\n<\/ul>\n<\/li>\n<li>Type d&#8217;installation: Int\u00e9grable<\/li>\n<li>puissance: 7400 W<\/li>\n<li>Zones de cuisson:\n<ul>\n<li>3<\/li>\n<li>4<\/li>\n<\/ul>\n<\/li>\n<li>Arr\u00eat Automatique: Oui<\/li>\n<\/ul>","protected":false},"excerpt":{"rendered":"<p>Si vous pensez r\u00e9nover votre cuisine, achetez Plaque \u00e0 Induction Balay 3EB989LH 7400 W et d\u00b4autres produits Balay ! La plaque \u00e0 induction Balay 3EB989LH est un appareil con\u00e7u pour offrir efficacit\u00e9 et confort en cuisine gr\u00e2ce \u00e0 ses 3 zones de cuisson, permettant une r\u00e9partition rapide et uniforme de la chaleur, optimisant ainsi le [&hellip;]<\/p>\n","protected":false},"featured_media":62940,"comment_status":"open","ping_status":"closed","template":"","meta":[],"product_brand":[114],"product_cat":[60,77,78],"product_tag":[55,56],"class_list":{"0":"post-62941","1":"product","2":"type-product","3":"status-publish","4":"has-post-thumbnail","6":"product_brand-brandp_1251","7":"product_cat-cuisine-gourmet","8":"product_cat-petit-electromenager","9":"product_cat-plaques-de-cuisson","10":"product_tag-tag_926","11":"product_tag-tag_930","13":"first","14":"instock","15":"taxable","16":"shipping-taxable","17":"purchasable","18":"product-type-simple"},"_links":{"self":[{"href":"https:\/\/bigbuy.tupique.com\/es\/wp-json\/wp\/v2\/product\/62941","targetHints":{"allow":["GET"]}}],"collection":[{"href":"https:\/\/bigbuy.tupique.com\/es\/wp-json\/wp\/v2\/product"}],"about":[{"href":"https:\/\/bigbuy.tupique.com\/es\/wp-json\/wp\/v2\/types\/product"}],"replies":[{"embeddable":true,"href":"https:\/\/bigbuy.tupique.com\/es\/wp-json\/wp\/v2\/comments?post=62941"}],"wp:featuredmedia":[{"embeddable":true,"href":"https:\/\/bigbuy.tupique.com\/es\/wp-json\/wp\/v2\/media\/62940"}],"wp:attachment":[{"href":"https:\/\/bigbuy.tupique.com\/es\/wp-json\/wp\/v2\/media?parent=62941"}],"wp:term":[{"taxonomy":"product_brand","embeddable":true,"href":"https:\/\/bigbuy.tupique.com\/es\/wp-json\/wp\/v2\/product_brand?post=62941"},{"taxonomy":"product_cat","embeddable":true,"href":"https:\/\/bigbuy.tupique.com\/es\/wp-json\/wp\/v2\/product_cat?post=62941"},{"taxonomy":"product_tag","embeddable":true,"href":"https:\/\/bigbuy.tupique.com\/es\/wp-json\/wp\/v2\/product_tag?post=62941"}],"curies":[{"name":"wp","href":"https:\/\/api.w.org\/{rel}","templated":true}]}}