{"id":62826,"date":"2026-04-01T17:31:08","date_gmt":"2026-04-01T16:31:08","guid":{"rendered":"https:\/\/bigbuy.tupique.com\/produto\/vaporeta-steam-cleaner-polti-pro-8x-eco-plus\/"},"modified":"2026-04-15T02:19:21","modified_gmt":"2026-04-15T01:19:21","slug":"vaporeta-steam-cleaner-polti-pro-8x-eco-plus","status":"publish","type":"product","link":"https:\/\/bigbuy.tupique.com\/es\/produto\/vaporeta-steam-cleaner-polti-pro-8x-eco-plus\/","title":{"rendered":"Nettoyeur vapeur Vaporeta POLTI PRO 8X ECO PLUS"},"content":{"rendered":"<p>Si vous recherchez des \u00e9lectrom\u00e9nagers pour votre maison aux meilleurs prix, ne manquez pas <b>Nettoyeur vapeur Vaporeta POLTI PRO 8X ECO PLUS<\/b> et une large s\u00e9lection de petits \u00e9lectrom\u00e9nagers de qualit\u00e9 !<\/p>\n<p>Le <b>PRO 8X ECO PLUS<\/b> de <b>POLTI<\/b> est un <b>nettoyeur vapeur<\/b> con\u00e7u pour offrir un nettoyage efficace et s\u00fbr gr\u00e2ce \u00e0 sa combinaison optimale de puissance et de pression. Ce mod\u00e8le se distingue par sa <b>puissance de 1900 W<\/b>, garantissant un chauffage rapide et une production constante de vapeur, ainsi qu\u2019une <b>pression de 5 bars<\/b>, adapt\u00e9e pour \u00e9liminer les salissures incrust\u00e9es et d\u00e9sinfecter les surfaces efficacement, sans recours \u00e0 des produits chimiques agressifs. Sa structure int\u00e8gre un <b>verrouillage enfant<\/b>, apportant une s\u00e9curit\u00e9 suppl\u00e9mentaire en milieu domestique, tandis que l\u2019<b>interrupteur marche\/arr\u00eat<\/b> facilite une utilisation simple et confortable. De plus, il pr\u00e9sente un design fonctionnel et robuste incluant un <b>\u00e9tui<\/b> pour ranger ses accessoires, optimisant l\u2019organisation et le transport de l\u2019appareil. Avec un poids d\u2019environ <b>6 kg<\/b>, cet appareil offre un bon \u00e9quilibre entre solidit\u00e9 et maniabilit\u00e9, id\u00e9al pour diff\u00e9rents types de surfaces et espaces. Le <b>PRO 8X ECO PLUS<\/b> convient aux utilisateurs recherchant une solution professionnelle de nettoyage vapeur, alliant puissance, s\u00e9curit\u00e9 et praticit\u00e9 en un seul produit. Sa technologie et ses caract\u00e9ristiques en font un outil fiable et performant pour l\u2019hygi\u00e8ne du domicile ou de petits locaux commerciaux.<\/p>\n<ul>\n<li>puissance: 1900 W<\/li>\n<li>Pression: 5 bar<\/li>\n<\/ul>","protected":false},"excerpt":{"rendered":"<p>Si vous recherchez des \u00e9lectrom\u00e9nagers pour votre maison aux meilleurs prix, ne manquez pas Nettoyeur vapeur Vaporeta POLTI PRO 8X ECO PLUS et une large s\u00e9lection de petits \u00e9lectrom\u00e9nagers de qualit\u00e9 ! Le PRO 8X ECO PLUS de POLTI est un nettoyeur vapeur con\u00e7u pour offrir un nettoyage efficace et s\u00fbr gr\u00e2ce \u00e0 sa combinaison [&hellip;]<\/p>\n","protected":false},"featured_media":62825,"comment_status":"open","ping_status":"closed","template":"","meta":[],"product_brand":[799],"product_cat":[239,741,240],"product_tag":[210],"class_list":{"0":"post-62826","1":"product","2":"type-product","3":"status-publish","4":"has-post-thumbnail","6":"product_brand-brandp_957","7":"product_cat-maison-jardin","8":"product_cat-nettoyage-a-la-vapeur","9":"product_cat-nettoyage-aspirateur-et-repassage","10":"product_tag-tag_25","12":"first","13":"instock","14":"taxable","15":"shipping-taxable","16":"purchasable","17":"product-type-simple"},"_links":{"self":[{"href":"https:\/\/bigbuy.tupique.com\/es\/wp-json\/wp\/v2\/product\/62826","targetHints":{"allow":["GET"]}}],"collection":[{"href":"https:\/\/bigbuy.tupique.com\/es\/wp-json\/wp\/v2\/product"}],"about":[{"href":"https:\/\/bigbuy.tupique.com\/es\/wp-json\/wp\/v2\/types\/product"}],"replies":[{"embeddable":true,"href":"https:\/\/bigbuy.tupique.com\/es\/wp-json\/wp\/v2\/comments?post=62826"}],"wp:featuredmedia":[{"embeddable":true,"href":"https:\/\/bigbuy.tupique.com\/es\/wp-json\/wp\/v2\/media\/62825"}],"wp:attachment":[{"href":"https:\/\/bigbuy.tupique.com\/es\/wp-json\/wp\/v2\/media?parent=62826"}],"wp:term":[{"taxonomy":"product_brand","embeddable":true,"href":"https:\/\/bigbuy.tupique.com\/es\/wp-json\/wp\/v2\/product_brand?post=62826"},{"taxonomy":"product_cat","embeddable":true,"href":"https:\/\/bigbuy.tupique.com\/es\/wp-json\/wp\/v2\/product_cat?post=62826"},{"taxonomy":"product_tag","embeddable":true,"href":"https:\/\/bigbuy.tupique.com\/es\/wp-json\/wp\/v2\/product_tag?post=62826"}],"curies":[{"name":"wp","href":"https:\/\/api.w.org\/{rel}","templated":true}]}}