{"id":62824,"date":"2026-04-01T17:31:05","date_gmt":"2026-04-01T16:31:05","guid":{"rendered":"https:\/\/bigbuy.tupique.com\/produto\/induction-hot-plate-lg-cbiz3035b-80-cm-7400-w\/"},"modified":"2026-04-15T02:19:14","modified_gmt":"2026-04-15T01:19:14","slug":"induction-hot-plate-lg-cbiz3035b-80-cm-7400-w","status":"publish","type":"product","link":"https:\/\/bigbuy.tupique.com\/es\/produto\/induction-hot-plate-lg-cbiz3035b-80-cm-7400-w\/","title":{"rendered":"Plaque \u00e0 Induction LG CBIZ3035B 80 cm 7400 W"},"content":{"rendered":"<p>Si vous pensez r\u00e9nover votre cuisine, achetez <b>Plaque \u00e0 Induction LG CBIZ3035B 80 cm 7400 W<\/b> et d\u00b4autres <b>produits LG<\/b> !<\/p>\n<p>La <b>plaque \u00e0 induction<\/b> <b>LG CBIZ3035B<\/b> est une solution avanc\u00e9e pour ceux qui recherchent efficacit\u00e9 et pr\u00e9cision en cuisine moderne, alliant technologie innovante et design sophistiqu\u00e9 en <b>noir<\/b>. Avec des dimensions g\u00e9n\u00e9reuses de <b>80 cm de largeur<\/b>, cette plaque s\u2019int\u00e8gre parfaitement dans diverses configurations de cuisine, offrant <b>quatre zones de cuisson<\/b> ind\u00e9pendantes permettant de pr\u00e9parer plusieurs plats simultan\u00e9ment, de mani\u00e8re pratique et s\u00e9curis\u00e9e. Sa <b>puissance totale de 7400 W<\/b> assure un chauffage rapide et un contr\u00f4le pr\u00e9cis de la temp\u00e9rature, essentiel pour des techniques culinaires exigeantes et une \u00e9conomie d\u2019\u00e9nergie notable. Parmi ses atouts majeurs figure la <b>connectivit\u00e9 Wi-Fi<\/b>, permettant de g\u00e9rer la plaque facilement depuis des appareils mobiles via des applications compatibles, avec acc\u00e8s \u00e0 des fonctions intelligentes et \u00e0 la surveillance \u00e0 distance pour optimiser temps et s\u00e9curit\u00e9. Elle int\u00e8gre \u00e9galement un <b>minuteur<\/b> programmable, id\u00e9al pour une cuisson pr\u00e9cise, et un <b>verrouillage enfant<\/b>, renfor\u00e7ant la s\u00e9curit\u00e9 dans les foyers familiaux. L\u2019<b>\u00e9cran int\u00e9gr\u00e9<\/b> facilite la visualisation des r\u00e9glages \u00e0 tout moment, offrant une exp\u00e9rience intuitive et moderne. Gr\u00e2ce \u00e0 sa technologie \u00e0 induction, cette plaque garantit un chauffage rapide, homog\u00e8ne et s\u00fbr, tout en \u00e9tant tr\u00e8s efficace et facile \u00e0 nettoyer apr\u00e8s usage quotidien. Le mod\u00e8le CBIZ3035B se positionne comme une option polyvalente et robuste dans la gamme des plaques \u00e0 induction, particuli\u00e8rement adapt\u00e9e aux utilisateurs recherchant praticit\u00e9, connectivit\u00e9 avanc\u00e9e et un espace de cuisson large et s\u00e9curis\u00e9.<\/p>\n<ul>\n<li>Type: Plaque \u00e0 Induction<\/li>\n<li>Produit \u00e0 brancher: Oui<\/li>\n<li>Type de prise: Prise EU<\/li>\n<li>Couleur: Noir<\/li>\n<li>Largeur: 80 cm<\/li>\n<li>Caract\u00e9ristiques:\n<ul>\n<li>Verrouillage pour enfants<\/li>\n<li>\u00c9cran integr\u00e9<\/li>\n<li>Commande tactile<\/li>\n<\/ul>\n<\/li>\n<li>puissance: 7400 W<\/li>\n<li>Zones de cuisson: 4<\/li>\n<li>Profondeur de compartiment d&#8217;installation: 48 cm<\/li>\n<\/ul>","protected":false},"excerpt":{"rendered":"<p>Si vous pensez r\u00e9nover votre cuisine, achetez Plaque \u00e0 Induction LG CBIZ3035B 80 cm 7400 W et d\u00b4autres produits LG ! La plaque \u00e0 induction LG CBIZ3035B est une solution avanc\u00e9e pour ceux qui recherchent efficacit\u00e9 et pr\u00e9cision en cuisine moderne, alliant technologie innovante et design sophistiqu\u00e9 en noir. Avec des dimensions g\u00e9n\u00e9reuses de 80 [&hellip;]<\/p>\n","protected":false},"featured_media":62823,"comment_status":"open","ping_status":"closed","template":"","meta":[],"product_brand":[662],"product_cat":[60,77,78],"product_tag":[55,56],"class_list":{"0":"post-62824","1":"product","2":"type-product","3":"status-publish","4":"has-post-thumbnail","6":"product_brand-brandp_559","7":"product_cat-cuisine-gourmet","8":"product_cat-petit-electromenager","9":"product_cat-plaques-de-cuisson","10":"product_tag-tag_926","11":"product_tag-tag_930","13":"first","14":"instock","15":"taxable","16":"shipping-taxable","17":"purchasable","18":"product-type-simple"},"_links":{"self":[{"href":"https:\/\/bigbuy.tupique.com\/es\/wp-json\/wp\/v2\/product\/62824","targetHints":{"allow":["GET"]}}],"collection":[{"href":"https:\/\/bigbuy.tupique.com\/es\/wp-json\/wp\/v2\/product"}],"about":[{"href":"https:\/\/bigbuy.tupique.com\/es\/wp-json\/wp\/v2\/types\/product"}],"replies":[{"embeddable":true,"href":"https:\/\/bigbuy.tupique.com\/es\/wp-json\/wp\/v2\/comments?post=62824"}],"wp:featuredmedia":[{"embeddable":true,"href":"https:\/\/bigbuy.tupique.com\/es\/wp-json\/wp\/v2\/media\/62823"}],"wp:attachment":[{"href":"https:\/\/bigbuy.tupique.com\/es\/wp-json\/wp\/v2\/media?parent=62824"}],"wp:term":[{"taxonomy":"product_brand","embeddable":true,"href":"https:\/\/bigbuy.tupique.com\/es\/wp-json\/wp\/v2\/product_brand?post=62824"},{"taxonomy":"product_cat","embeddable":true,"href":"https:\/\/bigbuy.tupique.com\/es\/wp-json\/wp\/v2\/product_cat?post=62824"},{"taxonomy":"product_tag","embeddable":true,"href":"https:\/\/bigbuy.tupique.com\/es\/wp-json\/wp\/v2\/product_tag?post=62824"}],"curies":[{"name":"wp","href":"https:\/\/api.w.org\/{rel}","templated":true}]}}