{"id":62794,"date":"2026-04-01T17:30:25","date_gmt":"2026-04-01T16:30:25","guid":{"rendered":"https:\/\/bigbuy.tupique.com\/produto\/vaporeta-steam-cleaner-polti-fav30-2450-w\/"},"modified":"2026-04-15T01:24:56","modified_gmt":"2026-04-15T00:24:56","slug":"vaporeta-steam-cleaner-polti-fav30-2450-w","status":"publish","type":"product","link":"https:\/\/bigbuy.tupique.com\/es\/produto\/vaporeta-steam-cleaner-polti-fav30-2450-w\/","title":{"rendered":"Nettoyeur vapeur Vaporeta POLTI FAV30 2450 W"},"content":{"rendered":"<p>Si vous recherchez des \u00e9lectrom\u00e9nagers pour votre maison aux meilleurs prix, ne manquez pas <b>Nettoyeur vapeur Vaporeta POLTI FAV30 2450 W<\/b> et une large s\u00e9lection de petits \u00e9lectrom\u00e9nagers de qualit\u00e9 !<\/p>\n<ul>\n<li>Couleur: Blanc<\/li>\n<li>puissance: 2450 W<\/li>\n<li>Pression: 4 bar<\/li>\n<li>Capacit\u00e9: 1,8 L<\/li>\n<\/ul>","protected":false},"excerpt":{"rendered":"<p>Si vous recherchez des \u00e9lectrom\u00e9nagers pour votre maison aux meilleurs prix, ne manquez pas Nettoyeur vapeur Vaporeta POLTI FAV30 2450 W et une large s\u00e9lection de petits \u00e9lectrom\u00e9nagers de qualit\u00e9 ! Couleur: Blanc puissance: 2450 W Pression: 4 bar Capacit\u00e9: 1,8 L<\/p>","protected":false},"featured_media":62793,"comment_status":"open","ping_status":"closed","template":"","meta":[],"product_brand":[799],"product_cat":[239,741,240],"product_tag":[210],"class_list":{"0":"post-62794","1":"product","2":"type-product","3":"status-publish","4":"has-post-thumbnail","6":"product_brand-brandp_957","7":"product_cat-maison-jardin","8":"product_cat-nettoyage-a-la-vapeur","9":"product_cat-nettoyage-aspirateur-et-repassage","10":"product_tag-tag_25","12":"first","13":"instock","14":"taxable","15":"shipping-taxable","16":"purchasable","17":"product-type-simple"},"_links":{"self":[{"href":"https:\/\/bigbuy.tupique.com\/es\/wp-json\/wp\/v2\/product\/62794","targetHints":{"allow":["GET"]}}],"collection":[{"href":"https:\/\/bigbuy.tupique.com\/es\/wp-json\/wp\/v2\/product"}],"about":[{"href":"https:\/\/bigbuy.tupique.com\/es\/wp-json\/wp\/v2\/types\/product"}],"replies":[{"embeddable":true,"href":"https:\/\/bigbuy.tupique.com\/es\/wp-json\/wp\/v2\/comments?post=62794"}],"wp:featuredmedia":[{"embeddable":true,"href":"https:\/\/bigbuy.tupique.com\/es\/wp-json\/wp\/v2\/media\/62793"}],"wp:attachment":[{"href":"https:\/\/bigbuy.tupique.com\/es\/wp-json\/wp\/v2\/media?parent=62794"}],"wp:term":[{"taxonomy":"product_brand","embeddable":true,"href":"https:\/\/bigbuy.tupique.com\/es\/wp-json\/wp\/v2\/product_brand?post=62794"},{"taxonomy":"product_cat","embeddable":true,"href":"https:\/\/bigbuy.tupique.com\/es\/wp-json\/wp\/v2\/product_cat?post=62794"},{"taxonomy":"product_tag","embeddable":true,"href":"https:\/\/bigbuy.tupique.com\/es\/wp-json\/wp\/v2\/product_tag?post=62794"}],"curies":[{"name":"wp","href":"https:\/\/api.w.org\/{rel}","templated":true}]}}