{"id":62696,"date":"2026-04-01T17:27:24","date_gmt":"2026-04-01T16:27:24","guid":{"rendered":"https:\/\/bigbuy.tupique.com\/produto\/stick-vacuum-cleaner-samsung-vs80f28dlp\/"},"modified":"2026-04-15T06:25:32","modified_gmt":"2026-04-15T05:25:32","slug":"stick-vacuum-cleaner-samsung-vs80f28dlp","status":"publish","type":"product","link":"https:\/\/bigbuy.tupique.com\/es\/produto\/stick-vacuum-cleaner-samsung-vs80f28dlp\/","title":{"rendered":"Aspirateur balai Samsung VS80F28DLP"},"content":{"rendered":"<p>Si vous \u00eates \u00e0 la recherche de nouvelles tendances sur le march\u00e9, nous vous pr\u00e9sentons <b>Aspirateur balai Samsung VS80F28DLP<\/b> !<\/p>\n<ul>\n<li>Produit \u00e0 brancher: Oui<\/li>\n<li>Type:\n<ul>\n<li>Aspirateur balai<\/li>\n<li>Sec<\/li>\n<\/ul>\n<\/li>\n<li>Bloc d\u2019Alimentation:\n<ul>\n<li>r\u00e9seau \u00e9lectrique<\/li>\n<li>Batterie<\/li>\n<\/ul>\n<\/li>\n<li>Couleur: Gris<\/li>\n<li>Largeur: 30 cm<\/li>\n<li>Caract\u00e9ristiques:\n<ul>\n<li>Lumi\u00e8re LED<\/li>\n<li>\u00c9cran integr\u00e9<\/li>\n<\/ul>\n<\/li>\n<li>Capacit\u00e9: 500 ml<\/li>\n<li>Temps de charge approx.: 3,5 heures<\/li>\n<li>Autonomie approx.: 1 heure<\/li>\n<li>Technologie: LCD<\/li>\n<li>Type de batterie: Litio Ion<\/li>\n<\/ul>","protected":false},"excerpt":{"rendered":"<p><span class=\"unit-info\">132.7980 &euro; \/ 100 ml<\/span><\/p>","protected":false},"featured_media":62693,"comment_status":"open","ping_status":"closed","template":"","meta":[],"product_brand":[183],"product_cat":[762,239,240],"product_tag":[56,210],"class_list":{"0":"post-62696","1":"product","2":"type-product","3":"status-publish","4":"has-post-thumbnail","6":"product_brand-brandp_576","7":"product_cat-aspirateurs-et-robots","8":"product_cat-maison-jardin","9":"product_cat-nettoyage-aspirateur-et-repassage","10":"product_tag-tag_930","11":"product_tag-tag_25","13":"first","14":"instock","15":"taxable","16":"shipping-taxable","17":"purchasable","18":"product-type-simple"},"_links":{"self":[{"href":"https:\/\/bigbuy.tupique.com\/es\/wp-json\/wp\/v2\/product\/62696","targetHints":{"allow":["GET"]}}],"collection":[{"href":"https:\/\/bigbuy.tupique.com\/es\/wp-json\/wp\/v2\/product"}],"about":[{"href":"https:\/\/bigbuy.tupique.com\/es\/wp-json\/wp\/v2\/types\/product"}],"replies":[{"embeddable":true,"href":"https:\/\/bigbuy.tupique.com\/es\/wp-json\/wp\/v2\/comments?post=62696"}],"wp:featuredmedia":[{"embeddable":true,"href":"https:\/\/bigbuy.tupique.com\/es\/wp-json\/wp\/v2\/media\/62693"}],"wp:attachment":[{"href":"https:\/\/bigbuy.tupique.com\/es\/wp-json\/wp\/v2\/media?parent=62696"}],"wp:term":[{"taxonomy":"product_brand","embeddable":true,"href":"https:\/\/bigbuy.tupique.com\/es\/wp-json\/wp\/v2\/product_brand?post=62696"},{"taxonomy":"product_cat","embeddable":true,"href":"https:\/\/bigbuy.tupique.com\/es\/wp-json\/wp\/v2\/product_cat?post=62696"},{"taxonomy":"product_tag","embeddable":true,"href":"https:\/\/bigbuy.tupique.com\/es\/wp-json\/wp\/v2\/product_tag?post=62696"}],"curies":[{"name":"wp","href":"https:\/\/api.w.org\/{rel}","templated":true}]}}