{"id":62424,"date":"2026-04-01T17:10:05","date_gmt":"2026-04-01T16:10:05","guid":{"rendered":"https:\/\/bigbuy.tupique.com\/produto\/electric-scooter-segway-aa-05-16-01-0004\/"},"modified":"2026-04-15T17:56:22","modified_gmt":"2026-04-15T16:56:22","slug":"electric-scooter-segway-aa-05-16-01-0004","status":"publish","type":"product","link":"https:\/\/bigbuy.tupique.com\/es\/produto\/electric-scooter-segway-aa-05-16-01-0004\/","title":{"rendered":"Trottinette \u00c9lectrique Segway AA.05.16.01.0004"},"content":{"rendered":"<p>Si vous \u00eates \u00e0 la recherche de nouvelles tendances sur le march\u00e9, nous vous pr\u00e9sentons <b>Trottinette \u00c9lectrique Segway AA.05.16.01.0004<\/b> !<\/p>\n<ul>\n<li>Type:\n<ul>\n<li>Trottinette \u00c9lectrique<\/li>\n<li>Disque de frein<\/li>\n<li>Frontal<\/li>\n<\/ul>\n<\/li>\n<li>Produit \u00e0 brancher: Oui<\/li>\n<li>Type de prise: Prise EU<\/li>\n<li>Bloc d\u2019Alimentation:\n<ul>\n<li>r\u00e9seau \u00e9lectrique<\/li>\n<li>Batterie<\/li>\n<\/ul>\n<\/li>\n<li>Couleur: Noir<\/li>\n<li>Mati\u00e8re: Aluminium<\/li>\n<li>Caract\u00e9ristiques:\n<ul>\n<li>Pliable<\/li>\n<li>R\u00e9sistant \u00e0 l&#8217;eau<\/li>\n<li>\u00c9cran integr\u00e9<\/li>\n<li>Feu arri\u00e8re<\/li>\n<li>Pied de biche<\/li>\n<\/ul>\n<\/li>\n<li>Connectivit\u00e9: Bluetooth<\/li>\n<li>puissance: 700 W<\/li>\n<li>roues: 2 roues<\/li>\n<li>Genre: Unisexe<\/li>\n<li>Temps de charge approx.: 3,5 heures<\/li>\n<li>Largeur: 59 cm<\/li>\n<li>vitesse: 25 km\/h<\/li>\n<li>Non Inclus: Si\u00e8ge<\/li>\n<li>Poids Max. support\u00e9: 130 Kg<\/li>\n<li>Type de batterie:\n<ul>\n<li>Litio Ion<\/li>\n<li>Batterie au lithium rechargeable<\/li>\n<\/ul>\n<\/li>\n<\/ul>\n<p>Informations importantes: Si la marque n&#8217;a pas immatricul\u00e9 la trotinette, le propi\u00e9taire devra passer le ITV ou le T\u00dbV pour obtenir un &#8220;EBE&#8221; ou un permis de circulation individuel.<\/p>","protected":false},"excerpt":{"rendered":"<p>Si vous \u00eates \u00e0 la recherche de nouvelles tendances sur le march\u00e9, nous vous pr\u00e9sentons Trottinette \u00c9lectrique Segway AA.05.16.01.0004 ! Type: Trottinette \u00c9lectrique Disque de frein Frontal Produit \u00e0 brancher: Oui Type de prise: Prise EU Bloc d\u2019Alimentation: r\u00e9seau \u00e9lectrique Batterie Couleur: Noir Mati\u00e8re: Aluminium Caract\u00e9ristiques: Pliable R\u00e9sistant \u00e0 l&#8217;eau \u00c9cran integr\u00e9 Feu arri\u00e8re Pied [&hellip;]<\/p>\n","protected":false},"featured_media":62423,"comment_status":"open","ping_status":"closed","template":"","meta":[],"product_brand":[1288],"product_cat":[609,65,1146],"product_tag":[163],"class_list":{"0":"post-62424","1":"product","2":"type-product","3":"status-publish","4":"has-post-thumbnail","6":"product_brand-brandp_6199","7":"product_cat-electronique-jouets-electroniques","8":"product_cat-informatique-electronique","9":"product_cat-trottinettes-electriques","10":"product_tag-tag_17","12":"first","13":"instock","14":"taxable","15":"shipping-taxable","16":"purchasable","17":"product-type-simple"},"_links":{"self":[{"href":"https:\/\/bigbuy.tupique.com\/es\/wp-json\/wp\/v2\/product\/62424","targetHints":{"allow":["GET"]}}],"collection":[{"href":"https:\/\/bigbuy.tupique.com\/es\/wp-json\/wp\/v2\/product"}],"about":[{"href":"https:\/\/bigbuy.tupique.com\/es\/wp-json\/wp\/v2\/types\/product"}],"replies":[{"embeddable":true,"href":"https:\/\/bigbuy.tupique.com\/es\/wp-json\/wp\/v2\/comments?post=62424"}],"wp:featuredmedia":[{"embeddable":true,"href":"https:\/\/bigbuy.tupique.com\/es\/wp-json\/wp\/v2\/media\/62423"}],"wp:attachment":[{"href":"https:\/\/bigbuy.tupique.com\/es\/wp-json\/wp\/v2\/media?parent=62424"}],"wp:term":[{"taxonomy":"product_brand","embeddable":true,"href":"https:\/\/bigbuy.tupique.com\/es\/wp-json\/wp\/v2\/product_brand?post=62424"},{"taxonomy":"product_cat","embeddable":true,"href":"https:\/\/bigbuy.tupique.com\/es\/wp-json\/wp\/v2\/product_cat?post=62424"},{"taxonomy":"product_tag","embeddable":true,"href":"https:\/\/bigbuy.tupique.com\/es\/wp-json\/wp\/v2\/product_tag?post=62424"}],"curies":[{"name":"wp","href":"https:\/\/api.w.org\/{rel}","templated":true}]}}