{"id":62422,"date":"2026-04-01T17:10:03","date_gmt":"2026-04-01T16:10:03","guid":{"rendered":"https:\/\/bigbuy.tupique.com\/produto\/electric-scooter-segway-aa-06-02-01-0004\/"},"modified":"2026-04-15T04:32:40","modified_gmt":"2026-04-15T03:32:40","slug":"electric-scooter-segway-aa-06-02-01-0004","status":"publish","type":"product","link":"https:\/\/bigbuy.tupique.com\/es\/produto\/electric-scooter-segway-aa-06-02-01-0004\/","title":{"rendered":"Trottinette \u00c9lectrique Segway AA.06.02.01.0004"},"content":{"rendered":"<p>Si vous \u00eates \u00e0 la recherche de nouvelles tendances sur le march\u00e9, nous vous pr\u00e9sentons <b>Trottinette \u00c9lectrique Segway AA.06.02.01.0004<\/b> !<\/p>\n<p>Le <b>patin \u00e9lectrique Segway<\/b> est une solution de mobilit\u00e9 urbaine avanc\u00e9e qui allie puissance, autonomie et confort pour ses utilisateurs. \u00c9quip\u00e9 d\u2019un <b>moteur de 700 W<\/b>, il offre une conduite agile avec une <b>vitesse maximale de 25 km\/h<\/b>, adapt\u00e9e aux d\u00e9placements rapides et s\u00fbrs en ville. Son design int\u00e8gre des roues avant et arri\u00e8re de <b>11 pouces<\/b>, assurant stabilit\u00e9 et absorption des chocs sur divers types de surfaces urbaines. Ce patin supporte un <b>poids maximal allant jusqu\u2019\u00e0 150 kg<\/b>, \u00e9largissant sa compatibilit\u00e9 \u00e0 une grande vari\u00e9t\u00e9 d\u2019utilisateurs. Gr\u00e2ce \u00e0 son syst\u00e8me de batterie efficace, il permet d\u2019atteindre une <b>autonomie maximale allant jusqu\u2019\u00e0 75 km par charge<\/b>, id\u00e9al pour les trajets longs sans recharges fr\u00e9quentes. De plus, le mod\u00e8le inclut une <b>prise de type EU<\/b> pour faciliter la recharge sur la plupart des infrastructures \u00e9lectriques europ\u00e9ennes. Sur le plan l\u00e9gal, si le patin n\u2019est pas enregistr\u00e9 par la marque, le propri\u00e9taire peut obtenir le permis individuel \u00ab EBE \u00bb via une inspection technique ITV ou T\u00dcV, garantissant sa l\u00e9galit\u00e9 pour la circulation urbaine. Ce point est essentiel pour ceux qui recherchent fonctionnalit\u00e9 et conformit\u00e9 r\u00e9glementaire. En r\u00e9sum\u00e9, le patin \u00e9lectrique Segway offre un \u00e9quilibre solide entre <b>puissance, autonomie et adaptabilit\u00e9<\/b>, con\u00e7u pour les utilisateurs cherchant un moyen de transport pratique, efficace et techniquement fiable pour leurs d\u00e9placements quotidiens en milieu urbain.<\/p>\n<ul>\n<li>Type:\n<ul>\n<li>Trottinette \u00c9lectrique<\/li>\n<li>Disque de frein<\/li>\n<li>Frontal<\/li>\n<\/ul>\n<\/li>\n<li>Produit \u00e0 brancher: Oui<\/li>\n<li>Type de prise: Prise EU<\/li>\n<li>Bloc d\u2019Alimentation:\n<ul>\n<li>r\u00e9seau \u00e9lectrique<\/li>\n<li>Batterie<\/li>\n<\/ul>\n<\/li>\n<li>Couleur: Noir<\/li>\n<li>Caract\u00e9ristiques:\n<ul>\n<li>Pliable<\/li>\n<li>R\u00e9sistant \u00e0 l&#8217;eau<\/li>\n<li>\u00c9cran integr\u00e9<\/li>\n<li>Feu arri\u00e8re<\/li>\n<li>Pied de biche<\/li>\n<\/ul>\n<\/li>\n<li>Type de batterie: Batterie rechargeable<\/li>\n<li>Connectivit\u00e9: Bluetooth<\/li>\n<li>puissance: 700 W<\/li>\n<li>roues: 2 roues<\/li>\n<li>Genre: Unisexe<\/li>\n<li>Temps de charge approx.: 5,5 heures<\/li>\n<li>vitesse: 25 km\/h<\/li>\n<li>Poids Max. support\u00e9: 150 kg<\/li>\n<li>Non Inclus: Si\u00e8ge<\/li>\n<\/ul>\n<p>Informations importantes: Si la marque n&#8217;a pas immatricul\u00e9 la trotinette, le propi\u00e9taire devra passer le ITV ou le T\u00dbV pour obtenir un &#8220;EBE&#8221; ou un permis de circulation individuel.<\/p>","protected":false},"excerpt":{"rendered":"<p>Si vous \u00eates \u00e0 la recherche de nouvelles tendances sur le march\u00e9, nous vous pr\u00e9sentons Trottinette \u00c9lectrique Segway AA.06.02.01.0004 ! Le patin \u00e9lectrique Segway est une solution de mobilit\u00e9 urbaine avanc\u00e9e qui allie puissance, autonomie et confort pour ses utilisateurs. \u00c9quip\u00e9 d\u2019un moteur de 700 W, il offre une conduite agile avec une vitesse maximale [&hellip;]<\/p>\n","protected":false},"featured_media":170995,"comment_status":"open","ping_status":"closed","template":"","meta":[],"product_brand":[1288],"product_cat":[609,65,1146],"product_tag":[163],"class_list":{"0":"post-62422","1":"product","2":"type-product","3":"status-publish","4":"has-post-thumbnail","6":"product_brand-brandp_6199","7":"product_cat-electronique-jouets-electroniques","8":"product_cat-informatique-electronique","9":"product_cat-trottinettes-electriques","10":"product_tag-tag_17","12":"first","13":"instock","14":"taxable","15":"shipping-taxable","16":"purchasable","17":"product-type-simple"},"_links":{"self":[{"href":"https:\/\/bigbuy.tupique.com\/es\/wp-json\/wp\/v2\/product\/62422","targetHints":{"allow":["GET"]}}],"collection":[{"href":"https:\/\/bigbuy.tupique.com\/es\/wp-json\/wp\/v2\/product"}],"about":[{"href":"https:\/\/bigbuy.tupique.com\/es\/wp-json\/wp\/v2\/types\/product"}],"replies":[{"embeddable":true,"href":"https:\/\/bigbuy.tupique.com\/es\/wp-json\/wp\/v2\/comments?post=62422"}],"wp:featuredmedia":[{"embeddable":true,"href":"https:\/\/bigbuy.tupique.com\/es\/wp-json\/wp\/v2\/media\/170995"}],"wp:attachment":[{"href":"https:\/\/bigbuy.tupique.com\/es\/wp-json\/wp\/v2\/media?parent=62422"}],"wp:term":[{"taxonomy":"product_brand","embeddable":true,"href":"https:\/\/bigbuy.tupique.com\/es\/wp-json\/wp\/v2\/product_brand?post=62422"},{"taxonomy":"product_cat","embeddable":true,"href":"https:\/\/bigbuy.tupique.com\/es\/wp-json\/wp\/v2\/product_cat?post=62422"},{"taxonomy":"product_tag","embeddable":true,"href":"https:\/\/bigbuy.tupique.com\/es\/wp-json\/wp\/v2\/product_tag?post=62422"}],"curies":[{"name":"wp","href":"https:\/\/api.w.org\/{rel}","templated":true}]}}