{"id":62420,"date":"2026-04-01T17:10:00","date_gmt":"2026-04-01T16:10:00","guid":{"rendered":"https:\/\/bigbuy.tupique.com\/produto\/electric-scooter-smartgyro-sg27-555\/"},"modified":"2026-04-15T18:03:44","modified_gmt":"2026-04-15T17:03:44","slug":"electric-scooter-smartgyro-sg27-555","status":"publish","type":"product","link":"https:\/\/bigbuy.tupique.com\/es\/produto\/electric-scooter-smartgyro-sg27-555\/","title":{"rendered":"Trottinette \u00c9lectrique Smartgyro SG27-555"},"content":{"rendered":"<p>Si vous \u00eates \u00e0 la recherche de nouvelles tendances sur le march\u00e9, nous vous pr\u00e9sentons <b>Trottinette \u00c9lectrique Smartgyro SG27-555<\/b> !<\/p>\n<p>Le <b>Smartgyro SG27-555<\/b> est une <b>trottinette \u00e9lectrique<\/b> con\u00e7ue pour offrir un \u00e9quilibre entre puissance, autonomie et fonctionnalit\u00e9 pour les d\u00e9placements urbains et de loisirs. Ce mod\u00e8le int\u00e8gre un moteur d\u2019une puissance solide de <b>1000 W<\/b>, capable d\u2019atteindre une <b>vitesse maximale de 25 km\/h<\/b>, permettant une circulation agile et efficace dans divers environnements, tout en respectant les limites de vitesse en vigueur dans la plupart des villes europ\u00e9ennes. Sa batterie haute capacit\u00e9, avec <b>20 000 mAh et une tension de 48 V<\/b>, offre une autonomie cons\u00e9quente allant jusqu\u2019\u00e0 <b>75 km<\/b> avec une seule charge, adapt\u00e9e aux trajets longs ou \u00e0 un usage quotidien intensif sans recharges fr\u00e9quentes. Les roues avant et arri\u00e8re, toutes deux de <b>10 pouces<\/b>, assurent stabilit\u00e9 et confort de conduite, facilitant l\u2019absorption des irr\u00e9gularit\u00e9s du sol et garantissant une bonne adh\u00e9rence. Bien qu\u2019aucun poids maximal exact ne soit sp\u00e9cifi\u00e9, l\u2019ensemble est con\u00e7u pour supporter les besoins habituels des utilisateurs adultes. Cette trottinette \u00e9lectrique dispose d\u2019une prise standard europ\u00e9enne (EU), assurant la compatibilit\u00e9 avec les infrastructures \u00e9lectriques locales pour la recharge. De plus, son design compact et fonctionnel r\u00e9pond aux exigences de mobilit\u00e9 personnelle contemporaine, combinant autonomie, performance et portabilit\u00e9. Le Smartgyro SG27-555 est une solution fiable et efficace pour ceux qui recherchent une mobilit\u00e9 \u00e9lectrique adapt\u00e9e aux trajets urbains prolong\u00e9s.<\/p>\n<ul>\n<li>Type: Trottinette \u00c9lectrique<\/li>\n<li>Produit \u00e0 brancher: Oui<\/li>\n<li>Type de prise: Prise EU<\/li>\n<li>Bloc d\u2019Alimentation:\n<ul>\n<li>r\u00e9seau \u00e9lectrique<\/li>\n<li>Batterie<\/li>\n<\/ul>\n<\/li>\n<li>Capacit\u00e9 de la batterie: 20000 mAh<\/li>\n<li>vitesse: 25 km\/h<\/li>\n<\/ul>\n<p>Informations importantes: Si la marque n&#8217;a pas immatricul\u00e9 la trotinette, le propi\u00e9taire devra passer le ITV ou le T\u00dbV pour obtenir un &#8220;EBE&#8221; ou un permis de circulation individuel.<\/p>","protected":false},"excerpt":{"rendered":"<p>Si vous \u00eates \u00e0 la recherche de nouvelles tendances sur le march\u00e9, nous vous pr\u00e9sentons Trottinette \u00c9lectrique Smartgyro SG27-555 ! Le Smartgyro SG27-555 est une trottinette \u00e9lectrique con\u00e7ue pour offrir un \u00e9quilibre entre puissance, autonomie et fonctionnalit\u00e9 pour les d\u00e9placements urbains et de loisirs. Ce mod\u00e8le int\u00e8gre un moteur d\u2019une puissance solide de 1000 W, [&hellip;]<\/p>\n","protected":false},"featured_media":62419,"comment_status":"open","ping_status":"closed","template":"","meta":[],"product_brand":[1228],"product_cat":[609,65,1146],"product_tag":[163],"class_list":{"0":"post-62420","1":"product","2":"type-product","3":"status-publish","4":"has-post-thumbnail","6":"product_brand-brandp_5033","7":"product_cat-electronique-jouets-electroniques","8":"product_cat-informatique-electronique","9":"product_cat-trottinettes-electriques","10":"product_tag-tag_17","12":"first","13":"instock","14":"taxable","15":"shipping-taxable","16":"purchasable","17":"product-type-simple"},"_links":{"self":[{"href":"https:\/\/bigbuy.tupique.com\/es\/wp-json\/wp\/v2\/product\/62420","targetHints":{"allow":["GET"]}}],"collection":[{"href":"https:\/\/bigbuy.tupique.com\/es\/wp-json\/wp\/v2\/product"}],"about":[{"href":"https:\/\/bigbuy.tupique.com\/es\/wp-json\/wp\/v2\/types\/product"}],"replies":[{"embeddable":true,"href":"https:\/\/bigbuy.tupique.com\/es\/wp-json\/wp\/v2\/comments?post=62420"}],"wp:featuredmedia":[{"embeddable":true,"href":"https:\/\/bigbuy.tupique.com\/es\/wp-json\/wp\/v2\/media\/62419"}],"wp:attachment":[{"href":"https:\/\/bigbuy.tupique.com\/es\/wp-json\/wp\/v2\/media?parent=62420"}],"wp:term":[{"taxonomy":"product_brand","embeddable":true,"href":"https:\/\/bigbuy.tupique.com\/es\/wp-json\/wp\/v2\/product_brand?post=62420"},{"taxonomy":"product_cat","embeddable":true,"href":"https:\/\/bigbuy.tupique.com\/es\/wp-json\/wp\/v2\/product_cat?post=62420"},{"taxonomy":"product_tag","embeddable":true,"href":"https:\/\/bigbuy.tupique.com\/es\/wp-json\/wp\/v2\/product_tag?post=62420"}],"curies":[{"name":"wp","href":"https:\/\/api.w.org\/{rel}","templated":true}]}}