{"id":62310,"date":"2026-04-01T16:56:39","date_gmt":"2026-04-01T15:56:39","guid":{"rendered":"https:\/\/bigbuy.tupique.com\/produto\/mens-watch-polar-900110287-grey-139\/"},"modified":"2026-04-15T03:33:21","modified_gmt":"2026-04-15T02:33:21","slug":"mens-watch-polar-900110287-grey-139","status":"publish","type":"product","link":"https:\/\/bigbuy.tupique.com\/es\/produto\/mens-watch-polar-900110287-grey-139\/","title":{"rendered":"Montre Homme Polar 900110287 Gris 1,39&#8243;"},"content":{"rendered":"<p>Si vous \u00eates passionn\u00e9 d&#8217;<b>informatique et d&#8217;\u00e9lectronique<\/b>, si vous \u00eates \u00e0 la pointe de la technologie et qu&#8217;aucun d\u00e9tail ne vous \u00e9chappe, achetez <b>Montre Homme Polar 900110287 Gris 1,39&#8243;<\/b> au meilleur prix.<\/p>\n<ul>\n<li>Genre: Homme<\/li>\n<li>Type: Montre-bracelet<\/li>\n<li>Liens suppl\u00e9mentaires: Non<\/li>\n<li>Type de montre: Montre-bracelet<\/li>\n<li>Couleur: Gris<\/li>\n<li>Mati\u00e8re:\n<ul>\n<li>verre<\/li>\n<li>Acier inoxydable<\/li>\n<\/ul>\n<\/li>\n<li>Caract\u00e9ristiques:\n<ul>\n<li>Acc\u00e9l\u00e9rom\u00e8tre<\/li>\n<li>Barom\u00e8tre<\/li>\n<li>Ecran tactile<\/li>\n<li>Capteur de lumi\u00e8re ambiante<\/li>\n<li>Altim\u00e8tre<\/li>\n<li>Alarme<\/li>\n<li>Chronom\u00e8tre<\/li>\n<li>Activation vocale<\/li>\n<\/ul>\n<\/li>\n<li>Connexions:\n<ul>\n<li>USB<\/li>\n<li>USB-C<\/li>\n<\/ul>\n<\/li>\n<li>Type de batterie: Int\u00e9gr\u00e9e<\/li>\n<li>Connectivit\u00e9:\n<ul>\n<li>Bluetooth<\/li>\n<li>GPS<\/li>\n<li>Glonass<\/li>\n<li>BeiDou<\/li>\n<li>Galileo<\/li>\n<li>Bluetooth 5.1<\/li>\n<\/ul>\n<\/li>\n<li>M\u00e9moire interne: 32 GB<\/li>\n<li>Couleur du bracelet: Gris<\/li>\n<li>Forme: Rond<\/li>\n<li>Ecran: 1,39&#8243;<\/li>\n<li>Fonctions: Moniteur de Sommeil<\/li>\n<li>Technologie: AMOLED<\/li>\n<li>R\u00e9solution: 454 x 454 px<\/li>\n<li>Fonctionne \u00e0 piles: 1 Pol\u00edmero de litio<\/li>\n<li>R\u00e9sistant \u00e0 l&#8217;eau: 10 atm<\/li>\n<\/ul>","protected":false},"excerpt":{"rendered":"<p>Si vous \u00eates passionn\u00e9 d&#8217;informatique et d&#8217;\u00e9lectronique, si vous \u00eates \u00e0 la pointe de la technologie et qu&#8217;aucun d\u00e9tail ne vous \u00e9chappe, achetez Montre Homme Polar 900110287 Gris 1,39&#8243; au meilleur prix. Genre: Homme Type: Montre-bracelet Liens suppl\u00e9mentaires: Non Type de montre: Montre-bracelet Couleur: Gris Mati\u00e8re: verre Acier inoxydable Caract\u00e9ristiques: Acc\u00e9l\u00e9rom\u00e8tre Barom\u00e8tre Ecran tactile Capteur [&hellip;]<\/p>\n","protected":false},"featured_media":62304,"comment_status":"open","ping_status":"closed","template":"","meta":[],"product_brand":[178],"product_cat":[575,65,748],"product_tag":[103,566,106],"class_list":{"0":"post-62310","1":"product","2":"type-product","3":"status-publish","4":"has-post-thumbnail","6":"product_brand-brandp_5019","7":"product_cat-electronique-telephonie-et-tablettes","8":"product_cat-informatique-electronique","9":"product_cat-smartwatches","10":"product_tag-tag_1261","11":"product_tag-tag_547","12":"product_tag-tag_1295","14":"first","15":"instock","16":"taxable","17":"shipping-taxable","18":"purchasable","19":"product-type-simple"},"_links":{"self":[{"href":"https:\/\/bigbuy.tupique.com\/es\/wp-json\/wp\/v2\/product\/62310","targetHints":{"allow":["GET"]}}],"collection":[{"href":"https:\/\/bigbuy.tupique.com\/es\/wp-json\/wp\/v2\/product"}],"about":[{"href":"https:\/\/bigbuy.tupique.com\/es\/wp-json\/wp\/v2\/types\/product"}],"replies":[{"embeddable":true,"href":"https:\/\/bigbuy.tupique.com\/es\/wp-json\/wp\/v2\/comments?post=62310"}],"wp:featuredmedia":[{"embeddable":true,"href":"https:\/\/bigbuy.tupique.com\/es\/wp-json\/wp\/v2\/media\/62304"}],"wp:attachment":[{"href":"https:\/\/bigbuy.tupique.com\/es\/wp-json\/wp\/v2\/media?parent=62310"}],"wp:term":[{"taxonomy":"product_brand","embeddable":true,"href":"https:\/\/bigbuy.tupique.com\/es\/wp-json\/wp\/v2\/product_brand?post=62310"},{"taxonomy":"product_cat","embeddable":true,"href":"https:\/\/bigbuy.tupique.com\/es\/wp-json\/wp\/v2\/product_cat?post=62310"},{"taxonomy":"product_tag","embeddable":true,"href":"https:\/\/bigbuy.tupique.com\/es\/wp-json\/wp\/v2\/product_tag?post=62310"}],"curies":[{"name":"wp","href":"https:\/\/api.w.org\/{rel}","templated":true}]}}