{"id":62282,"date":"2026-04-01T16:56:01","date_gmt":"2026-04-01T15:56:01","guid":{"rendered":"https:\/\/bigbuy.tupique.com\/produto\/microwave-with-grill-balay-3cg4175g3-900-w\/"},"modified":"2026-05-11T19:56:50","modified_gmt":"2026-05-11T17:56:50","slug":"microwave-with-grill-balay-3cg4175g3-900-w","status":"publish","type":"product","link":"https:\/\/bigbuy.tupique.com\/es\/produto\/microwave-with-grill-balay-3cg4175g3-900-w\/","title":{"rendered":"Micro-ondes avec Gril Balay 3CG4175G3 900 W"},"content":{"rendered":"<p>Si vous recherchez des \u00e9lectrom\u00e9nagers pour votre maison aux meilleurs prix, ne manquez pas <b>Micro-ondes avec Gril Balay 3CG4175G3 900 W<\/b> et une large s\u00e9lection de petits \u00e9lectrom\u00e9nagers de qualit\u00e9 !<\/p>\n<p>Le <b>micro-ondes avec grill Balay 3CG4175G3<\/b> est un appareil con\u00e7u pour s\u2019int\u00e9grer discr\u00e8tement dans les cuisines modernes gr\u00e2ce \u00e0 sa <b>couleur graphite<\/b> et sa <b>finition en acier inoxydable<\/b>, apportant une touche \u00e9l\u00e9gante et r\u00e9sistante. Avec une <b>capacit\u00e9 int\u00e9rieure de 25 litres<\/b>, il offre suffisamment d\u2019espace pour r\u00e9chauffer ou pr\u00e9parer plusieurs portions, adapt\u00e9 aux familles ou aux utilisateurs recherchant polyvalence en cuisine. Ce mod\u00e8le dispose d\u2019une <b>puissance micro-ondes de 900 W<\/b>, garantissant une cuisson rapide et uniforme, tandis que sa <b>fonction grill<\/b> avec une <b>puissance de 1200 W<\/b> permet de dorer et gratiner les aliments, offrant des r\u00e9sultats professionnels au quotidien. Il propose <b>cinq niveaux de puissance<\/b> pour ajuster l\u2019intensit\u00e9 selon le type d\u2019aliment et le mode de cuisson requis. Son <b>contr\u00f4le tactile<\/b> et son <b>\u00e9cran int\u00e9gr\u00e9<\/b> facilitent la programmation et une utilisation intuitive, optimisant l\u2019exp\u00e9rience sans complication. Le mode <b>d\u2019installation encastrable<\/b> fait de ce micro-ondes une solution id\u00e9ale pour ceux qui souhaitent une int\u00e9gration parfaite dans les meubles de cuisine, maximisant l\u2019espace utile tout en conservant une esth\u00e9tique homog\u00e8ne. Bien qu\u2019il ne dispose pas de fonction cuisson vapeur, ce micro-ondes allie efficacit\u00e9 et fonctionnalit\u00e9 pour les t\u00e2ches quotidiennes de r\u00e9chauffage, d\u00e9cong\u00e9lation et gratinage avec des r\u00e9sultats fiables et r\u00e9guliers. En r\u00e9sum\u00e9, le Balay 3CG4175G3 est une solution \u00e9quilibr\u00e9e pour ceux qui recherchent un micro-ondes de qualit\u00e9 avec grill, polyvalent et aux finitions soign\u00e9es, adapt\u00e9 \u00e0 un environnement domestique contemporain.<\/p>\n<ul>\n<li>Type d&#8217;installation: Int\u00e9grable<\/li>\n<li>Produit \u00e0 brancher: Oui<\/li>\n<li>Type de prise: Prise EU<\/li>\n<li>Type: Micro-ondes avec Gril<\/li>\n<li>Bloc d\u2019Alimentation: r\u00e9seau \u00e9lectrique<\/li>\n<li>Couleur: Graphite<\/li>\n<li>Mati\u00e8re: Acier inoxydable<\/li>\n<li>Caract\u00e9ristiques:\n<ul>\n<li>Lumi\u00e8re int\u00e9rieure<\/li>\n<li>Fonction de d\u00e9givrage<\/li>\n<li>\u00c9cran integr\u00e9<\/li>\n<li>5 niveaux<\/li>\n<li>Commande tactile<\/li>\n<\/ul>\n<\/li>\n<li>puissance: 900 W<\/li>\n<\/ul>","protected":false},"excerpt":{"rendered":"<p>Si vous recherchez des \u00e9lectrom\u00e9nagers pour votre maison aux meilleurs prix, ne manquez pas Micro-ondes avec Gril Balay 3CG4175G3 900 W et une large s\u00e9lection de petits \u00e9lectrom\u00e9nagers de qualit\u00e9 ! Le micro-ondes avec grill Balay 3CG4175G3 est un appareil con\u00e7u pour s\u2019int\u00e9grer discr\u00e8tement dans les cuisines modernes gr\u00e2ce \u00e0 sa couleur graphite et sa [&hellip;]<\/p>\n","protected":false},"featured_media":62281,"comment_status":"open","ping_status":"closed","template":"","meta":[],"product_brand":[114],"product_cat":[60,727,77],"product_tag":[55,56],"class_list":{"0":"post-62282","1":"product","2":"type-product","3":"status-publish","4":"has-post-thumbnail","6":"product_brand-brandp_1251","7":"product_cat-cuisine-gourmet","8":"product_cat-micro-ondes","9":"product_cat-petit-electromenager","10":"product_tag-tag_926","11":"product_tag-tag_930","13":"first","14":"instock","15":"taxable","16":"shipping-taxable","17":"purchasable","18":"product-type-simple"},"_links":{"self":[{"href":"https:\/\/bigbuy.tupique.com\/es\/wp-json\/wp\/v2\/product\/62282","targetHints":{"allow":["GET"]}}],"collection":[{"href":"https:\/\/bigbuy.tupique.com\/es\/wp-json\/wp\/v2\/product"}],"about":[{"href":"https:\/\/bigbuy.tupique.com\/es\/wp-json\/wp\/v2\/types\/product"}],"replies":[{"embeddable":true,"href":"https:\/\/bigbuy.tupique.com\/es\/wp-json\/wp\/v2\/comments?post=62282"}],"wp:featuredmedia":[{"embeddable":true,"href":"https:\/\/bigbuy.tupique.com\/es\/wp-json\/wp\/v2\/media\/62281"}],"wp:attachment":[{"href":"https:\/\/bigbuy.tupique.com\/es\/wp-json\/wp\/v2\/media?parent=62282"}],"wp:term":[{"taxonomy":"product_brand","embeddable":true,"href":"https:\/\/bigbuy.tupique.com\/es\/wp-json\/wp\/v2\/product_brand?post=62282"},{"taxonomy":"product_cat","embeddable":true,"href":"https:\/\/bigbuy.tupique.com\/es\/wp-json\/wp\/v2\/product_cat?post=62282"},{"taxonomy":"product_tag","embeddable":true,"href":"https:\/\/bigbuy.tupique.com\/es\/wp-json\/wp\/v2\/product_tag?post=62282"}],"curies":[{"name":"wp","href":"https:\/\/api.w.org\/{rel}","templated":true}]}}